{"id":999,"date":"2020-03-29T11:02:55","date_gmt":"2020-03-29T10:02:55","guid":{"rendered":"https:\/\/neguj.se\/trgovina\/?post_type=product&#038;p=999"},"modified":"2021-12-13T21:59:13","modified_gmt":"2021-12-13T20:59:13","slug":"gel-proti-kolobarjem-zabuhlosti-gubicam-okoli-oci","status":"publish","type":"product","link":"https:\/\/neguj.se\/trgovina\/izdelek\/gel-proti-kolobarjem-zabuhlosti-gubicam-okoli-oci\/","title":{"rendered":"Gel proti kolobarjem, zabuhlosti in glajenju gubic okoli o\u010di po 35. letu"},"content":{"rendered":"<div id=\"tab-0-2451\" class=\"tab-pane fade active in\">\n<div class=\"product-description\">\n<h2><strong>HYA 4 Bright Eyes 360<br \/>\ngel proti kolobarjem okoli o\u010di<\/strong><\/h2>\n<p><strong>OPIS<\/strong><\/p>\n<p>Popolna intenzivna nega za predel okoli o\u010di. Prvi\u010d s kozmeti\u010dno aktivno sestavino, ki zagotavlja senzacionalne rezultate pri bla\u017eenju pove\u0161enih vek. Vsebuje kar 3 kozmeti\u010dno aktivne sestavine proti zabuhlosti in kolobarjem okrog o\u010di. Neprekosljiva kombinacija kozmeti\u010dno aktivnih sestavin!<\/p>\n<p><strong>SESTAVINE<\/strong><\/p>\n<p>AQUA, GLYCERIN, NIACINAMIDE, BUTYLENE GLYCOL, SODIUM HYALURON- ATE, PENTYLENE GLYCOL, PROPANEDIOL, ALBIZIA JULIBRISSIN BARK EXTRACT, 1,2-HEXANEDIOL, TROXERUTIN, CENTELLA ASIATICA LEAF EXTRACT, CAPRYLHY- DROXAMIC ACID, XANTHAN GUM, ACETYLTETRAPEPTIDE-5, DARUTOSIDE<\/p>\n<p><strong>UPPORABA<\/strong><\/p>\n<p>Blago rumen gel HYA 4 nanesite ve\u010dkrat dnevno na predelu okrog o\u010di in vek. Izjemno u\u010dinkovit gel, ki ne iritira o\u010di.<\/p>\n<p>HYA 4 Bright eyes 360 je primeren za vse tipe ko\u017ee.<\/p>\n<\/div>\n<\/div>\n","protected":false},"excerpt":{"rendered":"<p>Intenzivna popolna oskrba predela okrog o\u010di.<\/p>\n<p>Vsebuje kar 3 kozmeti\u010dno aktivne sestavine proti zabuhlosti in kolobarjem okrog o\u010di.<br \/>\nBrez konzervansov.<\/p>\n","protected":false},"featured_media":1000,"comment_status":"open","ping_status":"closed","template":"","meta":[],"product_brand":[],"product_cat":[70,34],"product_tag":[115,111,113,112,114],"class_list":{"0":"post-999","1":"product","2":"type-product","3":"status-publish","4":"has-post-thumbnail","6":"product_cat-dr-e-voss","7":"product_cat-negovalna-kozmetika","8":"product_tag-gel-proti-gubam","9":"product_tag-kolobarji","10":"product_tag-povesene-veke","11":"product_tag-temni-kolobarji","12":"product_tag-zabuhlost","14":"first","15":"instock","16":"taxable","17":"shipping-taxable","18":"purchasable","19":"product-type-variable","20":"has-default-attributes"},"_links":{"self":[{"href":"https:\/\/neguj.se\/trgovina\/wp-json\/wp\/v2\/product\/999"}],"collection":[{"href":"https:\/\/neguj.se\/trgovina\/wp-json\/wp\/v2\/product"}],"about":[{"href":"https:\/\/neguj.se\/trgovina\/wp-json\/wp\/v2\/types\/product"}],"replies":[{"embeddable":true,"href":"https:\/\/neguj.se\/trgovina\/wp-json\/wp\/v2\/comments?post=999"}],"wp:featuredmedia":[{"embeddable":true,"href":"https:\/\/neguj.se\/trgovina\/wp-json\/wp\/v2\/media\/1000"}],"wp:attachment":[{"href":"https:\/\/neguj.se\/trgovina\/wp-json\/wp\/v2\/media?parent=999"}],"wp:term":[{"taxonomy":"product_brand","embeddable":true,"href":"https:\/\/neguj.se\/trgovina\/wp-json\/wp\/v2\/product_brand?post=999"},{"taxonomy":"product_cat","embeddable":true,"href":"https:\/\/neguj.se\/trgovina\/wp-json\/wp\/v2\/product_cat?post=999"},{"taxonomy":"product_tag","embeddable":true,"href":"https:\/\/neguj.se\/trgovina\/wp-json\/wp\/v2\/product_tag?post=999"}],"curies":[{"name":"wp","href":"https:\/\/api.w.org\/{rel}","templated":true}]}}