{"id":985,"date":"2020-03-28T20:54:55","date_gmt":"2020-03-28T19:54:55","guid":{"rendered":"https:\/\/neguj.se\/trgovina\/?post_type=product&#038;p=985"},"modified":"2024-09-18T19:03:36","modified_gmt":"2024-09-18T18:03:36","slug":"gel-proti-aknam-hya4-aknex","status":"publish","type":"product","link":"https:\/\/neguj.se\/trgovina\/izdelek\/gel-proti-aknam-hya4-aknex\/","title":{"rendered":"Gel proti aknam HYA4 Aknex"},"content":{"rendered":"<div id=\"tab-0-2455\" class=\"tab-pane fade active in\">\n<div class=\"product-description\">\n<h2>Gel proti aknam<\/h2>\n<p>&nbsp;<\/p>\n<p><strong>PODROBNOSTI O IZDELKU<\/strong><\/p>\n<p>Ta hialuronski <strong>gel proti aknam<\/strong> brez konzervansov, ki ne vsebuje konzervansov odpravlja te\u017eavo na ve\u010d podro\u010djih. Hormonsko ravnovesje ko\u017ee izbolj\u0161a z <a href=\"http:\/\/www.neguj.se\">ma\u0161\u010dobnimi kislinami<\/a> (alfa dehidrogenazni zaviralec oleinske ma\u0161\u010dobne kisline), NDGA pa uravnava epidermalno keratinizacijo. Visok odmerek vitamina B3 (niacinamid) deluje sebostati\u010dno, hkrati deluje protivnetno.<\/p>\n<p>Podobno delujejo provitamin B5 (pantenol), aktivna sestavina madecassoside (\u010dista, iz rastlinskega izvle\u010dka Azijskega vodnega popnjaka &#8211; Centella asiatica) ter zelo u\u010dinkovita in pomirjujo\u010da kozmeti\u010dno aktivna sestavina iz ovsa (dihidrovenantamid). Proteoliti\u010dni encim papain u\u010dinkovito odstranjuje odmrle celice poro\u017eenele plasti epidermisa (stratum corneum). S tem se zmanj\u0161a zastajanje sebuma v foliklih, onemogo\u010di se razmno\u017eevanje bakterij P. Acnes in prepre\u010di vnetni proces. Tako se so\u010dasno spopadamo s \u0161tirimi glavnimi vzroki za <a href=\"https:\/\/www.gorenjske-lekarne.si\/svetovanje-clanek\/akne\" target=\"_blank\" rel=\"noopener\">nastanek aken<\/a> in pove\u010damo u\u010dinkovitost delovanja vsakega posameznega mehanizma.<\/p>\n<p>&nbsp;<\/p>\n<p><strong>SESTAVINE:<\/strong><\/p>\n<p>AQUA, BUTYLENE GLYCOL, NIACINAMIDE, PANTHENOL, SODIUM HYALURONATE, CAPRYLYL GLYCOL, MADECASSOSIDE, 1,2 HEXANEDIOL, PEG-60 ALMOND GLYCERIDES, GLYCERIN, PENTYLENE GLYCOL, HYDROXYPHENYL PROPAMIDOBENZOIC ACID, PAPAIN\/CARBOMER COPOLYMER, TROPOLONE, CARBOMER, NORDIHYDROGUAIARETIC ACID, OLEANOLIC ACID, ALGIN<\/p>\n<p><strong>UPORABA:<\/strong><\/p>\n<p>Ko\u017eo skrbno o\u010distite s \u010distilnim izdelkom, nato ve\u010dkrat nanesite izdatno koli\u010dino. Pri aknasti ko\u017ei mladostnikov je priporo\u010dena so\u010dasna uporaba LIA C 6\u00ae Fluid, LIA C 6\u00ae Young ali LIA C 6\u00ae 24H.<\/p>\n<p>Pomembno: So\u010dasna uporaba drugih kozmeti\u010dnih izdelkov je odsvetovana.<\/p>\n<p><strong>Pakiranje<\/strong>: 15ml in 30ml<\/p>\n<\/div>\n<\/div>\n","protected":false},"excerpt":{"rendered":"<p>Visoko u\u010dinkovit hialuronski <strong>gel proti aknam<\/strong> namenjen negi ne\u010diste ko\u017ee.<\/p>\n<p>Hitro delovanje.<\/p>\n<p>Brez barvil, di\u0161av in konzervansov.<\/p>\n","protected":false},"featured_media":986,"comment_status":"open","ping_status":"closed","template":"","meta":[],"product_brand":[],"product_cat":[70,34],"product_tag":[100,102,101,103],"class_list":{"0":"post-985","1":"product","2":"type-product","3":"status-publish","4":"has-post-thumbnail","6":"product_cat-dr-e-voss","7":"product_cat-negovalna-kozmetika","8":"product_tag-gel-proti-aknam","9":"product_tag-gel-proti-mozoljem","10":"product_tag-mozolji","11":"product_tag-necista-koza","13":"first","14":"instock","15":"taxable","16":"shipping-taxable","17":"purchasable","18":"product-type-variable"},"_links":{"self":[{"href":"https:\/\/neguj.se\/trgovina\/wp-json\/wp\/v2\/product\/985"}],"collection":[{"href":"https:\/\/neguj.se\/trgovina\/wp-json\/wp\/v2\/product"}],"about":[{"href":"https:\/\/neguj.se\/trgovina\/wp-json\/wp\/v2\/types\/product"}],"replies":[{"embeddable":true,"href":"https:\/\/neguj.se\/trgovina\/wp-json\/wp\/v2\/comments?post=985"}],"wp:featuredmedia":[{"embeddable":true,"href":"https:\/\/neguj.se\/trgovina\/wp-json\/wp\/v2\/media\/986"}],"wp:attachment":[{"href":"https:\/\/neguj.se\/trgovina\/wp-json\/wp\/v2\/media?parent=985"}],"wp:term":[{"taxonomy":"product_brand","embeddable":true,"href":"https:\/\/neguj.se\/trgovina\/wp-json\/wp\/v2\/product_brand?post=985"},{"taxonomy":"product_cat","embeddable":true,"href":"https:\/\/neguj.se\/trgovina\/wp-json\/wp\/v2\/product_cat?post=985"},{"taxonomy":"product_tag","embeddable":true,"href":"https:\/\/neguj.se\/trgovina\/wp-json\/wp\/v2\/product_tag?post=985"}],"curies":[{"name":"wp","href":"https:\/\/api.w.org\/{rel}","templated":true}]}}