{"id":963,"date":"2020-03-28T18:35:15","date_gmt":"2020-03-28T17:35:15","guid":{"rendered":"https:\/\/neguj.se\/trgovina\/?post_type=product&#038;p=963"},"modified":"2026-04-01T19:33:03","modified_gmt":"2026-04-01T18:33:03","slug":"stik-za-razpokano-kozo-in-otiscance","status":"publish","type":"product","link":"https:\/\/neguj.se\/trgovina\/izdelek\/stik-za-razpokano-kozo-in-otiscance\/","title":{"rendered":"Stik za razpokano ko\u017eo in oti\u0161\u010dance"},"content":{"rendered":"<p>Peclavus\u00ae PODOcare stik za oti\u0161\u010dance: Enostavna uporaba \u2013 velika u\u010dinkovitost.<\/p>\n<p>Oboje govori v prid tej palici z biolo\u0161kim karitejevim maslom, ki biolo\u0161kim oljem jojobe, ki zadr\u017euje vlago in biolo\u0161kim \u010debeljim voskom, ki \u0161\u010diti ko\u017eo.<br \/>\nIdealno za zelo suho in razpokano ko\u017eo, razpokline, ragade in podobne ko\u017ene te\u017eave.<br \/>\nOdli\u010dno za na pot. Brez parafinskih olj.<\/p>\n<p>Uporaba: Po potrebi ve\u010dkrat dnevno povlecite po suhi ko\u017ei, pustite delovati kratek \u010das ali pa vtrite v ko\u017eo.<\/p>\n<p>Pakiranje: 23g<\/p>\n<hr \/>\n<p><strong>Sestavine:<\/strong><\/p>\n<p>RICINUS COMMUNIS SEED OIL*, BUTYROSPERMUM PARKII BUTTER*, COPERNICIA CERIFERA CERA, SIMMONDSIA CHINENSIS SEED OIL*, CERA ALBA*, DISTARCH PHOSPHATE, GLYCERYL LINOLEATE, LAVANDULA ANGUSTIFOLIA OIL*, TOCOPHEROL, HELIANTHUS ANNUUS SEED OIL, GLYCERYL LINOLENATE, BISABOLOL, GERANIOL, LIMONENE, LINALOOL * kontrolliert biologischer Anbau \/ certified organic<\/p>\n","protected":false},"excerpt":{"rendered":"<p>Peclavus\u00ae PODOcare stik za oti\u0161\u010dance: Enostavna uporaba \u2013 velika u\u010dinkovitost. Oboje govori v prid tej palici z biolo\u0161kim karitejevim maslom,&#8230;<\/p>\n","protected":false},"featured_media":964,"comment_status":"open","ping_status":"closed","template":"","meta":[],"product_brand":[],"product_cat":[268],"product_tag":[91,88,90,89],"class_list":{"0":"post-963","1":"product","2":"type-product","3":"status-publish","4":"has-post-thumbnail","6":"product_cat-peclavus","7":"product_tag-peclavus","8":"product_tag-stik","9":"product_tag-stik-za-otiscance","10":"product_tag-stik-za-razpokano-koze","12":"first","13":"instock","14":"taxable","15":"shipping-taxable","16":"purchasable","17":"product-type-simple"},"_links":{"self":[{"href":"https:\/\/neguj.se\/trgovina\/wp-json\/wp\/v2\/product\/963"}],"collection":[{"href":"https:\/\/neguj.se\/trgovina\/wp-json\/wp\/v2\/product"}],"about":[{"href":"https:\/\/neguj.se\/trgovina\/wp-json\/wp\/v2\/types\/product"}],"replies":[{"embeddable":true,"href":"https:\/\/neguj.se\/trgovina\/wp-json\/wp\/v2\/comments?post=963"}],"wp:featuredmedia":[{"embeddable":true,"href":"https:\/\/neguj.se\/trgovina\/wp-json\/wp\/v2\/media\/964"}],"wp:attachment":[{"href":"https:\/\/neguj.se\/trgovina\/wp-json\/wp\/v2\/media?parent=963"}],"wp:term":[{"taxonomy":"product_brand","embeddable":true,"href":"https:\/\/neguj.se\/trgovina\/wp-json\/wp\/v2\/product_brand?post=963"},{"taxonomy":"product_cat","embeddable":true,"href":"https:\/\/neguj.se\/trgovina\/wp-json\/wp\/v2\/product_cat?post=963"},{"taxonomy":"product_tag","embeddable":true,"href":"https:\/\/neguj.se\/trgovina\/wp-json\/wp\/v2\/product_tag?post=963"}],"curies":[{"name":"wp","href":"https:\/\/api.w.org\/{rel}","templated":true}]}}