{"id":959,"date":"2020-03-28T17:58:41","date_gmt":"2020-03-28T16:58:41","guid":{"rendered":"https:\/\/neguj.se\/trgovina\/?post_type=product&#038;p=959"},"modified":"2022-09-03T16:09:49","modified_gmt":"2022-09-03T15:09:49","slug":"serum-za-rast-trepalnic","status":"publish","type":"product","link":"https:\/\/neguj.se\/trgovina\/izdelek\/serum-za-rast-trepalnic\/","title":{"rendered":"Serum za rast trepalnic in obrvi AMPLIFEYE\u00ae"},"content":{"rendered":"<div class=\"short-description\">\n<h2>Serum za rast trepalnic<\/h2>\n<p><strong>Serum za rast trepalnic<\/strong> in obrvi Amplifeye\u00ae izkori\u0161\u010da mo\u010d obnovljivega kompleksa Amplifeye Renewal ComplexTM, ki vsebuje z aminokislinami bogate liposome z inkapsuliranimi peptidi.\u00a0<strong>Vsebuje visoko koncentracijo z aminokislinami bogatih peptidov, ki povi\u0161ajo raven aminokislin na ravni folikla ter tako opazno negujejo trepalnice in obrvi.<\/strong><\/p>\n<h3>Serum za rast trepalnic in obrvi mora v kozmeti\u010dno torbico<\/h3>\n<p>U\u010dinkovito deluje v vseh treh fazah rasti trepalnic in obrvi. <strong>Njegova klini\u010dno potrjena formula izbolj\u0161a va\u0161e naravne trepalnice in obrvi ter zagotavlja dramati\u010dne rezultate.<\/strong> Trepalnice in obrvi bodo videti dalj\u0161e in gostej\u0161e, oko pa bo ve\u010dje, bolj odprto in posledi\u010dno pomlajeno.<\/p>\n<p><strong>Izdelek je hipoalergen in ne vsebuje prostaglandinov, zdravil, di\u0161av in barvil.\u00a0<\/strong>Izdelek je kompatibilen s podalj\u0161animi trepalnicami.<\/p>\n<hr \/>\n<h3><strong>Sestava artikla:<\/strong><\/h3>\n<p>Arginine, Bifida Ferment Lysate, Chlorophyllin-Copper Complex, Glycerin, Lecithin, Polyglyceryl-10 Laurate, Propylene Glycol, Saccharum Officinarum (Sugar Cane) Extract, Acanthopanax Senticosus (Eleuthero) Root Extract, Apigenin, Betaine, Biotinoyl Tripeptide-1, Camellia Sinensis (Green Tea) Leaf Extract, Hexapeptide-11, Chondrus Crispus (Carrageenan), Hexylene Glycol, Oleanolic Acid, Peg-40 Hydrogenated Castor Oil, Ppg-26-Buteth-26, Pyrus Malus (Apple) Fruit Extract, Phenoxyethanol, Borago Officinalis Extract, Hamamelis Virginiana (Witch Hazel) Extract, Oenothera Biennis (Evening Primrose) Extract, Rosmarinus Officinalis (Rosemary) Leaf Extract, Serenoa Serrulata Fruit Extract, Urtica Dioica (Nettle) Extract, Xanthan Gum, Acrylates\/C10-30 Alkyl Acrylate Crosspolymer, Caprylyl Glycol, Hydrolyzed Glycosaminoglycans, Linoleamidopropyl Pg-Dimonium Chloride Phosphate, Panthenol, Tocopheryl, Acetate, Triethanolamine, Methylisothiazolinone, Methylparaben.<\/p>\n<hr \/>\n<h3><strong>Navodila:<\/strong><\/h3>\n<p>Za najbolj\u0161e rezultate pred vsakim nanosom temeljito o\u010distite in izperite predel okoli o\u010di ter ga osu\u0161ite.<\/p>\n<p>Nanesite vsako no\u010d pred spanjem. Za hitrej\u0161e rezultate izdelek uporabite tudi vsako jutro.<\/p>\n<p>Po vsaki uporabi varno namestite pokrov\u010dek.<\/p>\n<p>Navodila za nana\u0161anje na trepalnice: Nanesite tako na zgornje kot spodnje trepalnice (nanesite ob korenu trepalnic &#8211; kot pri uporabi \u010drtala za o\u010di).<\/p>\n<p>Navodila za nana\u0161anje na obrvi: izdelek nanesite s kratkimi gibi, ob tem pa ga vtirajte v korenine obrvi.<\/p>\n<\/div>\n","protected":false},"excerpt":{"rendered":"<p>Edinstven izdelek za spodbujanje rasti trepalnic in obrvi \u2013 5ml.<\/p>\n","protected":false},"featured_media":960,"comment_status":"open","ping_status":"closed","template":"","meta":[],"product_brand":[],"product_cat":[43],"product_tag":[78,80,79,82,81],"class_list":{"0":"post-959","1":"product","2":"type-product","3":"status-publish","4":"has-post-thumbnail","6":"product_cat-ostalo","7":"product_tag-serum","8":"product_tag-serum-za-rast-obrvi","9":"product_tag-serum-za-rast-trepalnic","10":"product_tag-xtreme-lashes","11":"product_tag-xtreme-lashes-serum","13":"first","14":"instock","15":"taxable","16":"shipping-taxable","17":"purchasable","18":"product-type-simple"},"_links":{"self":[{"href":"https:\/\/neguj.se\/trgovina\/wp-json\/wp\/v2\/product\/959"}],"collection":[{"href":"https:\/\/neguj.se\/trgovina\/wp-json\/wp\/v2\/product"}],"about":[{"href":"https:\/\/neguj.se\/trgovina\/wp-json\/wp\/v2\/types\/product"}],"replies":[{"embeddable":true,"href":"https:\/\/neguj.se\/trgovina\/wp-json\/wp\/v2\/comments?post=959"}],"wp:featuredmedia":[{"embeddable":true,"href":"https:\/\/neguj.se\/trgovina\/wp-json\/wp\/v2\/media\/960"}],"wp:attachment":[{"href":"https:\/\/neguj.se\/trgovina\/wp-json\/wp\/v2\/media?parent=959"}],"wp:term":[{"taxonomy":"product_brand","embeddable":true,"href":"https:\/\/neguj.se\/trgovina\/wp-json\/wp\/v2\/product_brand?post=959"},{"taxonomy":"product_cat","embeddable":true,"href":"https:\/\/neguj.se\/trgovina\/wp-json\/wp\/v2\/product_cat?post=959"},{"taxonomy":"product_tag","embeddable":true,"href":"https:\/\/neguj.se\/trgovina\/wp-json\/wp\/v2\/product_tag?post=959"}],"curies":[{"name":"wp","href":"https:\/\/api.w.org\/{rel}","templated":true}]}}