{"id":956,"date":"2020-03-28T17:48:13","date_gmt":"2020-03-28T16:48:13","guid":{"rendered":"https:\/\/neguj.se\/trgovina\/?post_type=product&#038;p=956"},"modified":"2023-03-03T14:36:53","modified_gmt":"2023-03-03T13:36:53","slug":"pinceta-za-obrvi-neyes","status":"publish","type":"product","link":"https:\/\/neguj.se\/trgovina\/izdelek\/pinceta-za-obrvi-neyes\/","title":{"rendered":"Pinceta za obrvi Neyes"},"content":{"rendered":"<p>Oblikovanje obrvi s pinceto je ena od bolj priljubljenih metod za dosego oblike popolnih obrvi. \u010ce \u017eelite dose\u010di profesionalne rezultate, priporo\u010damo uporabo blagovne znamke Neyes, ki nudi kakovostne pincete za oblikovanje obrvi brez slabe volje.<\/p>\n<p>Pri <a href=\"https:\/\/neguj.se\/oblikovanje-obrvi\/\">oblikovanju obrvi s pinceto<\/a> je pomembno, da se dr\u017eite nekaj osnovnih korakov. Najprej morate dolo\u010diti obliko, ki ustreza va\u0161emu obrazu. Za za\u010detek oblike obrvi postavite pinceto na stran va\u0161ega nosu in jo usmerite proti sredini va\u0161e obrvi. Tam bi morala biti za\u010detna to\u010dka. Nato postavite pinceto od nosu do zunanje strani o\u010desa, da dolo\u010dite konec obrvi. Za definiranje loka pa postavite pinceto na stran va\u0161ega nosu in jo nato obrnite proti sredini va\u0161e zenice.<\/p>\n<p>Ko ste dolo\u010dili obliko, za\u010dnite z oblikovanjem. Primite dla\u010dico blizu korenine in jo ne\u017eno potegnite ven v smeri rasti dla\u010dice. Za kvalitetne rezultate, izberite pinceto, ki ima dober oprijem in ne po\u0161koduje ko\u017ee okoli obrvi.<\/p>\n<p>Zato priporo\u010damo uporabo pincete Neyes, ki so izdelane iz kakovostnih materialov in imajo ergonomski dizajn za enostavno uporabo. S svojo Neyes pinceto boste lahko enostavno in hitro dosegle popolno obliko obrvi, ki ustreza va\u0161emu obrazu. Le ta ne sme manjkati v va\u0161i kozmeti\u010dni torbici.<\/p>\n<p>\u010ce i\u0161\u010dete kakovostno pinceto za oblikovanje obrvi, izberite Neyes pinceto. Zagotavljam vam, da boste zelo zadovoljni.<\/p>\n<p>&nbsp;<\/p>\n<p>ps. \u010de imate te\u017eave z rastjo obrvi pa se lahko poslu\u017eite <a href=\"https:\/\/neguj.se\/trgovina\/oznaka\/serum-za-rast-obrvi\/\">seruma za rast obrvi<\/a><\/p>\n","protected":false},"excerpt":{"rendered":"<p>Pincete s \u0161tirimi razli\u010dnimi konicami za razli\u010dne naloge, izdelane posebej za natan\u010dna dela pri oblikovanju obrvi.<\/p>\n<p>Pinceta za obrvi \u0161t. <strong>1 &#8211; po\u0161evna konica.<\/strong><\/p>\n","protected":false},"featured_media":957,"comment_status":"open","ping_status":"closed","template":"","meta":[],"product_brand":[],"product_cat":[43],"product_tag":[75,74,77,76],"class_list":{"0":"post-956","1":"product","2":"type-product","3":"status-publish","4":"has-post-thumbnail","6":"product_cat-ostalo","7":"product_tag-neyes","8":"product_tag-pinceta","9":"product_tag-pinceta-za-obrvi","10":"product_tag-posevna-konica","12":"first","13":"instock","14":"taxable","15":"shipping-taxable","16":"purchasable","17":"product-type-simple"},"_links":{"self":[{"href":"https:\/\/neguj.se\/trgovina\/wp-json\/wp\/v2\/product\/956"}],"collection":[{"href":"https:\/\/neguj.se\/trgovina\/wp-json\/wp\/v2\/product"}],"about":[{"href":"https:\/\/neguj.se\/trgovina\/wp-json\/wp\/v2\/types\/product"}],"replies":[{"embeddable":true,"href":"https:\/\/neguj.se\/trgovina\/wp-json\/wp\/v2\/comments?post=956"}],"wp:featuredmedia":[{"embeddable":true,"href":"https:\/\/neguj.se\/trgovina\/wp-json\/wp\/v2\/media\/957"}],"wp:attachment":[{"href":"https:\/\/neguj.se\/trgovina\/wp-json\/wp\/v2\/media?parent=956"}],"wp:term":[{"taxonomy":"product_brand","embeddable":true,"href":"https:\/\/neguj.se\/trgovina\/wp-json\/wp\/v2\/product_brand?post=956"},{"taxonomy":"product_cat","embeddable":true,"href":"https:\/\/neguj.se\/trgovina\/wp-json\/wp\/v2\/product_cat?post=956"},{"taxonomy":"product_tag","embeddable":true,"href":"https:\/\/neguj.se\/trgovina\/wp-json\/wp\/v2\/product_tag?post=956"}],"curies":[{"name":"wp","href":"https:\/\/api.w.org\/{rel}","templated":true}]}}