{"id":955,"date":"2020-03-28T18:24:44","date_gmt":"2020-03-28T17:24:44","guid":{"rendered":"https:\/\/neguj.se\/trgovina\/?post_type=product&#038;p=955"},"modified":"2022-11-27T19:31:24","modified_gmt":"2022-11-27T18:31:24","slug":"krema-za-suho-in-diabeticno-stopalo","status":"publish","type":"product","link":"https:\/\/neguj.se\/trgovina\/izdelek\/krema-za-suho-in-diabeticno-stopalo\/","title":{"rendered":"Krema za suho in diabeti\u010dno stopalo"},"content":{"rendered":"<h2>Peclavus\u00ae PODOdiabetic<br \/>\nKrema za suho diabeti\u010dno stopalo<\/h2>\n<p>Krema za diabeti\u010dno stopala v vsako kozmeti\u010dno omarico. Izdelek, ki ne sme manjkati pri diabeti\u010dnih stopalih. Krema za noge &#8211; urea ima mo\u010dan u\u010dinek takoj\u0161nje pomo\u010di pri suhi ko\u017ei namenjen prav diabeti\u010dnim stopalom. Krema, ki regulira vla\u017enost in vsebuje 10% uree in izvle\u010dka algena, u\u010dinkuje globoko v ko\u017eo in ve\u017ee vlago.<br \/>\nDragoceno olje avokada podpira funkcijo pregrade, ki jo ima ko\u017ea, naravno olje sede\u017eev rakitovca pa spodbuja regeneracijo celic.<\/p>\n<p>Idealno <strong>primerna za diabeti\u010dna stopala in nevrodermitis<\/strong>. Prena\u0161anje ko\u017ee je bilo klini\u010dno presku\u0161eno.<\/p>\n<p><strong>SESTAVINE:<\/strong><\/p>\n<p>AQUA, UREA, CAPRYLIC\/CAPRIC TRIGLYCERIDE, SORBITOL, CETEARYL ALCOHOL, GLYCERYL STEARATE, POLYGLYCERYL-3 METHYLGLUCOSE DISTEARATE, DICAPRYLYL ETHER, GLYCERIN, PENTYLENE GLYCOL, PROPYLENE GLYCOL, FUCUS VESICULOSUS EXTRACT, CARTHAMUS TINCTORIUS SEED OIL, TOCOPHEROL, CERA ALBA, ALLANTOIN, XANTHAN GUM, FARNESOL, PERSEA GRATISSIMA OIL, HIPPOPHAE RHAMNOIDES FRUIT OIL, HELIANTHUS ANNUUS SEED OIL, POLYGLYCERYL-6 CAPRYLATE, POLYGLYCERYL-3 PALMITATE, USNEA BARBATA EXTRACT<\/p>\n<p><strong>UPORABA<\/strong><\/p>\n<p>Enakomerno nanesite in rahlo vtrite zjutraj in zve\u010der, hitro se vpije.<\/p>\n<hr \/>\n<h2>Diabeti\u010dna stopala<\/h2>\n<p>So ob\u010dutljiva in skoraj vedno ekstremno suha &#8211; diabeti\u010dna stopala. Diabetiki lahko trpijo za po\u0161kodbami \u017eivcev, zato je lahko zmanj\u0161an ob\u010dutek bole\u010dine &#8211; npr. pri razpokah na nogah zaradi suhe ko\u017ee. Posledica se lahko izra\u017ea v vnetjih, ki ostanejo pogosto neopa\u017eena. Za prizadete ljudi je zato zelo pomembno, da redno pregledujemo stopala in redno obiskujejo profesionalne kozmeti\u010darke &#8211; pedikerje. Dodatno pa je zelo pomembna nega stopal in nog v doma\u010di oskrbi. Nega brez dra\u017eenja ko\u017ee in uravnavanja vlage v ko\u017ei sta klju\u010dnega pomena &#8211; linija peclavus <strong>PODOdiabetic<\/strong>, ki vsebuje pomembne sestavine, kot so mikrosrebro, olje \u010dajevca in <strong>uree bo pravi izdelek za vas.<\/strong><\/p>\n<hr \/>\n<p><strong>Povezave:<\/strong> <a href=\"https:\/\/neguj.se\/medicinska-pedikura\/\" target=\"_blank\" rel=\"noopener\" data-schema-attribute=\"mentions\">Medicinska pedikura v salonu Neguj.se<\/a><\/p>\n","protected":false},"excerpt":{"rendered":"<p>Ste diabetik? So va\u0161a stopala suha? Potem imamo re\u0161itev.<\/p>\n<p>Ne i\u0161\u010dite naprej, <strong>krema za diabeti\u010dno stopalo<\/strong> od podjetja Pleclavus je zlato sredi peska.<\/p>\n","protected":false},"featured_media":2174,"comment_status":"open","ping_status":"closed","template":"","meta":[],"product_brand":[],"product_cat":[268],"product_tag":[83,87,84,86,85],"class_list":{"0":"post-955","1":"product","2":"type-product","3":"status-publish","4":"has-post-thumbnail","6":"product_cat-peclavus","7":"product_tag-krema","8":"product_tag-krema-peclavus","9":"product_tag-krema-za-diabeticno-stopalo","10":"product_tag-krema-za-problematicno-stopalo","11":"product_tag-krema-za-suho-stopalo","13":"first","14":"instock","15":"taxable","16":"shipping-taxable","17":"purchasable","18":"product-type-variable","19":"has-default-attributes"},"_links":{"self":[{"href":"https:\/\/neguj.se\/trgovina\/wp-json\/wp\/v2\/product\/955"}],"collection":[{"href":"https:\/\/neguj.se\/trgovina\/wp-json\/wp\/v2\/product"}],"about":[{"href":"https:\/\/neguj.se\/trgovina\/wp-json\/wp\/v2\/types\/product"}],"replies":[{"embeddable":true,"href":"https:\/\/neguj.se\/trgovina\/wp-json\/wp\/v2\/comments?post=955"}],"wp:featuredmedia":[{"embeddable":true,"href":"https:\/\/neguj.se\/trgovina\/wp-json\/wp\/v2\/media\/2174"}],"wp:attachment":[{"href":"https:\/\/neguj.se\/trgovina\/wp-json\/wp\/v2\/media?parent=955"}],"wp:term":[{"taxonomy":"product_brand","embeddable":true,"href":"https:\/\/neguj.se\/trgovina\/wp-json\/wp\/v2\/product_brand?post=955"},{"taxonomy":"product_cat","embeddable":true,"href":"https:\/\/neguj.se\/trgovina\/wp-json\/wp\/v2\/product_cat?post=955"},{"taxonomy":"product_tag","embeddable":true,"href":"https:\/\/neguj.se\/trgovina\/wp-json\/wp\/v2\/product_tag?post=955"}],"curies":[{"name":"wp","href":"https:\/\/api.w.org\/{rel}","templated":true}]}}