{"id":2715,"date":"2025-06-14T12:27:40","date_gmt":"2025-06-14T11:27:40","guid":{"rendered":"https:\/\/neguj.se\/trgovina\/?post_type=product&#038;p=2715"},"modified":"2025-06-14T12:34:08","modified_gmt":"2025-06-14T11:34:08","slug":"sun-thermal-protective-sensitive-spf50","status":"publish","type":"product","link":"https:\/\/neguj.se\/trgovina\/izdelek\/sun-thermal-protective-sensitive-spf50\/","title":{"rendered":"SUN Thermal Protective Sensitive SPF50+"},"content":{"rendered":"<h1>SUN Thermal Protective Sensitive SPF50+<\/h1>\n<h3 data-start=\"109\" data-end=\"175\">Visoka za\u0161\u010dita + termalna nega + ne\u017ena za ob\u010dutljivo ko\u017eo<\/h3>\n<p>&nbsp;<\/p>\n<div>\n<h3 data-start=\"332\" data-end=\"353\">\ud83e\uddf4 Opis izdelka<\/h3>\n<p data-start=\"354\" data-end=\"751\">Z ne\u017eno in vodilno formulo za tiste s suhimi, ob\u010dutljivimi ali nagnjenimi k rde\u010dicam, <strong data-start=\"440\" data-end=\"484\">Sun Thermal Protective Sensitive SPF\u202f50+<\/strong> \u0161\u010diti pred UVA\/UVB \u017earki, modro svetlobo (HEVis), infrarde\u010dimi \u017earki ter temperaturnim stresom znotraj in zunaj. Termalni izvle\u010dki in preizku\u0161ene sestavine nudijo <strong data-start=\"648\" data-end=\"698\">pomirjujo\u010do za\u0161\u010dito za najbolj ob\u010dutljivo ko\u017eo<\/strong>, hkrati pa ohranjajo visoko stopnjo SPF 50+ za\u0161\u010dite.<\/p>\n<hr data-start=\"753\" data-end=\"756\" \/>\n<h3 data-start=\"758\" data-end=\"784\"><\/h3>\n<h3 data-start=\"758\" data-end=\"784\">\ud83d\udd0d Klju\u010dne prednosti<\/h3>\n<ul data-start=\"785\" data-end=\"1226\">\n<li data-start=\"785\" data-end=\"842\">\n<p data-start=\"787\" data-end=\"842\"><strong data-start=\"787\" data-end=\"818\">Zelo visoka za\u0161\u010dita SPF\u202f50+<\/strong> pred UVB in UVA \u017earki<\/p>\n<\/li>\n<li data-start=\"843\" data-end=\"936\">\n<p data-start=\"845\" data-end=\"936\"><strong data-start=\"845\" data-end=\"874\">Termalno za\u0161\u010ditna formula<\/strong>, ki pomirja ob\u010dutljivo ko\u017eo pred temperaturnimi spremembami<\/p>\n<\/li>\n<li data-start=\"937\" data-end=\"1057\">\n<p data-start=\"939\" data-end=\"1057\"><strong data-start=\"939\" data-end=\"962\">D+ TECH tehnologija<\/strong> aktivira receptorje vitamina\u202fD in podpira njegovo naravno tvorbo, brez blokiranja UVB\u202f\u017earkov<\/p>\n<\/li>\n<li data-start=\"1058\" data-end=\"1117\">\n<p data-start=\"1060\" data-end=\"1117\">\u0160\u010diti pred modro svetlobo (HEVis) in infrarde\u010dimi \u017earki<\/p>\n<\/li>\n<li data-start=\"1118\" data-end=\"1226\">\n<p data-start=\"1120\" data-end=\"1226\">Vse sestavine so <strong data-start=\"1137\" data-end=\"1181\">dermatolo\u0161ko in oftalmolo\u0161ko preizku\u0161ene<\/strong>, primerne tudi za najob\u010dutljivej\u0161e tipe ko\u017ee<\/p>\n<\/li>\n<\/ul>\n<hr data-start=\"1228\" data-end=\"1231\" \/>\n<h3 data-start=\"1233\" data-end=\"1259\"><\/h3>\n<h3 data-start=\"1233\" data-end=\"1259\">\ud83c\udf3f Aktivne sestavine<\/h3>\n<ul data-start=\"1260\" data-end=\"1569\">\n<li data-start=\"1260\" data-end=\"1345\">\n<p data-start=\"1262\" data-end=\"1345\"><strong data-start=\"1262\" data-end=\"1282\">D+ TECH kompleks<\/strong> (FOS iz pese in cikorije) \u2013 spodbujajo receptorje vitamina D<\/p>\n<\/li>\n<li data-start=\"1346\" data-end=\"1406\">\n<p data-start=\"1348\" data-end=\"1406\"><strong data-start=\"1348\" data-end=\"1369\">Termalni izvle\u010dki<\/strong> \u2013 pomagajo ubla\u017eiti termi\u010dni stres<\/p>\n<\/li>\n<li data-start=\"1407\" data-end=\"1458\">\n<p data-start=\"1409\" data-end=\"1458\"><strong data-start=\"1409\" data-end=\"1428\">Crambe maritima<\/strong> \u2013 obnovi in regenerira ko\u017eo<\/p>\n<\/li>\n<li data-start=\"1459\" data-end=\"1520\">\n<p data-start=\"1461\" data-end=\"1520\"><strong data-start=\"1461\" data-end=\"1484\">Biosaharidna guma\u20114<\/strong> \u2013 \u0161\u010diti pred mestnim onesna\u017eenjem<\/p>\n<\/li>\n<li data-start=\"1521\" data-end=\"1569\">\n<p data-start=\"1523\" data-end=\"1569\"><strong data-start=\"1523\" data-end=\"1535\">Karnozin<\/strong> \u2013 \u0161\u010diti pred modro in IR-svetlobo<\/p>\n<\/li>\n<\/ul>\n<hr data-start=\"1571\" data-end=\"1574\" \/>\n<h3 data-start=\"1576\" data-end=\"1604\"><\/h3>\n<h3 data-start=\"1576\" data-end=\"1604\">\ud83d\udccb Navodila za uporabo<\/h3>\n<ol data-start=\"1605\" data-end=\"1829\">\n<li data-start=\"1605\" data-end=\"1641\">\n<p data-start=\"1608\" data-end=\"1641\">Pred uporabo natan\u010dno pretresi.<\/p>\n<\/li>\n<li data-start=\"1642\" data-end=\"1689\">\n<p data-start=\"1645\" data-end=\"1689\">Nanesite 30\u202fmin pred izpostavitvijo soncu.<\/p>\n<\/li>\n<li data-start=\"1690\" data-end=\"1747\">\n<p data-start=\"1693\" data-end=\"1747\">Uporabite kot zadnji korak dnevne nege, pred li\u010dili.<\/p>\n<\/li>\n<li data-start=\"1748\" data-end=\"1829\">\n<p data-start=\"1751\" data-end=\"1829\">Obnavljajte nanos vsakih 2 uri ali po kopanju, potenju ali brisanju z brisa\u010do.<\/p>\n<\/li>\n<\/ol>\n<hr data-start=\"1831\" data-end=\"1834\" \/>\n<h3 data-start=\"1836\" data-end=\"1863\"><\/h3>\n<h3 data-start=\"1836\" data-end=\"1863\">\ud83d\udcac Izjave uporabnikov<\/h3>\n<ul data-start=\"1864\" data-end=\"2002\">\n<li data-start=\"1864\" data-end=\"1925\">\n<p data-start=\"1866\" data-end=\"1925\"><em data-start=\"1866\" data-end=\"1923\">\u201cOdli\u010dna krema! Ne povzro\u010duje rde\u010dice in pomirja ko\u017eo.\u201d<\/em><\/p>\n<\/li>\n<li data-start=\"1926\" data-end=\"2002\">\n<p data-start=\"1928\" data-end=\"2002\"><em data-start=\"1928\" data-end=\"2002\">\u201cIdealna, ko i\u0161\u010dem ne\u017eno, a zelo u\u010dinkovito za\u0161\u010dito za ob\u010dutljivo ko\u017eo.\u201d<\/em><\/p>\n<\/li>\n<\/ul>\n<hr data-start=\"2004\" data-end=\"2007\" \/>\n<h3 data-start=\"2009\" data-end=\"2043\"><\/h3>\n<h3 data-start=\"2009\" data-end=\"2043\">\ud83d\uded2 Zakaj izbrati ta izdelek?<\/h3>\n<p data-start=\"2044\" data-end=\"2121\"><strong data-start=\"2044\" data-end=\"2088\">Sun Thermal Protective Sensitive SPF\u202f50+<\/strong> je vrhunska izbira za tiste, ki:<\/p>\n<ul data-start=\"2122\" data-end=\"2349\">\n<li data-start=\"2122\" data-end=\"2156\">\n<p data-start=\"2124\" data-end=\"2156\">I\u0161\u010dejo mo\u010dno za\u0161\u010dito (SPF\u202f50+)<\/p>\n<\/li>\n<li data-start=\"2157\" data-end=\"2217\">\n<p data-start=\"2159\" data-end=\"2217\">Imajo ob\u010dutljivo ko\u017eo, nagnjeno k rde\u010dicam ali alergijam<\/p>\n<\/li>\n<li data-start=\"2218\" data-end=\"2260\">\n<p data-start=\"2220\" data-end=\"2260\">\u017delijo pomirjujo\u010de, termalno delovanje<\/p>\n<\/li>\n<li data-start=\"2261\" data-end=\"2305\">\n<p data-start=\"2263\" data-end=\"2305\">Cenijo podporo naravni tvorbi vitamina\u202fD<\/p>\n<\/li>\n<li data-start=\"2306\" data-end=\"2349\">\n<p data-start=\"2308\" data-end=\"2349\">Pri\u010dakujejo dermatolo\u0161ko potrjene formule<\/p>\n<\/li>\n<\/ul>\n<p data-start=\"1751\" data-end=\"1826\">\n<\/div>\n<div class=\"short-description\">\n<div class=\"short-description\">\n<p><b>Sestavine:<\/b><\/p>\n<p>AQUA [WATER], DIISOPROPYL SEBA- CATE, DIETHYLAMINO HYDROXYBENZOYL HEXYL BEN- ZOATE, DIBUTYL ADIPATE, ETHYLHEXYL SALICYLATE, DICAPRYLYL CARBONATE, BIS-ETHYLHEXYLOXYPHE- NOL METHOXYPHENYL TRIAZINE, PHENYLBENZIMI- DAZOLE SULFONIC ACID, ETHYLHEXYL TRIAZONE, POLYGLYCERYL-6 DISTEARATE, TITANIUM DIOXIDE, HYDROGENATED DIMER DILINOLEYL\/DIMETHYLCAR- BONATE COPOLYMER, TROMETHAMINE, CANDELI- LLA\/JOJOBA\/RICE BRAN POLYGLYCERYL-3 ESTERS, CETYL ALCOHOL, ALCOHOL DENAT, BETA VULGARIS ROOT EXTRACT, LENS ESCULENTA SEED EXTRACT, CRAMBE MARITIMA EXTRACT, CICHORIUM INTYBUS ROOT EXTRACT, SIMMONDSIA CHINENSIS SEED OIL, FRUCTOOLIGOSACCHARIDES, ALLANTOIN, BIOSAC- CHARIDE GUM-4, POTASSIUM LACTATE, CARNOSINE SUCROSE STEARATE, LACTIC ACID, ALPHA-GLUCAN OLIGOSACCHARIDE, ETHYLHEXYLGLYCERIN, A- PRYLIC\/CAPRIC TRIGLYCERIDE, POTASSIUM CETYL PHOSPHATE, CALCIUM STARCH OCTENYLSUCCINATE POLYGLYCERYL-2 CAPRATE, BISABOLOL, ACRYLA- TES\/C10-30 ALKYL ACRYLATE ROSSPOLYMER, XANTHAN GUM, ALUMINA, STEARIC ACID, GLYCERYL CAPRYLATE, PEG-8, SQUALANE, TOCOPHEROL, PRO- PANEDIOL, ASCORBYL PALMITATE, ALGIN, ASCORBIC ACID, CITRIC ACID, O-CYMEN-5-OL, CHLORPHENE- SIN, PHENOXYETHANOL, PARFUM [FRAGRANCE].<\/p>\n<\/div>\n<\/div>\n","protected":false},"excerpt":{"rendered":"<p>SUN Thermal Protective Sensitive SPF50+ Visoka za\u0161\u010dita + termalna nega + ne\u017ena za ob\u010dutljivo ko\u017eo &nbsp; \ud83e\uddf4 Opis izdelka Z&#8230;<\/p>\n","protected":false},"featured_media":2717,"comment_status":"closed","ping_status":"closed","template":"","meta":[],"product_brand":[],"product_cat":[34,400],"product_tag":[],"class_list":{"0":"post-2715","1":"product","2":"type-product","3":"status-publish","4":"has-post-thumbnail","6":"product_cat-negovalna-kozmetika","7":"product_cat-skeyndor","9":"first","10":"instock","11":"taxable","12":"shipping-taxable","13":"purchasable","14":"product-type-variable","15":"has-default-attributes"},"_links":{"self":[{"href":"https:\/\/neguj.se\/trgovina\/wp-json\/wp\/v2\/product\/2715"}],"collection":[{"href":"https:\/\/neguj.se\/trgovina\/wp-json\/wp\/v2\/product"}],"about":[{"href":"https:\/\/neguj.se\/trgovina\/wp-json\/wp\/v2\/types\/product"}],"replies":[{"embeddable":true,"href":"https:\/\/neguj.se\/trgovina\/wp-json\/wp\/v2\/comments?post=2715"}],"wp:featuredmedia":[{"embeddable":true,"href":"https:\/\/neguj.se\/trgovina\/wp-json\/wp\/v2\/media\/2717"}],"wp:attachment":[{"href":"https:\/\/neguj.se\/trgovina\/wp-json\/wp\/v2\/media?parent=2715"}],"wp:term":[{"taxonomy":"product_brand","embeddable":true,"href":"https:\/\/neguj.se\/trgovina\/wp-json\/wp\/v2\/product_brand?post=2715"},{"taxonomy":"product_cat","embeddable":true,"href":"https:\/\/neguj.se\/trgovina\/wp-json\/wp\/v2\/product_cat?post=2715"},{"taxonomy":"product_tag","embeddable":true,"href":"https:\/\/neguj.se\/trgovina\/wp-json\/wp\/v2\/product_tag?post=2715"}],"curies":[{"name":"wp","href":"https:\/\/api.w.org\/{rel}","templated":true}]}}