{"id":2706,"date":"2025-06-14T11:52:55","date_gmt":"2025-06-14T10:52:55","guid":{"rendered":"https:\/\/neguj.se\/trgovina\/?post_type=product&#038;p=2706"},"modified":"2025-06-14T12:08:03","modified_gmt":"2025-06-14T11:08:03","slug":"skeyndor-sun-protective-cream-normal-skin-spf-50","status":"publish","type":"product","link":"https:\/\/neguj.se\/trgovina\/izdelek\/skeyndor-sun-protective-cream-normal-skin-spf-50\/","title":{"rendered":"Skeyndor Sun Protective Cream Normal Skin SPF\u202f50"},"content":{"rendered":"<h2>Skeyndor Sun Protective Cream Normal Skin SPF\u202f50<\/h2>\n<h3 data-start=\"109\" data-end=\"175\"><strong data-start=\"109\" data-end=\"175\">Visoko u\u010dinkovita za\u0161\u010dita + tehnologija za optimalen vitamin D<\/strong><\/h3>\n<div>\n<h2 class=\"product-title\"><b style=\"font-size: 16px;\">Opis:<\/b><\/h2>\n<\/div>\n<div>\n<p data-start=\"442\" data-end=\"682\">\u010ce i\u0161\u010de\u0161 vsestransko za\u0161\u010dito za vsak dan \u2013 tudi v urbanem okolju \u2013 je <strong data-start=\"70\" data-end=\"114\">Sun Protective Cream Normal Skin SPF\u202f50+<\/strong> idealna izbira. Krema nudi <strong data-start=\"142\" data-end=\"178\">izjemno visoko za\u0161\u010dito (SPF 50+)<\/strong> pred UVA, UVB, modro svetlobo (HEVis) in infrarde\u010dimi \u017earki (IR), hkrati pa je dermatolo\u0161ko in oftalmolo\u0161ko testirana, hitro vpijajo\u010da ter primerna tudi za ob\u010dutljivo ko\u017eo.<\/p>\n<\/div>\n<div class=\"short-description\">\n<div class=\"short-description\">\n<p><b><br \/>\nPakiranje:<\/b> 75ml<\/p>\n<p>&nbsp;<\/p>\n<\/div>\n<\/div>\n<h3 data-start=\"284\" data-end=\"309\">\u2705 Klju\u010dne prednosti<\/h3>\n<ul data-start=\"310\" data-end=\"677\">\n<li data-start=\"310\" data-end=\"389\">\n<p data-start=\"312\" data-end=\"389\"><span class=\"relative -mx-px my-[-0.2rem] rounded px-px py-[0.2rem] transition-colors duration-100 ease-in-out\"><strong data-start=\"0\" data-end=\"25\" data-is-only-node=\"\">\u0160irokopasovna za\u0161\u010dita<\/strong> pred UVB, UVA, modro svetlobo (HEVis) in IR \u017earki<\/span><\/p>\n<\/li>\n<li data-start=\"390\" data-end=\"469\">\n<p data-start=\"392\" data-end=\"469\"><span class=\"relative -mx-px my-[-0.2rem] rounded px-px py-[0.2rem] transition-colors duration-100 ease-in-out\"><strong data-start=\"0\" data-end=\"23\" data-is-only-node=\"\">D+ TECH tehnologija<\/strong> aktivira receptorje vitamina D (VDR) in podpira njegovo naravno delovanje v ko\u017ei<\/span><\/p>\n<\/li>\n<li data-start=\"470\" data-end=\"549\">\n<p data-start=\"472\" data-end=\"549\"><span class=\"relative -mx-px my-[-0.2rem] rounded px-px py-[0.2rem] transition-colors duration-100 ease-in-out\">Za\u0161\u010dita pred onesna\u017eenjem, hidracija in anti-aging u\u010dinki<\/span><\/p>\n<\/li>\n<li data-start=\"550\" data-end=\"591\">\n<p data-start=\"552\" data-end=\"591\"><span class=\"relative -mx-px my-[-0.2rem] rounded px-px py-[0.2rem] transition-colors duration-100 ease-in-out\">Dermatolo\u0161ko in oftalmolo\u0161ko preverjena \u2013 ne dra\u017ei o\u010di<\/span><\/p>\n<\/li>\n<li data-start=\"592\" data-end=\"635\">\n<p data-start=\"594\" data-end=\"635\"><span class=\"relative -mx-px my-[-0.2rem] rounded px-px py-[0.2rem] transition-colors duration-100 ease-in-out\">Dermatolo\u0161ko prijazna kombinacija fizikalnih in kemi\u010dnih filtrov<\/span><\/p>\n<\/li>\n<li data-start=\"636\" data-end=\"677\">\n<p data-start=\"638\" data-end=\"677\"><span class=\"relative -mx-px my-[-0.2rem] rounded px-px py-[0.2rem] transition-colors duration-100 ease-in-out\">Vodoodporna formula, ki se hitreje vpije<\/span><\/p>\n<\/li>\n<\/ul>\n<p>&nbsp;<\/p>\n<h3 data-start=\"684\" data-end=\"710\">\ud83c\udf3f Klju\u010dne sestavine<\/h3>\n<ul data-start=\"711\" data-end=\"928\">\n<li data-start=\"711\" data-end=\"754\">\n<p data-start=\"713\" data-end=\"754\"><span class=\"relative -mx-px my-[-0.2rem] rounded px-px py-[0.2rem] transition-colors duration-100 ease-in-out\"><strong data-start=\"0\" data-end=\"31\" data-is-only-node=\"\">Fizikalni in kemi\u010dni filtri<\/strong> za celostno za\u0161\u010dito<\/span><\/p>\n<\/li>\n<li data-start=\"755\" data-end=\"798\">\n<p data-start=\"757\" data-end=\"798\"><span class=\"relative -mx-px my-[-0.2rem] rounded px-px py-[0.2rem] transition-colors duration-100 ease-in-out\"><strong data-start=\"0\" data-end=\"20\" data-is-only-node=\"\">D+ TECH kompleks<\/strong> (FOS iz rde\u010de pese in cikorije) za aktivacijo VDR<\/span><\/p>\n<\/li>\n<li data-start=\"799\" data-end=\"842\">\n<p data-start=\"801\" data-end=\"842\"><span class=\"relative -mx-px my-[-0.2rem] rounded px-px py-[0.2rem] transition-colors duration-100 ease-in-out\"><strong data-start=\"0\" data-end=\"28\" data-is-only-node=\"\">Izvle\u010dek Crambe maritima<\/strong> za regeneracijo in anti-age delovanje<\/span><\/p>\n<\/li>\n<li data-start=\"843\" data-end=\"886\">\n<p data-start=\"845\" data-end=\"886\"><span class=\"relative -mx-px my-[-0.2rem] rounded px-px py-[0.2rem] transition-colors duration-100 ease-in-out\"><strong data-start=\"0\" data-end=\"23\" data-is-only-node=\"\">Biosaharidna guma\u20114<\/strong> za za\u0161\u010dito pred mestnim onesna\u017eenjem<\/span><\/p>\n<\/li>\n<li data-start=\"887\" data-end=\"928\">\n<p data-start=\"889\" data-end=\"928\"><span class=\"relative -mx-px my-[-0.2rem] rounded px-px py-[0.2rem] transition-colors duration-100 ease-in-out\"><strong data-start=\"0\" data-end=\"12\" data-is-only-node=\"\">Karnozin<\/strong> \u2013 deluje kot biolo\u0161ki filter proti HEVis in IR-ro\u017eljanju<\/span><\/p>\n<\/li>\n<\/ul>\n<p>&nbsp;<\/p>\n<div class=\"short-description\">\n<div class=\"short-description\">\n<h3 data-start=\"1103\" data-end=\"1147\">\ud83d\udcac Zakaj stranke obo\u017eujejo ta izdelek?<\/h3>\n<ul data-start=\"1148\" data-end=\"1362\">\n<li data-start=\"1148\" data-end=\"1231\">\n<p data-start=\"1150\" data-end=\"1231\"><span class=\"relative -mx-px my-[-0.2rem] rounded px-px py-[0.2rem] transition-colors duration-100 ease-in-out\">Ponuja <strong data-start=\"7\" data-end=\"30\">vsestransko za\u0161\u010dito<\/strong>, uporabno skozi vse leto \u2013 ne le poleti<\/span><\/p>\n<\/li>\n<li data-start=\"1232\" data-end=\"1285\">\n<p data-start=\"1234\" data-end=\"1285\">Ko\u017ea ostaja <strong data-start=\"1246\" data-end=\"1283\">mehka, navla\u017eena in brez iritacij<\/strong><\/p>\n<\/li>\n<li data-start=\"1286\" data-end=\"1362\">\n<p data-start=\"1288\" data-end=\"1362\"><strong data-start=\"1288\" data-end=\"1325\">Podpira naravno tvorbo vitamina D<\/strong> \u2013 tisto, kar ve\u010dina SPF krem blokira<\/p>\n<\/li>\n<\/ul>\n<p>&nbsp;<\/p>\n<h3 data-start=\"935\" data-end=\"963\">\ud83e\uddf4 Navodila za uporabo<\/h3>\n<ol data-start=\"964\" data-end=\"1096\">\n<li data-start=\"964\" data-end=\"1008\">\n<p data-start=\"967\" data-end=\"1008\"><span class=\"relative -mx-px my-[-0.2rem] rounded px-px py-[0.2rem] transition-colors duration-100 ease-in-out\">Nanesite samostojno ali kot zaklju\u010dek obi\u010dajne nege \u2013 pred dekorativno kozmetiko.<\/span><\/p>\n<\/li>\n<li data-start=\"1009\" data-end=\"1053\">\n<p data-start=\"1012\" data-end=\"1053\"><span class=\"relative -mx-px my-[-0.2rem] rounded px-px py-[0.2rem] transition-colors duration-100 ease-in-out\">Uporabite najmanj 30 minut pred izpostavitvijo soncu.<\/span><\/p>\n<\/li>\n<li data-start=\"1054\" data-end=\"1096\">\n<p data-start=\"1057\" data-end=\"1096\"><span class=\"relative -mx-px my-[-0.2rem] rounded px-px py-[0.2rem] transition-colors duration-100 ease-in-out\">Obnovite nanos vsakih 2 uri ali po plavanju, potenju ali brisanju z brisa\u010do.<\/span><\/p>\n<\/li>\n<\/ol>\n<p>&nbsp;<\/p>\n<p><b>Sestavine:<\/b><\/p>\n<p>AQUA [WATER], DIISOPROPYL SEBACATE, DIETHYLAMINO HYDROXYBENZOYL HEXYL BENZOATE, DIBUTYL ADIPATE, ETHYLHEXYL SALICYLATE, DICAPRYLYL CARBONATE, BIS-ETHYLHEXYLOXYPHENOL METHOXYPHENYL TRIAZINE, PHENYLBENZIMIDAZOLE SULFONIC ACID, ETHYLHEXYL TRIAZONE, POLYGLYCERYL-6 DISTEARATE, TITANIUM DIOXIDE, TROMETHAMINE, HYDROGENATED DIMER DILINOLEYL\/DIMETHYLCARBONATE COPOLYMER, CETYL ALCOHOL, CANDELILLA\/JOJOBA\/RICE BRAN POLYGLYCERYL-3 ESTERS, CAPRYLIC\/CAPRIC TRIGLYCERIDE, PHENOXYETHANOL, PARFUM, POTASSIUM CETYL PHOSPHATE, FRUCTOOLIGOSACCHARIDES, POLYGLYCERYL-2 CAPRATE, BETA VULGARIS ROOT EXTRACT, BISABOLOL, ACRYLATES\/C10-30 ALKYL ACRYLATE CROSSPOLYMER, CHLORPHENESIN, XANTHAN GUM, SIMMONDSIA CHINENSIS SEED OIL, SUCROSE STEARATE, STEARIC ACID, ALUMINA, GLYCERYL CAPRYLATE, ALLANTOIN, BIOSACCHARIDE GUM-4, POTASSIUM LACTATE, CARNOSINE, PEG-8, LACTIC ACID, O-CYMEN-5-OL, CICHORIUM INTYBUS ROOT EXTRACT, CRAMBE MARITIMA EXTRACT, SQUALANE, TOCOPHEROL, PROPANEDIOL, ALPHA-GLUCAN OLIGOSACCHARIDE, ASCORBYL PALMITATE, ALGIN, ETHYLHEXYLGLYCERIN, CITRIC ACID, ASCORBIC ACID, CITRIC ACID, O-CYMEN-5-OL, CHLORPHENESIN, PHENOXYETHANOL, PARFUM [FRAGRANCE].<\/p>\n<\/div>\n<\/div>\n","protected":false},"excerpt":{"rendered":"<p>Skeyndor Sun Protective Cream Normal Skin SPF\u202f50 Visoko u\u010dinkovita za\u0161\u010dita + tehnologija za optimalen vitamin D Opis: \u010ce i\u0161\u010de\u0161 vsestransko&#8230;<\/p>\n","protected":false},"featured_media":2708,"comment_status":"closed","ping_status":"closed","template":"","meta":[],"product_brand":[],"product_cat":[34,400],"product_tag":[],"class_list":{"0":"post-2706","1":"product","2":"type-product","3":"status-publish","4":"has-post-thumbnail","6":"product_cat-negovalna-kozmetika","7":"product_cat-skeyndor","9":"first","10":"instock","11":"taxable","12":"shipping-taxable","13":"purchasable","14":"product-type-variable","15":"has-default-attributes"},"_links":{"self":[{"href":"https:\/\/neguj.se\/trgovina\/wp-json\/wp\/v2\/product\/2706"}],"collection":[{"href":"https:\/\/neguj.se\/trgovina\/wp-json\/wp\/v2\/product"}],"about":[{"href":"https:\/\/neguj.se\/trgovina\/wp-json\/wp\/v2\/types\/product"}],"replies":[{"embeddable":true,"href":"https:\/\/neguj.se\/trgovina\/wp-json\/wp\/v2\/comments?post=2706"}],"wp:featuredmedia":[{"embeddable":true,"href":"https:\/\/neguj.se\/trgovina\/wp-json\/wp\/v2\/media\/2708"}],"wp:attachment":[{"href":"https:\/\/neguj.se\/trgovina\/wp-json\/wp\/v2\/media?parent=2706"}],"wp:term":[{"taxonomy":"product_brand","embeddable":true,"href":"https:\/\/neguj.se\/trgovina\/wp-json\/wp\/v2\/product_brand?post=2706"},{"taxonomy":"product_cat","embeddable":true,"href":"https:\/\/neguj.se\/trgovina\/wp-json\/wp\/v2\/product_cat?post=2706"},{"taxonomy":"product_tag","embeddable":true,"href":"https:\/\/neguj.se\/trgovina\/wp-json\/wp\/v2\/product_tag?post=2706"}],"curies":[{"name":"wp","href":"https:\/\/api.w.org\/{rel}","templated":true}]}}