{"id":2701,"date":"2025-06-14T11:01:00","date_gmt":"2025-06-14T10:01:00","guid":{"rendered":"https:\/\/neguj.se\/trgovina\/?post_type=product&#038;p=2701"},"modified":"2025-06-14T11:43:34","modified_gmt":"2025-06-14T10:43:34","slug":"body-protective-b-phase-with-high-spf50-protection","status":"publish","type":"product","link":"https:\/\/neguj.se\/trgovina\/izdelek\/body-protective-b-phase-with-high-spf50-protection\/","title":{"rendered":"Body protective B-phase with High SPF50 Protection"},"content":{"rendered":"<h2>SUN BODY PROTECTIVE BI-PHASE SPF 50<\/h2>\n<h3>Najbolj\u0161a za\u0161\u010dita telesa pred soncem, primerna za vse tipe ko\u017ee<\/h3>\n<div>\n<h2 class=\"product-title\"><b style=\"font-size: 16px;\">Opis:<\/b><\/h2>\n<\/div>\n<div>\n<p data-start=\"442\" data-end=\"682\">Do\u017eivi poletje brez skrbi z <strong data-start=\"470\" data-end=\"520\">inovativnim dvofaznim za\u0161\u010ditnim sprejem SPF 50<\/strong>, ki zdru\u017euje <strong data-start=\"534\" data-end=\"575\">u\u010dinkovito za\u0161\u010dito pred UVA\/UVB \u017earki<\/strong> in <strong data-start=\"579\" data-end=\"602\">negovalne sestavine<\/strong> za svilnato mehko ko\u017eo.<br data-start=\"626\" data-end=\"629\" \/>Primeren za <strong data-start=\"641\" data-end=\"658\">vse tipe ko\u017ee<\/strong>, vklju\u010dno z ob\u010dutljivo.<\/p>\n<p data-start=\"684\" data-end=\"953\">\ud83d\udca7 <strong data-start=\"687\" data-end=\"722\">Dvofazna, hitro vpojna tekstura<\/strong> brez mastnega ob\u010dutka.<br data-start=\"745\" data-end=\"748\" \/>\ud83c\udf0a <strong data-start=\"751\" data-end=\"774\">Vodoodporna formula<\/strong> \u2013 idealna za pla\u017eo, bazen ali aktiven dan na soncu.<br data-start=\"826\" data-end=\"829\" \/>\ud83c\udf3f Obogatena z <strong data-start=\"844\" data-end=\"867\">D+ TECH tehnologijo<\/strong>, ki spodbuja naravne receptorje za <strong data-start=\"903\" data-end=\"916\">vitamin D<\/strong> \u2013 za za\u0161\u010diteno, a uravnote\u017eeno ko\u017eo.<\/p>\n<\/div>\n<div class=\"short-description\">\n<div class=\"short-description\">\n<p><b><br \/>\nPakiranje:<\/b> 200ml<\/p>\n<\/div>\n<\/div>\n<h3 data-start=\"960\" data-end=\"982\">Klju\u010dne prednosti:<\/h3>\n<ul data-start=\"983\" data-end=\"1209\">\n<li data-start=\"983\" data-end=\"1008\">\n<p data-start=\"985\" data-end=\"1008\">\u2705 Visoka za\u0161\u010dita SPF 50<\/p>\n<\/li>\n<li data-start=\"1009\" data-end=\"1038\">\n<p data-start=\"1011\" data-end=\"1038\">\u2705 Primerno za vse tipe ko\u017ee<\/p>\n<\/li>\n<li data-start=\"1039\" data-end=\"1093\">\n<p data-start=\"1041\" data-end=\"1093\">\u2705 Podpira delovanje vitamina D (tehnologija D+ TECH)<\/p>\n<\/li>\n<li data-start=\"1094\" data-end=\"1155\">\n<p data-start=\"1096\" data-end=\"1155\">\u2705 Ob\u010dutek lahkotnosti \u2013 brez lepljivosti ali mastnega filma<\/p>\n<\/li>\n<li data-start=\"1156\" data-end=\"1182\">\n<p data-start=\"1158\" data-end=\"1182\">\u2705 Dermatolo\u0161ko testirano<\/p>\n<\/li>\n<li data-start=\"1183\" data-end=\"1209\">\n<p data-start=\"1185\" data-end=\"1209\">\u2705 Vzdr\u017eljivo tudi v vodi<\/p>\n<\/li>\n<\/ul>\n<p>&nbsp;<\/p>\n<h3 data-start=\"1216\" data-end=\"1238\">Aktivne sestavine:<\/h3>\n<ul data-start=\"1239\" data-end=\"1426\">\n<li data-start=\"1239\" data-end=\"1291\">\n<p data-start=\"1241\" data-end=\"1291\"><strong data-start=\"1241\" data-end=\"1261\">D+ TECH kompleks<\/strong> (iz cikorije in rde\u010de pese)<\/p>\n<\/li>\n<li data-start=\"1292\" data-end=\"1331\">\n<p data-start=\"1294\" data-end=\"1331\"><strong data-start=\"1294\" data-end=\"1313\">Crambe Maritima<\/strong> \u2013 obnavlja ko\u017eo<\/p>\n<\/li>\n<li data-start=\"1332\" data-end=\"1378\">\n<p data-start=\"1334\" data-end=\"1378\"><strong data-start=\"1334\" data-end=\"1357\">Biosaharidna guma-4<\/strong> \u2013 pomirja in \u0161\u010diti<\/p>\n<\/li>\n<li data-start=\"1379\" data-end=\"1426\">\n<p data-start=\"1381\" data-end=\"1426\"><strong data-start=\"1381\" data-end=\"1393\">Karnozin<\/strong> \u2013 prepre\u010duje prezgodnje staranje<\/p>\n<\/li>\n<\/ul>\n<p>&nbsp;<\/p>\n<div class=\"short-description\">\n<div class=\"short-description\">\n<p><b>Uporaba:<\/b><\/p>\n<ul>\n<li data-start=\"1458\" data-end=\"1518\">\n<p data-start=\"1461\" data-end=\"1518\"><strong data-start=\"1461\" data-end=\"1494\">Pred uporabo dobro pretresite<\/strong>, da se fazi pove\u017eeta.<\/p>\n<\/li>\n<li data-start=\"1519\" data-end=\"1572\">\n<p data-start=\"1522\" data-end=\"1572\">Nanesite <strong data-start=\"1531\" data-end=\"1569\">30 minut pred izpostavitvijo soncu<\/strong>.<\/p>\n<\/li>\n<li data-start=\"1573\" data-end=\"1652\">\n<p data-start=\"1576\" data-end=\"1652\">Obnovite nanos <strong data-start=\"1591\" data-end=\"1606\">vsake 2 uri<\/strong> ali po plavanju, potenju, brisanju z brisa\u010do.<\/p>\n<\/li>\n<\/ul>\n<p><b>Sestavine:<\/b><\/p>\n<p>AQUA [WATER], C15-19 ALKANE, DIBUTYL ADIPATE, DIETHYLAMINO HYDROXYBENZOYL HEXYL BENZOATE, DICAPRYLYL CARBONATE, BUTYLENE GLYCOL DICAPRYLATE\/DICAPRATE, DIISOPROPYL SEBACATE, ETHYLHEXYL SALICYLATE, BIS-ETHYLHEXYLOXYPHENOL METHOXYPHENYL TRIAZINE, ETHYLHEXYL TRIAZONE, PENTYLENE GLYCOL, PHENYLBENZIMIDAZOLE SULFONIC ACID, TRIETHANOLAMINE, COCO-CAPRYLATE\/CAPRATE, HYDROGENATED DIMER DILINOLEYL\/DIMETHYLCARBONATE COPOLYMER, GLYCERIN, CICHORIUM INTYBUS ROOT EXTRACT, CRAMBE MARITIMA EXTRACT, BETA VULGARIS ROOT EXTRACT, BIOSACCHARIDE GUM-4, ETHYLHEXYLGLYCERIN, CARNOSINE, POTASSIUM LACTATE, LACTIC ACID, PROPANEDIOL, TOCOPHEROL, FRUCTOOLIGOSACCHARIDES, ALGIN, CAPRYLIC\/CAPRIC TRIGLYCERIDE, SODIUM CHLORIDE, 1,2-HEXANEDIOL, CAPRYLYL GLYCOL, BISABOLOL, SODIUM BENZOTRIAZOLYL BUTYLPHENOL SULFONATE, SODIUM PHYTATE, BENZOTRIAZOLYL DODECYL P-CRESOL, ALPHA-GLUCAN OLIGOSACCHARIDE, CI 26100 [RED 17], CI 19140 [YELLOW 5], PHENOXYETHANOL, PARFUM [FRAGRANCE].<\/p>\n<\/div>\n<\/div>\n","protected":false},"excerpt":{"rendered":"<p>SUN BODY PROTECTIVE BI-PHASE SPF 50 Najbolj\u0161a za\u0161\u010dita telesa pred soncem, primerna za vse tipe ko\u017ee Opis: Do\u017eivi poletje brez&#8230;<\/p>\n","protected":false},"featured_media":2704,"comment_status":"closed","ping_status":"closed","template":"","meta":[],"product_brand":[],"product_cat":[34,400],"product_tag":[],"class_list":{"0":"post-2701","1":"product","2":"type-product","3":"status-publish","4":"has-post-thumbnail","6":"product_cat-negovalna-kozmetika","7":"product_cat-skeyndor","9":"first","10":"instock","11":"taxable","12":"shipping-taxable","13":"purchasable","14":"product-type-variable","15":"has-default-attributes"},"_links":{"self":[{"href":"https:\/\/neguj.se\/trgovina\/wp-json\/wp\/v2\/product\/2701"}],"collection":[{"href":"https:\/\/neguj.se\/trgovina\/wp-json\/wp\/v2\/product"}],"about":[{"href":"https:\/\/neguj.se\/trgovina\/wp-json\/wp\/v2\/types\/product"}],"replies":[{"embeddable":true,"href":"https:\/\/neguj.se\/trgovina\/wp-json\/wp\/v2\/comments?post=2701"}],"wp:featuredmedia":[{"embeddable":true,"href":"https:\/\/neguj.se\/trgovina\/wp-json\/wp\/v2\/media\/2704"}],"wp:attachment":[{"href":"https:\/\/neguj.se\/trgovina\/wp-json\/wp\/v2\/media?parent=2701"}],"wp:term":[{"taxonomy":"product_brand","embeddable":true,"href":"https:\/\/neguj.se\/trgovina\/wp-json\/wp\/v2\/product_brand?post=2701"},{"taxonomy":"product_cat","embeddable":true,"href":"https:\/\/neguj.se\/trgovina\/wp-json\/wp\/v2\/product_cat?post=2701"},{"taxonomy":"product_tag","embeddable":true,"href":"https:\/\/neguj.se\/trgovina\/wp-json\/wp\/v2\/product_tag?post=2701"}],"curies":[{"name":"wp","href":"https:\/\/api.w.org\/{rel}","templated":true}]}}