{"id":2617,"date":"2024-10-29T19:41:56","date_gmt":"2024-10-29T18:41:56","guid":{"rendered":"https:\/\/neguj.se\/trgovina\/?post_type=product&#038;p=2617"},"modified":"2024-10-29T19:47:20","modified_gmt":"2024-10-29T18:47:20","slug":"lmx-lia-c6-night-cream","status":"publish","type":"product","link":"https:\/\/neguj.se\/trgovina\/izdelek\/lmx-lia-c6-night-cream\/","title":{"rendered":"LMX LIA C6 Night Cream"},"content":{"rendered":"<h1>Bogata no\u010dna krema za suho ko\u017eo<\/h1>\n<div>\n<h2 class=\"product-title\"><b style=\"font-size: 16px;\">Opis:<\/b><\/h2>\n<\/div>\n<div>\n<p>LMX LIA C 6\u00ae NIGHT CREAM no\u010dna krema krepi ko\u017eno pregrado zahvaljujo\u010d inovativni LMX osnovi, ki je obogatena s ceramidi III, hidrogeniranim fosfatidilholinom in lignoceri\u010dno kislino. Ta kombinacija podpira naravno lipidno bariero ko\u017ee in jo \u0161\u010diti pred zunanjimi vplivi ter dehidracijo. Zaradi podobnosti kremne osnove z naravnimi lipidi ko\u017ee u\u010dinkovito odpravlja suhost ko\u017ee.<\/p>\n<p>Ta inovativna no\u010dna krema vsebuje tudi kolagenske pospe\u0161evalce, ki gladijo gube, ter izvle\u010dek morskega koprca, ki zagotavlja prednosti vitamina A, vendar brez njegove nestabilnosti. Tako izbolj\u0161uje videz ko\u017ee, medtem ko inovativni lovilec prostih radikalov podpira no\u010dne procese regeneracije ko\u017ee.<\/p>\n<\/div>\n<div class=\"short-description\">\n<div class=\"short-description\">\n<p><b>Pakiranje:<\/b> 50ml<\/p>\n<p><b>Uporaba:<\/b><\/p>\n<p>LMX LIA C 6\u00ae NIGHT CREAM nanesite na \u010dist in suh obraz (tudi na vrat in dekolte). Za optimalno nego in ve\u010dji u\u010dinek nanesite pred nanosom kreme izbrani hialuronski gel HYA 4 ali enega od serumov. Krema je primerna za normalno, suho in zelo suho ko\u017eo.<\/p>\n<p>O optimalni izbiri primerne kreme za va\u0161 tip ko\u017ee se posvetujte s \u0161olanim strokovnjakom.<\/p>\n<p><b>Sestavine:<\/b><\/p>\n<p>AQUA, CAPRYLIC\/CAPRIC TRIGLYCERIDE, NICOTINAMIDE, GLYCERIN, TRIHEPTANOIN, BUTYROSPERMUM PARKII BUTTER, BEHENIC ACID, SIMMONDSIA CHINENSIS SEED OIL,\u00a0 HYDROGENATED PHOSPHATIDYLCHOLINE,\u00a0 PENTYLENE GLYCOL, BUTYLENE GLYCOL, BEHENYL ALCOHOL, BIS-ETHYLHEXYL HYDROXYDIMETHOXY BENZYLMALONATE, CAPRYLIC\/CAPRIC TRIGLYCERIDE, PROPANEDIOL, PARFUM, 1,2-HEXANEDIOL, LIGNOCERIC ACID, HYDROGENATED VEGETABLE OIL, CELLULOSE GUM, CHONDRUS CRISPUS POWDER (CARRAGEENAN), CAESALPINIA SPINOSA GUM, DISTARCH PHOSPHATE, CERAMIDE III, CERATONIA SILIQUA GUM, GLUCOSE, CAPRYLHYDROXAMIC ACID, LINALOOL, LIMONENE, CRITHMUM MARITIMUM EXTRACT, HYDROXYETHYLCELLULOSE, ACETYL DIPEPTIDE-1 CETYL ESTER, CITRONELLOL, GERANIOL, PALMITOYL TRIPEPTIDE-1, PALMITOYL TETRAPEPTIDE-7<\/p>\n<\/div>\n<\/div>\n","protected":false},"excerpt":{"rendered":"<p>LMX LIA C 6\u00ae NIGHT CREAM je <strong>no\u010dna krema za normalno, suho in zelo suho ko\u017eo<\/strong>, namenjena intenzivni regeneraciji ko\u017ee, saj spodbuja procese obnavljanja ko\u017ee med spanjem.<\/p>\n<p>Vsebuje aktivne sestavine za glajenje gub in sicer visoko u\u010dinkovite signalne peptide, ter aktivno u\u010dinkovino podobno vitaminu A.<\/p>\n<div id=\"gtx-trans\" style=\"position: absolute; left: 594px; top: -10px;\">\n<div class=\"gtx-trans-icon\"><\/div>\n<\/div>\n","protected":false},"featured_media":2619,"comment_status":"closed","ping_status":"closed","template":"","meta":[],"product_brand":[],"product_cat":[70,34],"product_tag":[157,387],"class_list":{"0":"post-2617","1":"product","2":"type-product","3":"status-publish","4":"has-post-thumbnail","6":"product_cat-dr-e-voss","7":"product_cat-negovalna-kozmetika","8":"product_tag-dekolte","9":"product_tag-krema-za-dekolte","11":"first","12":"instock","13":"taxable","14":"shipping-taxable","15":"purchasable","16":"product-type-variable"},"_links":{"self":[{"href":"https:\/\/neguj.se\/trgovina\/wp-json\/wp\/v2\/product\/2617"}],"collection":[{"href":"https:\/\/neguj.se\/trgovina\/wp-json\/wp\/v2\/product"}],"about":[{"href":"https:\/\/neguj.se\/trgovina\/wp-json\/wp\/v2\/types\/product"}],"replies":[{"embeddable":true,"href":"https:\/\/neguj.se\/trgovina\/wp-json\/wp\/v2\/comments?post=2617"}],"wp:featuredmedia":[{"embeddable":true,"href":"https:\/\/neguj.se\/trgovina\/wp-json\/wp\/v2\/media\/2619"}],"wp:attachment":[{"href":"https:\/\/neguj.se\/trgovina\/wp-json\/wp\/v2\/media?parent=2617"}],"wp:term":[{"taxonomy":"product_brand","embeddable":true,"href":"https:\/\/neguj.se\/trgovina\/wp-json\/wp\/v2\/product_brand?post=2617"},{"taxonomy":"product_cat","embeddable":true,"href":"https:\/\/neguj.se\/trgovina\/wp-json\/wp\/v2\/product_cat?post=2617"},{"taxonomy":"product_tag","embeddable":true,"href":"https:\/\/neguj.se\/trgovina\/wp-json\/wp\/v2\/product_tag?post=2617"}],"curies":[{"name":"wp","href":"https:\/\/api.w.org\/{rel}","templated":true}]}}