{"id":2602,"date":"2024-10-28T20:57:15","date_gmt":"2024-10-28T19:57:15","guid":{"rendered":"https:\/\/neguj.se\/trgovina\/?post_type=product&#038;p=2602"},"modified":"2026-02-09T12:50:10","modified_gmt":"2026-02-09T11:50:10","slug":"femme-diva","status":"publish","type":"product","link":"https:\/\/neguj.se\/trgovina\/izdelek\/femme-diva\/","title":{"rendered":"Femme Diva"},"content":{"rendered":"<h2>FemmeDiva \u2013 naravno prehransko dopolnilo za \u017eenske<\/h2>\n<p>FemmeDiva podpira naravno ravnovesje in vitalnost telesa s koristnimi vitamini in minerali, ter zagotavlja celovito podporo dobremu po\u010dutju.\u00a0Zdru\u017euje mo\u010d naravnih sestavin, kot so magnezij, a\u0161vaganda, izvle\u010dek sladkega korena, reishi gobe, baldrijan ter vitamina B2 in B12, ki skupaj ustvarjajo edinstveno formulo za podporo va\u0161emu dobremu po\u010dutju.<\/p>\n<p><strong>FemmeDiva<\/strong> je \u00a0prehransko dopolnilo, zasnovano posebej za \u017eenske, ki i\u0161\u010dejo podporo pri hormonskem ravnovesju in splo\u0161nem dobrem po\u010dutju.<\/p>\n<p>FemmeDiva zdru\u017euje sestavine, kot so <strong>magnezij<\/strong>,\u00a0<strong>a\u0161vaganda<\/strong>,\u00a0<strong>sladki koren<\/strong>,\u00a0<strong>reishi goba,<\/strong>\u00a0<strong>baldrijan<\/strong>\u00a0in\u00a0<strong>vitamin B2<\/strong>\u00a0ter\u00a0<strong>B12<\/strong>. Te sestavine podpirajo hormonsko ravnovesje, zmanj\u0161ujejo stres, izbolj\u0161ujejo prebavo, krepijo imunski sistem, spodbujajo bolj\u0161i spanec ter prispevajo k bolj\u0161i energiji in splo\u0161nemu po\u010dutju. Izdelek ne vsebuje dodanih sladkorjev ali umetnih dodatkov.<\/p>\n<p>&nbsp;<\/p>\n<p><strong>Priporo\u010den dnevni odmerek (1 vre\u010dka) vsebuje:<br \/>\n<\/strong><\/p>\n<table>\n<tbody>\n<tr>\n<td>Izvle\u010dek sladkega korena<\/td>\n<td>300 mg<\/td>\n<td>n. d.<\/td>\n<\/tr>\n<tr>\n<td>\u00a0 \u00a0 od tega glicirizinska kislina<\/td>\n<td>54 mg<\/td>\n<td>n. d.<\/td>\n<\/tr>\n<tr>\n<td>Izvle\u010dek a\u0161vagande<\/td>\n<td>200 mg<\/td>\n<td>n. d.<\/td>\n<\/tr>\n<tr>\n<td>\u00a0 \u00a0 od tega vitanolidi<\/td>\n<td>5 mg<\/td>\n<td>n. d.<\/td>\n<\/tr>\n<tr>\n<td>Izvle\u010dek baldrijana<\/td>\n<td>120 mg<\/td>\n<td>n. d.<\/td>\n<\/tr>\n<tr>\n<td>\u00a0 \u00a0 od tega valerijanske kisline<\/td>\n<td>0,5 mg<\/td>\n<td>n. d.<\/td>\n<\/tr>\n<tr>\n<td>Magnezij (iz citrata)<\/td>\n<td>75 mg<\/td>\n<td>20 %<\/td>\n<\/tr>\n<tr>\n<td>Heteropolisaharidi (iz reishi gobe)<\/td>\n<td>60 mg<\/td>\n<td>n. d.<\/td>\n<\/tr>\n<tr>\n<td>Vitamin B2 (riboflavin)<\/td>\n<td>1,1 mg<\/td>\n<td>78,6 %<\/td>\n<\/tr>\n<tr>\n<td style=\"text-align: left;\">Vitamin B12 (cianokobalamin)<\/td>\n<td>2,5 \u00b5g<\/td>\n<td>100 %<\/td>\n<\/tr>\n<\/tbody>\n<\/table>\n<p>*PDV &#8211; priporo\u010den dnevni vnos, glede na Uredbo (EU) \u0161t. 1169\/2011, n. d. \u2013 ni dolo\u010den<\/p>\n<p><strong><span lang=\"SL\"><br \/>\nNavodila za uporabo:<\/span><\/strong><\/p>\n<p><span lang=\"SL\">Odprite vre\u010dko in vsebino stresite v kozarec vode, mleka ali rastlinskega napitka po izbiri. Dobro preme\u0161ajte, dokler se pra\u0161ek popolnoma ne raztopi. Napitek je pripravljen za u\u017eivanje.<\/span><\/p>\n<p>&nbsp;<\/p>\n<p>Slovenski proizvod. ISO 22000 standard.<\/p>\n","protected":false},"excerpt":{"rendered":"<p><strong>Naravna pot do hormonskega ravnovesja in vitalnosti.<\/strong><br \/>\nPREHRANSKO DOPOLNILO OBLIKOVANO V SODELOVANJU S STROKOVNJAKI NA PODRO\u010cJU PREHRANE.<\/p>\n<ul class=\"list-unstyled benefits mb-4\">\n<li>spodbuja naravno hormonsko ravnovesje<\/li>\n<li>podpira naravno energijo in vitalnost<\/li>\n<li>zmanj\u0161uje stres in tesnobo<\/li>\n<li>podpira imunski sistem<\/li>\n<li>zmanj\u0161uje napihnjenost, spodbuja zdrav prebavni sistem<\/li>\n<li>podpira regeneracijo<\/li>\n<li>telesa\u00a0izbolj\u0161uje kvaliteto spanca<\/li>\n<li>brez dodanih sladkorjev<\/li>\n<\/ul>\n","protected":false},"featured_media":2603,"comment_status":"closed","ping_status":"closed","template":"","meta":[],"product_brand":[],"product_cat":[35],"product_tag":[73,394],"class_list":{"0":"post-2602","1":"product","2":"type-product","3":"status-publish","4":"has-post-thumbnail","6":"product_cat-prehranski-dodatki","7":"product_tag-prehransko-dopolnilo","8":"product_tag-vitamini","10":"first","11":"instock","12":"taxable","13":"shipping-taxable","14":"purchasable","15":"product-type-variable","16":"has-default-attributes"},"_links":{"self":[{"href":"https:\/\/neguj.se\/trgovina\/wp-json\/wp\/v2\/product\/2602"}],"collection":[{"href":"https:\/\/neguj.se\/trgovina\/wp-json\/wp\/v2\/product"}],"about":[{"href":"https:\/\/neguj.se\/trgovina\/wp-json\/wp\/v2\/types\/product"}],"replies":[{"embeddable":true,"href":"https:\/\/neguj.se\/trgovina\/wp-json\/wp\/v2\/comments?post=2602"}],"wp:featuredmedia":[{"embeddable":true,"href":"https:\/\/neguj.se\/trgovina\/wp-json\/wp\/v2\/media\/2603"}],"wp:attachment":[{"href":"https:\/\/neguj.se\/trgovina\/wp-json\/wp\/v2\/media?parent=2602"}],"wp:term":[{"taxonomy":"product_brand","embeddable":true,"href":"https:\/\/neguj.se\/trgovina\/wp-json\/wp\/v2\/product_brand?post=2602"},{"taxonomy":"product_cat","embeddable":true,"href":"https:\/\/neguj.se\/trgovina\/wp-json\/wp\/v2\/product_cat?post=2602"},{"taxonomy":"product_tag","embeddable":true,"href":"https:\/\/neguj.se\/trgovina\/wp-json\/wp\/v2\/product_tag?post=2602"}],"curies":[{"name":"wp","href":"https:\/\/api.w.org\/{rel}","templated":true}]}}