{"id":2587,"date":"2024-09-21T10:02:51","date_gmt":"2024-09-21T09:02:51","guid":{"rendered":"https:\/\/neguj.se\/trgovina\/?post_type=product&#038;p=2587"},"modified":"2024-10-10T12:14:04","modified_gmt":"2024-10-10T11:14:04","slug":"anti-age-oljne-kapsule","status":"publish","type":"product","link":"https:\/\/neguj.se\/trgovina\/izdelek\/anti-age-oljne-kapsule\/","title":{"rendered":"Anti-age oljne kapsule dr. E. Voss"},"content":{"rendered":"<h1>Oil Serum &#8211; Advanced Youth Capsule<\/h1>\n<div>\n<h2 class=\"product-title\">Anti-age oljne kapsule s 6 kozmeti\u010dno aktivnimi sestavinami<\/h2>\n<\/div>\n<div><\/div>\n<div>\n<div class=\"short-description\">\n<p><b>Opis:<\/b><\/p>\n<p>Napredne anti-aging kapsule vsebujejo luksuzno me\u0161anico negovalnih olj:<\/p>\n<ul>\n<li>Olje dvoletnega svetlina (Oenothera biennis): bogato z linolno kislino, ki ima \u0161e posebno negovalni u\u010dinek na ko\u017eo. Ko\u017eo pomaga za\u0161\u010dititi pred izgubo vlage. \u0160e posebno primerno za nego ob\u010dutljive in suhe ko\u017ee.<\/li>\n<li>Olje redkve (Raphanus sativus): negovalno olje, ki ga ko\u017ea dobro vpija. Ko\u017eo pomirja z vitaminom C in cinkom.<\/li>\n<li>Laneno olje, olje semen trpot\u010dastega gadovca (Echium plantagineum) in son\u010dni\u010dno olje (Helianthus annuus): bogata z lovilci prostih radikalov in pomirjajo ko\u017eo.<\/li>\n<li>Jojobino olje (Simmondsia chinensis): ta teko\u010di rastlinski vosek, ki ga dobro prena\u0161ajo vse vrste ko\u017ee, ko\u017eo oskrbuje z vlago.<\/li>\n<li>Q10: v obliki mikro kapsul hrani ko\u017ene celice in podpira lastno regeneracijo ko\u017ee.<\/li>\n<li>Izvle\u010dek morskega koprca: ta rastlinski izvle\u010dek zmanj\u0161a pigmentacijo, ki jo pri svetlej\u0161ih tipih ko\u017ee povzro\u010dajo UV-\u017earki.<\/li>\n<li>Beljakovine rastnega dejavnika: podpirajo naravno delovanje celic in jih pomladijo.<\/li>\n<li>Ceramid III: podpira lipidno strukturo naravne ko\u017ene pregrade.<\/li>\n<li>Signalni peptid Matrixyl\u2122: spodbuja nastanek kolagena, saj spodbuja celice ko\u017ee k njegovi proizvodnji.<\/li>\n<li>Rastlinski izvle\u010dek male korinde (Cardiospermum halicacabum): mala korinda tradicionalno deluje tako, da zavira vnetja, bla\u017ei srbe\u010dico in vla\u017ei ko\u017eo.<\/li>\n<\/ul>\n<\/div>\n<p><b>Pakiranje:<\/b> 30 x 0,5ml<\/p>\n<p><b>Uporaba:<\/b>Ena kapsula zadostuje za enkratno uporabo na obrazu. Nanesite zjutraj in zve\u010der ter vmasirajte. Nato uporabite ustrezno kremo z za\u0161\u010dito LIA.<\/p>\n<p><b>Sestavine:<\/b>SQUALANE, OENOTHERA BIENNIS OIL, RAPHANUS SATIVUS OIL, FLAX SEED OIL, SIMMONDSIA CHINENSIS SEED OIL, ECHIUM PLANTAGINEUM SEED OIL, ALPHA BISABOLOL, UBIQUINONE, CRITHMUM MARITIMUM CALLUS CULTURE FILTRATE, EPIDERMAL GROWTH FACTOR, ACIDIC FIBROBLAST GROWTH FACTOR, RECOMBINANT HUMAN BASIC-FIBROBLAST GROWTH FACTOR, KERATINOCYTE GROWTH FACTOR, PLATELET-DERIVED GROWTH FACTOR, CERAMIDE III, DIPEPTIDE DIAMINOBUTYROYL BENZYLAMIDE DIACETATE, DIPEPTIDE, TETRAPEPTIDE, PALMITOYL PENTAPEPTIDE-3, ACETYL HEXAPEPTIDE-3, CYCLOPENTASILOXANE, HELIANTHUS ANNUUS SEED OIL, CARDIOSPERMUM HALICACABUM FLOWER\/LEAF\/VINE EXTRACT, TOCOPHEROL, MAGNOLIA, BERGAMOT, ROSE EXTRACT, MUSK ROSE, GARDENIA, PEARL POWDER<\/p>\n<\/div>\n","protected":false},"excerpt":{"rendered":"<p>Oil Serum &#8211; Advanced Youth Capsule Anti-age oljne kapsule s 6 kozmeti\u010dno aktivnimi sestavinami Opis: Napredne anti-aging kapsule vsebujejo luksuzno&#8230;<\/p>\n","protected":false},"featured_media":2590,"comment_status":"closed","ping_status":"closed","template":"","meta":[],"product_brand":[],"product_cat":[70,34],"product_tag":[381,391],"class_list":{"0":"post-2587","1":"product","2":"type-product","3":"status-publish","4":"has-post-thumbnail","6":"product_cat-dr-e-voss","7":"product_cat-negovalna-kozmetika","8":"product_tag-anti-age","9":"product_tag-olje","11":"first","12":"instock","13":"taxable","14":"shipping-taxable","15":"product-type-variable","16":"has-default-attributes"},"_links":{"self":[{"href":"https:\/\/neguj.se\/trgovina\/wp-json\/wp\/v2\/product\/2587"}],"collection":[{"href":"https:\/\/neguj.se\/trgovina\/wp-json\/wp\/v2\/product"}],"about":[{"href":"https:\/\/neguj.se\/trgovina\/wp-json\/wp\/v2\/types\/product"}],"replies":[{"embeddable":true,"href":"https:\/\/neguj.se\/trgovina\/wp-json\/wp\/v2\/comments?post=2587"}],"wp:featuredmedia":[{"embeddable":true,"href":"https:\/\/neguj.se\/trgovina\/wp-json\/wp\/v2\/media\/2590"}],"wp:attachment":[{"href":"https:\/\/neguj.se\/trgovina\/wp-json\/wp\/v2\/media?parent=2587"}],"wp:term":[{"taxonomy":"product_brand","embeddable":true,"href":"https:\/\/neguj.se\/trgovina\/wp-json\/wp\/v2\/product_brand?post=2587"},{"taxonomy":"product_cat","embeddable":true,"href":"https:\/\/neguj.se\/trgovina\/wp-json\/wp\/v2\/product_cat?post=2587"},{"taxonomy":"product_tag","embeddable":true,"href":"https:\/\/neguj.se\/trgovina\/wp-json\/wp\/v2\/product_tag?post=2587"}],"curies":[{"name":"wp","href":"https:\/\/api.w.org\/{rel}","templated":true}]}}