{"id":2576,"date":"2024-09-21T07:55:08","date_gmt":"2024-09-21T06:55:08","guid":{"rendered":"https:\/\/neguj.se\/trgovina\/?post_type=product&#038;p=2576"},"modified":"2024-10-10T12:14:08","modified_gmt":"2024-10-10T11:14:08","slug":"krema-za-dekolte","status":"publish","type":"product","link":"https:\/\/neguj.se\/trgovina\/izdelek\/krema-za-dekolte\/","title":{"rendered":"Krema za dekolte"},"content":{"rendered":"<h1>Firming Decollete Cream<\/h1>\n<div>\n<h2 class=\"product-title\">KREMA ZA DEKOLTE dr. E. Voss<\/h2>\n<\/div>\n<div><\/div>\n<div><\/div>\n<div>\n<p><b>Opis:<\/b><\/p>\n<p>HYA 4 WHITE PLUS vsebuje 5 aktivnih sestavin katere vsaka po svoje prekinjajo nastajanje melanina v petih razli\u010dnih stopnjah procesa od branja zapisa DNA do kon\u010dnega u\u010dinka, ko melanin vznikne na zgornji plasti epidermisa in opazimo pigmentni made\u017e. \u0160tiri od petih sestavin vplivajo tudi na posvetlitev in enakomeren ten ko\u017ee.<span class=\"Apple-converted-space\">\u00a0\u00a0<\/span>HYA 4 WHITE PLUS obenem zagotavlja tudi za\u0161\u010dito pred prostimi radikali in UVA svetlobo. Zaradi ve\u010dstranskega pristopa gre za edinstven proizvod v svetovnem merilu.<\/p>\n<\/div>\n<div class=\"short-description\">\n<div class=\"short-description\">\n<p>Gel za posvetlitev ko\u017ee HYA 4 WHITE PLUS je primeren za vse tipe ko\u017ee. Gel za posvetlitev ko\u017ee HYA 4 WHITE PLUS je primeren za vse tipe ko\u017ee.<\/p>\n<div class=\"short-description\">\n<p><b>Opis:<\/b>KREMA ZA U\u010cVRSTITEV KO\u017dE DEKOLTEJA vsebuje:<\/p>\n<ul>\n<li>LMS z dodanimi posebnimi lipidi, ki krepijo ko\u017eno bariero in zagotavljajo ter ohranjajo vlago v kombinaciji z na\u0161im inteligentnim lovilcem prostih radikalov HDBM.<\/li>\n<li>Inovativen, stabilen vitamin C kot biolo\u0161ki lovilec prostih radikalov v vodni fazi in kot oja\u010devalec delovanja kolagena, deluje tudi proti motnjam pigmentacije.<\/li>\n<li>Hialuronska kislina u\u010dvrsti ko\u017eo tako, da pove\u010da vsebnost vlage in je u\u010dinkovit lovilec prostih radikalov.<\/li>\n<li>Vitamin B3 je najpomembnej\u0161i vitamin za ko\u017eo. Ima \u0161tevilne pozitivne u\u010dinke: med drugim krepi lipidno bariero ko\u017ee ter deluje proti po\u0161kodbam ko\u017ee in motnjam pigmenta, ki nastanejo zaradi UV-sevanja.<\/li>\n<li>Naravna snov Ectoin\u00ae je zagotovilo za pre\u017eivetje \u0161tevilnih mikroorganizmov, ki jih za\u0161\u010diti pred izsu\u0161itvijo v skrajnih razmerah.<\/li>\n<\/ul>\n<p>Ko\u017ea je pomirjena, negovana in za\u0161\u010ditena.<\/p>\n<\/div>\n<p><b>Pakiranje:<\/b>\u00a0dozirka, 50 ml<\/p>\n<p><b>Uporaba:<\/b><\/p>\n<p>Kremo za dekolte nanesite na \u010dist in suh predel dekolteja. Za \u0161e bolj\u0161i u\u010dinek kreme je priporo\u010dljivo prej narediti kokosov piling z LMS.<\/p>\n<p><b>Sestavine:<\/b><\/p>\n<p>AQUA, PROPYLHEPTYL CAPRYLATE, CAPRYLIC\/CAPRIC TIGLYCERIDE, NIACINAMIDE, GLYCERIN, LIMNATHES ALBA SEED OIL, PENTYLENE GLYACOL, BUTYROSPERMUM PARKII BUTTER, BIS-ETHYLHEXYL HYDROXYDIMETHOXY BENZYLMALONATE, HYDROGENATED PHOSPHATIDYLCHOLINE, PROPANEDIOL, 1,2-HEXANEDIOL, ASCORBYL GLUCOSIDE, ECTOIN, SODIUM HYALURONATE, SODIUM ACRYLATE\/SODIUM ACRYLOYLDIMETHYL TAURATE COPOLYMER, ACRYLATES\/VINYL ISODECANOATE CROSSPOLYMER, SQUALANE, ALOE BARBADENSIS LEAF JUICE, CAPRYLHYDROXAMIC ACID, SODIUM HYDROXIDE, CERAMIDE NP, TOCOPHEROL, GLYCINE SOJA OIL<\/p>\n<\/div>\n<\/div>\n","protected":false},"excerpt":{"rendered":"<p>Firming Decollete Cream KREMA ZA DEKOLTE dr. E. Voss Opis: HYA 4 WHITE PLUS vsebuje 5 aktivnih sestavin katere vsaka&#8230;<\/p>\n","protected":false},"featured_media":2578,"comment_status":"closed","ping_status":"closed","template":"","meta":[],"product_brand":[],"product_cat":[70,34],"product_tag":[157,387],"class_list":{"0":"post-2576","1":"product","2":"type-product","3":"status-publish","4":"has-post-thumbnail","6":"product_cat-dr-e-voss","7":"product_cat-negovalna-kozmetika","8":"product_tag-dekolte","9":"product_tag-krema-za-dekolte","11":"first","12":"instock","13":"taxable","14":"shipping-taxable","15":"purchasable","16":"product-type-variable"},"_links":{"self":[{"href":"https:\/\/neguj.se\/trgovina\/wp-json\/wp\/v2\/product\/2576"}],"collection":[{"href":"https:\/\/neguj.se\/trgovina\/wp-json\/wp\/v2\/product"}],"about":[{"href":"https:\/\/neguj.se\/trgovina\/wp-json\/wp\/v2\/types\/product"}],"replies":[{"embeddable":true,"href":"https:\/\/neguj.se\/trgovina\/wp-json\/wp\/v2\/comments?post=2576"}],"wp:featuredmedia":[{"embeddable":true,"href":"https:\/\/neguj.se\/trgovina\/wp-json\/wp\/v2\/media\/2578"}],"wp:attachment":[{"href":"https:\/\/neguj.se\/trgovina\/wp-json\/wp\/v2\/media?parent=2576"}],"wp:term":[{"taxonomy":"product_brand","embeddable":true,"href":"https:\/\/neguj.se\/trgovina\/wp-json\/wp\/v2\/product_brand?post=2576"},{"taxonomy":"product_cat","embeddable":true,"href":"https:\/\/neguj.se\/trgovina\/wp-json\/wp\/v2\/product_cat?post=2576"},{"taxonomy":"product_tag","embeddable":true,"href":"https:\/\/neguj.se\/trgovina\/wp-json\/wp\/v2\/product_tag?post=2576"}],"curies":[{"name":"wp","href":"https:\/\/api.w.org\/{rel}","templated":true}]}}