{"id":2566,"date":"2024-09-19T19:27:44","date_gmt":"2024-09-19T18:27:44","guid":{"rendered":"https:\/\/neguj.se\/trgovina\/?post_type=product&#038;p=2566"},"modified":"2024-10-10T12:14:14","modified_gmt":"2024-10-10T11:14:14","slug":"komplet-za-nego-mlade-koze-set-2b","status":"publish","type":"product","link":"https:\/\/neguj.se\/trgovina\/izdelek\/komplet-za-nego-mlade-koze-set-2b\/","title":{"rendered":"Komplet za nego mlade ko\u017ee &#8211; Set 2b"},"content":{"rendered":"<h1>dr. E. Voss :: Komplet za nego mlade ko\u017ee &#8211; Set #2b<\/h1>\n<p>&nbsp;<\/p>\n<div><em>Vsako ko\u017ea, tudi mladostna potrebuje nego.<\/em><\/div>\n<div><\/div>\n<div><\/div>\n<div class=\"short-description\">\n<div class=\"short-description\">\n<p><b>Opis:<\/b><\/p>\n<p><strong>MICRO FOAM CLEANSER<\/strong>: je ne\u017ena, rahlo di\u0161e\u010da mikro pena, ki ko\u017eo o\u010disti, obenem pa zaradi visoki vsebnosti aloe vera gela in pantenola u\u010dinkuje negovalno. Primerna je tudi za ob\u010dutljivo ko\u017eo. \u010cistilni izdelek ima ko\u017ei nevtralen pH.<\/p>\n<p><strong>LIA C 6\u00ae 24 HOUR CREAM<\/strong>: lahka dnevna krema, ki ko\u017eo temeljito za\u0161\u010diti pred zunanjimi vplivi, jo skrbno neguje in poskrbi, da ohranja mladosten videz. Krema za mlado, mastno, me\u0161ano in normalno ko\u017eo vsebuje za\u0161\u010dito LIA (zelo visoka UVA za\u0161\u010dita, namerno ni\u017eja UVB za\u0161\u010dita (pribli\u017eno 85-odstotna absorpcija UVB svetlobe s strani filtrov) ter HDBM \u2013 pametni lovilec prostih radikalov).<\/p>\n<p><strong>HYA 4 AKNEX<\/strong>: ve\u010dstranski gel za mastno ko\u017eo, nagnjeno k vnetju. 8 aktivnih sestavin hkrati deluje na vse vzroke in simptome mastne in k vnetjem nagnjene ko\u017ee ter hkrati zmanj\u0161uje ob\u010dutek dra\u017eenja. Oleanolna kislina izbolj\u0161a hormonsko ravnovesje ko\u017ee, NDGA uravnava epidermalno keratinizacijo, visok odmerek vitamina B3 (niacinamid), provitamin B5 (pantenol) in madecassoside madekasoside delujejo sebostati\u010dno in protivnetno, medtem ko proteoliti\u010dni encim papain u\u010dinkovito odstranjuje odmrle celice poro\u017eenele plasti epidermisa. S tem se zmanj\u0161a zastajanje sebuma v foliklih, onemogo\u010di se razmno\u017eevanje bakterij P. acnes in prepre\u010di vnetni proces. Tako se hkrati u\u010dinkovito spopademo s \u0161tirimi glavnimi vzroki za nastanek aken.<\/p>\n<\/div>\n<p><b>Pakiranje:<\/b>\u00a0dozirke; MICRO FOAM CLEANSER 50ml, LIA C 6\u00ae 24 HOUR CREAM in HYA 4 AKNEX po 15 ml<\/p>\n<p><b>Sestavine:<\/b><\/p>\n<p><strong>MICRO FOAM CLEANSER<\/strong>: AQUA, ALOE BARBADENSIS LEAF JUICE, GLYCERIN, COCAMIDOPROPYL BETAINE, COCO-GLUCOSIDE, PANTHENOL, PENTYLENE GLYCOL, CITRIC ACID, PARFUM, 1,2-HEXANEDIOL, CAPRYLHYDROXAMIC ACID, LIMONENE, LINALOOL<\/p>\n<p><strong>LIA C 6\u00ae 24 HOUR CREAM<\/strong>: AQUA, GLYCERIN, OCTOCRYLENE, C12-15 ALKYL BENZOATE, BUTYL METHOXYDIBENZOYLMETHANE, DIETHYLAMINO HYDROXYBENZOYL HEXYL BENZOATE, PENTYLENE GLYCOL, PROPANEDIOL, PROPYLHEPTYL CAPRYLATE, LIMNANTHES ALBA SEED OIL, BIS-ETHYLHEXYL HYDROXYDIMETHOXY BENZYLMALONATE, TOCOPHERYL ACETATE, 1,2-HEXANEDIOL, CAPRYLIC\/CAPRIC TRIGLYCERIDE, HYDROGENATED PHOSPHATIDYLCHOLINE, PARFUM, BUTYROSPERMUM PARKII BUTTER, ACRYLATES\/VINYL ISODECANOATE CROSSPOLYMER, HYDROXYETHYLCELLULOSE, SODIUM ACRYLATE\/SODIUM ACRYLOYLDIMETHYL TAURATE COPOLYMER, SQUALANE, CAPRYLHYDROXAMIC ACID, LINALOOL, LIMONENE, CITRONELLOL, CERAMIDE NP, GERANIOL<\/p>\n<p><strong>HYA 4 AKNEX<\/strong>: AQUA, BUTYLENE GLYCOL, NIACINAMIDE, PANTHENOL, SODIUM HYALURONATE, CAPRYLYL GLYCOL, MADECASSOSIDE, 1,2 HEXANEDIOL, PEG-60 ALMOND GLYCERIDES, GLYCERIN, PENTYLENE GLYCOL, HYDROXYPHENYL PROPAMIDOBENZOIC ACID, PAPAIN\/CARBOMER COPOLYMER, TROPOLONE, CARBOMER, NORDIHYDROGUAIARETIC ACID, OLEANOLIC ACID, ALGIN<\/p>\n<\/div>\n","protected":false},"excerpt":{"rendered":"<p>Vzemi samo najbolj\u0161e:<\/p>\n<p>SET 1 \u2012 LIA C6 DAY CREAM, LIA C6 NIGHT CREAM, HYA 4 DEEP LIFT Q10<\/p>\n","protected":false},"featured_media":2568,"comment_status":"closed","ping_status":"closed","template":"","meta":[],"product_brand":[],"product_cat":[70,34],"product_tag":[381,383,382],"class_list":{"0":"post-2566","1":"product","2":"type-product","3":"status-publish","4":"has-post-thumbnail","6":"product_cat-dr-e-voss","7":"product_cat-negovalna-kozmetika","8":"product_tag-anti-age","9":"product_tag-anti-age-komplet","10":"product_tag-komplet-izdelkov","12":"first","13":"instock","14":"taxable","15":"shipping-taxable","16":"purchasable","17":"product-type-variable","18":"has-default-attributes"},"_links":{"self":[{"href":"https:\/\/neguj.se\/trgovina\/wp-json\/wp\/v2\/product\/2566"}],"collection":[{"href":"https:\/\/neguj.se\/trgovina\/wp-json\/wp\/v2\/product"}],"about":[{"href":"https:\/\/neguj.se\/trgovina\/wp-json\/wp\/v2\/types\/product"}],"replies":[{"embeddable":true,"href":"https:\/\/neguj.se\/trgovina\/wp-json\/wp\/v2\/comments?post=2566"}],"wp:featuredmedia":[{"embeddable":true,"href":"https:\/\/neguj.se\/trgovina\/wp-json\/wp\/v2\/media\/2568"}],"wp:attachment":[{"href":"https:\/\/neguj.se\/trgovina\/wp-json\/wp\/v2\/media?parent=2566"}],"wp:term":[{"taxonomy":"product_brand","embeddable":true,"href":"https:\/\/neguj.se\/trgovina\/wp-json\/wp\/v2\/product_brand?post=2566"},{"taxonomy":"product_cat","embeddable":true,"href":"https:\/\/neguj.se\/trgovina\/wp-json\/wp\/v2\/product_cat?post=2566"},{"taxonomy":"product_tag","embeddable":true,"href":"https:\/\/neguj.se\/trgovina\/wp-json\/wp\/v2\/product_tag?post=2566"}],"curies":[{"name":"wp","href":"https:\/\/api.w.org\/{rel}","templated":true}]}}