{"id":2561,"date":"2024-09-19T19:00:43","date_gmt":"2024-09-19T18:00:43","guid":{"rendered":"https:\/\/neguj.se\/trgovina\/?post_type=product&#038;p=2561"},"modified":"2024-10-10T12:14:16","modified_gmt":"2024-10-10T11:14:16","slug":"komplet-za-anti-age-set1","status":"publish","type":"product","link":"https:\/\/neguj.se\/trgovina\/izdelek\/komplet-za-anti-age-set1\/","title":{"rendered":"Komplet za Anti-Age Set 1"},"content":{"rendered":"<h1>dr. E. Voss :: Anti-Age Set #1<\/h1>\n<p>&nbsp;<\/p>\n<div><em>V kompletu je vse kar potrebuje vsaka moderna \u017eenska.<\/em><\/div>\n<div><\/div>\n<div><\/div>\n<div class=\"short-description\">\n<p><b>Opis:<\/b><\/p>\n<p><strong>LIA C 6\u00ae DAY CREAM<\/strong>\u00a0je dnevna krema za normalno do zmerno suho ko\u017eo. Krema optimalno za\u0161\u010diti ko\u017eo pred zunanjimi vplivi in ji nudi vse, kar potrebuje za skrbno negovan mladosten videz.S tri-slojnimi UVA filtri, ki se v kombinaciji z LMS \u00bbzasidrajo\u00ab v poro\u017eeneli plasti epidermisa (in ne prodirajo globje v ko\u017eo) ter z dodatno pomo\u010djo \u00bbpametnega\u00ab lovilca prostih radikalov HDBM (20x mo\u010dnej\u0161i od vitamina E), dose\u017eemo zelo visoko za\u0161\u010dito pred UVA. Vsebuje tudi visoko u\u010dinkovite signalne peptide, ki delujejo kot spodbujevalci nastajanja novega kolagena in elastina (Matrixyl\u00ae in Idealift).<\/p>\n<p><strong>LIA C 6\u00ae NIGHT CREAM<\/strong>\u00a0je no\u010dna krema, namenjena intenzivni regeneraciji ko\u017ee, ki spodbuja procese obnavljanja ko\u017ee med spanjem. Vsebuje aktivne sestavine za glajenje gub, ki delujejo kot spodbujevalci kolagena in elastina (Matrixyl\u00ae in Idealift) aktivno u\u010dinkovino, podobno vitaminu A, pridobljeno iz morskega jane\u017ea (AROLEAT SAMPHIRA) ter signalne peptide proti staranju ko\u017ee.<\/p>\n<p><strong>HYA 4 DEEP LIFT Q10<\/strong>\u00a0je zelo mo\u010dan hialuronski gel, saj vsebuje kar enajst aktivnih u\u010dinkovin razli\u010dnih razredov (od tega 5 kolagenskih aktivatorjev), ki v kombinaciji s \u0161tiriveri\u017enim sistemom hialuronskih kislin prodrejo globlje v ko\u017eo in na ve\u010d na\u010dinov zasledujejo isti cilj \u2013 glajenje gub in sve\u017e videz ko\u017ee. HYA 4 DEEP LIFT Q10 je primeren za vse tipe ko\u017ee.<\/p>\n<\/div>\n<p><b>Pakiranje:<\/b>\u00a03 x 15 ml<\/p>\n<p><b>Sestavine:<\/b><\/p>\n<p><strong>HYA 4 DEEP LIFT Q10<\/strong>: AQUA, GLYCERIN, SODIUM HYALURONATE, BUTYLENE GLYCOL, PENTYLENE GLYCOL, PROPANEDIOL, L-PROLINE, MADECASSOSIDE, CALCIUM KETOGLUCONATE, LEONTOPODIUM ALPINUM CALLUS CULTURE, 1,2- HEXANEDIOL, MANNAN, UBIQUINONE, CAPRYLHYDROXAMIC ACID, SODIUM CARBOXYMETHYL BETAGLUCAN, BIOSACCHARIDE GUM-1, CITRIC ACID, CAPRYLYL GLYCOL, CAPRYLIC\/CAPRIC TRIGLYCERIDE, LECITHIN, ACETYL DIPEPTIDE-1 CETYL ESTER, SODIUM LEVULINATE, CARBOMER, DIPEPTIDE DIAMINOBUTYROYL BENZYLAMIDE DIACETATE, XANTHAN GUM, SODIUM ANISATE, ACETYL HEXAPEPTIDE-3, PALMITOYL TRIPEPTIDE-1, PALMITOYL TETRAPEPTIDE-7, GLYCERYL CAPRYLATE<\/p>\n<p><strong>LIA C 6\u00ae DAY CREAM<\/strong>: AQUA, BUTYROSPERMUM PARKII BUTTER, GLYCERIN, BUTYLENE GLYCOL, OCTOCRYLENE, BUTYL METHOXYDIBENZOYLMETHANE, CAPRYLIC\/CAPRIC TRIGLYCERIDE, HYDROGENATED PHOSPHATIDYLCHOLIN, PENTYLENE GLYCOL, PROPYLHEPTYL CAPRYLATE, LIMNANTHES ALBA SEED OIL, DIETHYLAMINO HYDROXYBENZOYL HEXYL BENZOATE, PROPANEDIOL, C 12-15 ALKYL BENZOATE, BIS-ETHYLHEXYL HYDROXYDIMETHOXY BENZYLMALONATE, TOCOPHERYL ACETATE, 1,2- HEXANEDIOL, PARF\u00dcM, SQUALANE, SODIUM ACRYLATE \/ SODIUM ACRYLOYLDI METHYL TAU RATE COPOLYMER, ACRYLATES\/VINYL ISODECANOATE CROSSPOLYMER, HYDROXYETHYLCELLULOSE, CAPRYLHYDROXAMIC ACID, LINALOOL, LIMONENE, ACETYL DIPEPTIDE-1 CETYL ESTER, CARBOMER, CERAMIDE NP, CITRONELLOL, GERANIOL, PALMITOYL TRIPEPTIDE-1, PALMITOYL TETRAPEPTIDE-7<\/p>\n<p><strong>LIA C 6\u00ae NIGHT CREAM<\/strong>: AQUA, CAPRYLIC\/CAPRIC TRIGLYCERIDE, BUTYROSPERMUM PARKII BUTTER, GLYCERIN, PROPYLHEPTYL CAPRYLATE, BUTYLENE GLYCOL, HYDROGENATED PHOSPHA-TIDYLCHOLIN, PENTYLENE GLYCOL, PROPANEDIOL, BIS-ETHYLHEXYL HYDROXYDIMETHOXY BENZYLMALONATE, TOCOPHERYLACETATE, 1,2-HEXANEDIOL, PARFUM, ACRYLATES\/VINYL ISODECANOATE CROSSPOLYMER, SQUALANE, SODIUM ACRYLATE \/ SODIUM ACRYLOYLDIMETHYL TAURATE COPOLYMER, HYDROGENATED VEGETABLE OIL, CAPRYLHYDROXAMIC ACID, LINALOOL, LIMONENE, HYDROXYETHYLCELLULOSE, CRITHMUM MARITIMUM EXTRACT, CARBOMER, CERAMIDE NP, ACETYL DIPEPTIDE-1 CETYL ESTER, CITRONELLOL, GERANIOL, PALMITOYLTRIPEPTIDE-1, PALMITOYLTETRA- PEPTIDE-7<\/p>\n","protected":false},"excerpt":{"rendered":"<p>Vzemi samo najbolj\u0161e:<\/p>\n<p>SET 1 \u2012 LIA C6 DAY CREAM, LIA C6 NIGHT CREAM, HYA 4 DEEP LIFT Q10<\/p>\n","protected":false},"featured_media":2563,"comment_status":"closed","ping_status":"closed","template":"","meta":[],"product_brand":[],"product_cat":[70,34],"product_tag":[381,383,382],"class_list":{"0":"post-2561","1":"product","2":"type-product","3":"status-publish","4":"has-post-thumbnail","6":"product_cat-dr-e-voss","7":"product_cat-negovalna-kozmetika","8":"product_tag-anti-age","9":"product_tag-anti-age-komplet","10":"product_tag-komplet-izdelkov","12":"first","13":"instock","14":"taxable","15":"shipping-taxable","16":"purchasable","17":"product-type-variable","18":"has-default-attributes"},"_links":{"self":[{"href":"https:\/\/neguj.se\/trgovina\/wp-json\/wp\/v2\/product\/2561"}],"collection":[{"href":"https:\/\/neguj.se\/trgovina\/wp-json\/wp\/v2\/product"}],"about":[{"href":"https:\/\/neguj.se\/trgovina\/wp-json\/wp\/v2\/types\/product"}],"replies":[{"embeddable":true,"href":"https:\/\/neguj.se\/trgovina\/wp-json\/wp\/v2\/comments?post=2561"}],"wp:featuredmedia":[{"embeddable":true,"href":"https:\/\/neguj.se\/trgovina\/wp-json\/wp\/v2\/media\/2563"}],"wp:attachment":[{"href":"https:\/\/neguj.se\/trgovina\/wp-json\/wp\/v2\/media?parent=2561"}],"wp:term":[{"taxonomy":"product_brand","embeddable":true,"href":"https:\/\/neguj.se\/trgovina\/wp-json\/wp\/v2\/product_brand?post=2561"},{"taxonomy":"product_cat","embeddable":true,"href":"https:\/\/neguj.se\/trgovina\/wp-json\/wp\/v2\/product_cat?post=2561"},{"taxonomy":"product_tag","embeddable":true,"href":"https:\/\/neguj.se\/trgovina\/wp-json\/wp\/v2\/product_tag?post=2561"}],"curies":[{"name":"wp","href":"https:\/\/api.w.org\/{rel}","templated":true}]}}