{"id":2553,"date":"2024-09-19T18:05:27","date_gmt":"2024-09-19T17:05:27","guid":{"rendered":"https:\/\/neguj.se\/trgovina\/?post_type=product&#038;p=2553"},"modified":"2024-10-10T12:14:20","modified_gmt":"2024-10-10T11:14:20","slug":"razkuzilo-za-roke","status":"publish","type":"product","link":"https:\/\/neguj.se\/trgovina\/izdelek\/razkuzilo-za-roke\/","title":{"rendered":"Razku\u017eilo za roke"},"content":{"rendered":"<h2>HAND SANITIZER<\/h2>\n<p>&nbsp;<\/p>\n<div class=\"short-description\">\n<p><b>Opis:<\/b>Razku\u017eilo, ki ne slu\u017ei le razku\u017eevanju rok, temve\u010d tudi negi ko\u017ee, saj zaradi njegove sestave po uporabi ne pu\u0161\u010da suhe ko\u017ee, temve\u010d navla\u017eeno in mehko ter izbolj\u0161a ko\u017eno bariero. Brez barvil in di\u0161av.<\/p>\n<\/div>\n<p><b>Pakiranje:<\/b>\u00a0100 ml<\/p>\n<p><b>Sestavine:<\/b><\/p>\n<p>AQUA, ETHANOL, NIACINAMIDE, ALOE BARBADENSIS LEAF JUICE POWDER, SODIUM HYALURONATE, PANTHENOL, CARBOMER With 70% alcohol, without colorants and perfume.<\/p>\n","protected":false},"excerpt":{"rendered":"<p>HAND SANITIZER &nbsp; Opis:Razku\u017eilo, ki ne slu\u017ei le razku\u017eevanju rok, temve\u010d tudi negi ko\u017ee, saj zaradi njegove sestave po uporabi&#8230;<\/p>\n","protected":false},"featured_media":2555,"comment_status":"closed","ping_status":"closed","template":"","meta":[],"product_brand":[],"product_cat":[70],"product_tag":[379,378],"class_list":{"0":"post-2553","1":"product","2":"type-product","3":"status-publish","4":"has-post-thumbnail","6":"product_cat-dr-e-voss","7":"product_tag-cistila","8":"product_tag-razkuzilo","10":"first","11":"instock","12":"taxable","13":"shipping-taxable","14":"purchasable","15":"product-type-variable","16":"has-default-attributes"},"_links":{"self":[{"href":"https:\/\/neguj.se\/trgovina\/wp-json\/wp\/v2\/product\/2553"}],"collection":[{"href":"https:\/\/neguj.se\/trgovina\/wp-json\/wp\/v2\/product"}],"about":[{"href":"https:\/\/neguj.se\/trgovina\/wp-json\/wp\/v2\/types\/product"}],"replies":[{"embeddable":true,"href":"https:\/\/neguj.se\/trgovina\/wp-json\/wp\/v2\/comments?post=2553"}],"wp:featuredmedia":[{"embeddable":true,"href":"https:\/\/neguj.se\/trgovina\/wp-json\/wp\/v2\/media\/2555"}],"wp:attachment":[{"href":"https:\/\/neguj.se\/trgovina\/wp-json\/wp\/v2\/media?parent=2553"}],"wp:term":[{"taxonomy":"product_brand","embeddable":true,"href":"https:\/\/neguj.se\/trgovina\/wp-json\/wp\/v2\/product_brand?post=2553"},{"taxonomy":"product_cat","embeddable":true,"href":"https:\/\/neguj.se\/trgovina\/wp-json\/wp\/v2\/product_cat?post=2553"},{"taxonomy":"product_tag","embeddable":true,"href":"https:\/\/neguj.se\/trgovina\/wp-json\/wp\/v2\/product_tag?post=2553"}],"curies":[{"name":"wp","href":"https:\/\/api.w.org\/{rel}","templated":true}]}}