{"id":2239,"date":"2023-02-07T12:05:34","date_gmt":"2023-02-07T11:05:34","guid":{"rendered":"https:\/\/neguj.se\/trgovina\/?post_type=product&#038;p=2239"},"modified":"2023-02-16T20:04:56","modified_gmt":"2023-02-16T19:04:56","slug":"serum-retin-x-booster-ab3","status":"publish","type":"product","link":"https:\/\/neguj.se\/trgovina\/izdelek\/serum-retin-x-booster-ab3\/","title":{"rendered":"Serum Retin X Booster AB3"},"content":{"rendered":"<h2 class=\"product-title\">RETIN X BOOSTER AB3<\/h2>\n<h3 class=\"text-uppercase text-theme-colored red-text\">SERUM RETIN X BOOSTER AB3<\/h3>\n<p>&nbsp;<\/p>\n<div class=\"short-description\">\n<p><b>Opis: V izdelku Retin X Booster AB3 <\/b>je kozmeti\u010dno aktivna u\u010dinkovina Retin X dopolnjena z vitaminom B3. Ta rumenkast serum je lahek gel na hialuronski osnovi, ki uravnava <strong>odve\u010dni sebum ter vidno in hitro zmanjpa ne\u010disto\u010de in gube.<\/strong><\/p>\n<p>Z njegovo uporabo postane ko\u017ea \u017eametna in dobro nahranjena.<\/p>\n<p>&nbsp;<\/p>\n<\/div>\n<p><b>Pakiranje:<\/b> dozirka, 15 ml in 30ml<\/p>\n<p><b>Uporaba:<\/b><\/p>\n<p>Gel nanesite zve\u010der na \u010disto in suho ko\u017eo in po\u010dakajte, da se vpije. Nato po potrebi nanesite \u0161e ustrezen gel, serum ali eno od no\u010dnih krem LIA C 6\u00ae.<\/p>\n<p><em><strong>O optimalni izbiri primernega izdeka za va\u0161 tip ko\u017ee se posvetujte s \u0161olanim strokovnjakom.<\/strong><\/em><\/p>\n<p>&nbsp;<\/p>\n<p><strong>Glavne zna\u010dilnosti izdelka:<\/strong><\/p>\n<ul>\n<li>V primerjavi z LMS Retin X no\u010dno kremo ima ta izdelek 2,5 x ve\u010djo koncentracijo kozmeti\u010dno aktivne u\u010dinkovine Retin X.<\/li>\n<li>Zmanj\u0161uje videz \u0161irokih por.<\/li>\n<li>Vitamin B3 krepi za\u0161\u010ditno lipidno bariero ko\u017ee, deluje proti po\u0161kodbam ko\u017ee zaradi UV-\u017earkov in deluje proti nastanku pigmentnih made\u017eev.<\/li>\n<li>V kombinaciji s HYA 4 Aknex deluje proti ne\u010disto\u010dam.<\/li>\n<li>V kombinaciji s HYA 4 White Plus ne\u017eno posvetli hiperpigmentacije ter izena\u010duje ten ko\u017ee.<\/li>\n<li>Za \u0161e bolj\u0161i anti-age u\u010dinek priporo\u010damo kombinacijo z izbranim serumom (HYA4 Q10, HYA4 Revicell, Supreme Glow Eliksir) ter LMS Retin X no\u010dno kremo, ki u\u010dinkovito vla\u017ei in zmanj\u0161a obstoje\u010de gube.<\/li>\n<\/ul>\n<p>&nbsp;<\/p>\n<p><b>Sestavine:<\/b><\/p>\n<p>RETIN X BOOSTER AB3 AQUA, GLYCERIN, NICOTINAMIDE, CAPRYLIC\/CAPRIC TRIGLYCERIDE, PHOSPHATIDYLCHOLINE, PENTYLENE GLYCOL, BIS-ETHYLHEXYL HYDROXYDIMETHOXY BENZYLMALONATE, PROPANEDIOL, 1,2-HEXANEDIOL, HYALURONIC ACID, HYDROXYPINACOLONE RETINOATE, CELLULOSE GUM, CHONDRUS CRISPUS POWDER (CARRAGEENAN), CERATONIA SILIQUA GUM, CAPRYLHYDROXAMIC ACID, GLUCOSE<\/p>\n<p>&nbsp;<\/p>\n<hr \/>\n<h3><\/h3>\n<p>&nbsp;<\/p>\n<h3>Kaj je vitamin A in kako nam ta lahko pomaga?<\/h3>\n<p>Vitamin A pospe\u0161uje celjenje, prepre\u010duje nastanek izbruhov in podpira imunski sistem ko\u017ee ter spodbuja naravno vla\u017eenje, kar pomeni, da ko\u017eo u\u010dinkovito vla\u017ei in ji daje sijo\u010d videz. Pomaga spodbujati in ohranjati zdrav dermis in epidermis, torej zgornji dve plasti ko\u017ee.<\/p>\n<p><strong>Kako to deluje v praksi?<\/strong><\/p>\n<p>Ne glede na to, kako dobri so u\u010dinki vitamina A v kozmetiki, je v praksi na \u017ealost nekaj te\u017eav. Ker vitamin A (imenovan tudi retinol) slabo prena\u0161amo je njegova uporaba v kozmetiki omejena na najve\u010d 1 % vsebnost. Poleg tega obstaja izrazita nestabilnost glede na atmosferski kisik in svetlobo. Oboje skupaj pomeni, da se \u010disti vitamin A skoraj nikoli ne uporablja v kozmetiki, namesto tega se uporabljajo derivati, kot je retinil palmitat. Vendar so ti ve\u010dinoma popolnoma neu\u010dinkoviti.<\/p>\n<p>Zaradi molekularne velikosti retinil palmitat niti ne more prodreti skozi lipidno pregrado.<br \/>\nPoleg omenjenega so v tak\u0161nih primerih zato potrebni trije koraki pretvorbe za sprostitev aktivne sestavine, retinojske kisline.<\/p>\n<p><strong>Vso testiranja so nas pripeljala do naslednjega koraka.<\/strong><\/p>\n<p>Zdaj imamo tu Retin X, ki ima vse pozitivne lastnosti retinojske kisline, vendar je veliko bolj kompatibilen in stabilen kot retinoi\u010dna kislina, <strong>retinol<\/strong> in celo retinil palmitat. Retin X je tako reko\u010d prikrita retinojska kislina, ki se v ko\u017ei pretvori v aktivno obliko v samo enem koraku. Le ob\u010dutljivost na svetlobo ostaja skupna vsem derivatom vitamina A. Kreme zato ne izpostavljajte \u017ego\u010demu soncu in jo uporabljajte kot no\u010dno kremo.<\/p>\n<p>&nbsp;<\/p>\n<p><strong>Da izdelek ni samo \u0161e en izdelek, temve\u010d mnogo ve\u010d.<\/strong><\/p>\n<p><strong>Retin X Booster AB3 priporo\u010damo uporabo v kombinaciji z LMS Retin X no\u010dno kremo<\/strong>. Seveda osnovne lastnosti <strong>no\u010dne kreme Retin X<\/strong> ustrezajo na\u0161im ostalim kremam Lia. So brez emulgatorjev z LMS, imajo signalne peptide kot spodbujevalnike kolagena in elastina, lovilce radikalov ter izdelek je brez konzervansov, parafinov, silikonov in derivatov PEG.<\/p>\n<p>V izdelku je visoka koncentracija vitamina B3 (niacinamid), ker B3 idealno dopolnjuje vitamin A. Oba optimizirata lipidno bariero, oba sta dobra proti ne\u010disti ko\u017ei in oba pomagata proti pigmentnim made\u017eem. Kajti vitamin A je znan tudi po tem, da je u\u010dinkovit proti aknam in pigmentnim motnjam. <strong>No\u010dna krema Retin X<\/strong> vsebuje aktivno sestavino iz sladkega korena, ki daje kremi pomirjujo\u010de lastnosti ko\u017ee.<\/p>\n<p>&nbsp;<\/p>\n<figure id=\"attachment_2248\" aria-describedby=\"caption-attachment-2248\" style=\"width: 900px\" class=\"wp-caption alignnone\"><a href=\"https:\/\/neguj.se\/trgovina\/izdelek\/nocna-krema-retin-x\/\"><img fetchpriority=\"high\" decoding=\"async\" class=\"wp-image-2248 size-full\" src=\"https:\/\/neguj.se\/trgovina\/wp-content\/uploads\/2023\/02\/nocna-krema-retin-x-lms-01.jpg\" alt=\"Retin X LMS - no\u010dna krema E. Voss\" width=\"900\" height=\"200\" title=\"\" srcset=\"https:\/\/neguj.se\/trgovina\/wp-content\/uploads\/2023\/02\/nocna-krema-retin-x-lms-01.jpg 900w, https:\/\/neguj.se\/trgovina\/wp-content\/uploads\/2023\/02\/nocna-krema-retin-x-lms-01-300x67.jpg 300w, https:\/\/neguj.se\/trgovina\/wp-content\/uploads\/2023\/02\/nocna-krema-retin-x-lms-01-768x171.jpg 768w, https:\/\/neguj.se\/trgovina\/wp-content\/uploads\/2023\/02\/nocna-krema-retin-x-lms-01-600x133.jpg 600w\" sizes=\"(max-width: 900px) 100vw, 900px\" \/><\/a><figcaption id=\"caption-attachment-2248\" class=\"wp-caption-text\">dr. E. Voss &#8211; LMS no\u010dna krema Retin X<\/figcaption><\/figure>\n<p>&nbsp;<\/p>\n<p>&nbsp;<\/p>\n","protected":false},"excerpt":{"rendered":"<p>Lahek gel na hialuronski osnovi, ki uravnava odve\u010dni sebum ter vidno in <strong>hitro zmanj\u0161a ne\u010disto\u010de, gube in zmanj\u0161uje videz \u0161irokih por.<\/strong><\/p>\n","protected":false},"featured_media":2242,"comment_status":"closed","ping_status":"closed","template":"","meta":[],"product_brand":[],"product_cat":[70,34],"product_tag":[335,334],"class_list":{"0":"post-2239","1":"product","2":"type-product","3":"status-publish","4":"has-post-thumbnail","6":"product_cat-dr-e-voss","7":"product_cat-negovalna-kozmetika","8":"product_tag-lms-cream","9":"product_tag-retin-x","11":"first","12":"instock","13":"taxable","14":"shipping-taxable","15":"purchasable","16":"product-type-variable"},"_links":{"self":[{"href":"https:\/\/neguj.se\/trgovina\/wp-json\/wp\/v2\/product\/2239"}],"collection":[{"href":"https:\/\/neguj.se\/trgovina\/wp-json\/wp\/v2\/product"}],"about":[{"href":"https:\/\/neguj.se\/trgovina\/wp-json\/wp\/v2\/types\/product"}],"replies":[{"embeddable":true,"href":"https:\/\/neguj.se\/trgovina\/wp-json\/wp\/v2\/comments?post=2239"}],"wp:featuredmedia":[{"embeddable":true,"href":"https:\/\/neguj.se\/trgovina\/wp-json\/wp\/v2\/media\/2242"}],"wp:attachment":[{"href":"https:\/\/neguj.se\/trgovina\/wp-json\/wp\/v2\/media?parent=2239"}],"wp:term":[{"taxonomy":"product_brand","embeddable":true,"href":"https:\/\/neguj.se\/trgovina\/wp-json\/wp\/v2\/product_brand?post=2239"},{"taxonomy":"product_cat","embeddable":true,"href":"https:\/\/neguj.se\/trgovina\/wp-json\/wp\/v2\/product_cat?post=2239"},{"taxonomy":"product_tag","embeddable":true,"href":"https:\/\/neguj.se\/trgovina\/wp-json\/wp\/v2\/product_tag?post=2239"}],"curies":[{"name":"wp","href":"https:\/\/api.w.org\/{rel}","templated":true}]}}