{"id":2183,"date":"2022-11-29T20:18:40","date_gmt":"2022-11-29T19:18:40","guid":{"rendered":"https:\/\/neguj.se\/trgovina\/?post_type=product&#038;p=2183"},"modified":"2022-12-01T17:15:53","modified_gmt":"2022-12-01T16:15:53","slug":"nocna-krema-retin-x","status":"publish","type":"product","link":"https:\/\/neguj.se\/trgovina\/izdelek\/nocna-krema-retin-x\/","title":{"rendered":"No\u010dna krema Retin X"},"content":{"rendered":"<h2 class=\"product-title\">LMS NIGHT CREAM RETIN X<\/h2>\n<h3 class=\"text-uppercase text-theme-colored red-text\">NO\u010cNA KREMA RETIN X<\/h3>\n<p>&nbsp;<\/p>\n<div class=\"short-description\">\n<p><b>Opis: <\/b>LMS NIGHT CREAM RETIN X je no\u010dna krema primerna za vse tipe ko\u017ee. Vsebuje vse elemente u\u010dinkovite anti-aging nege, ki vplivajo na zmanj\u0161anje \u017ee obstoje\u010dih pomanjkljivosti ko\u017ee. No\u010dna krema z edinstvenim in stabilnim derivatom retinojske kisline, ki deluje dvakrat hitreje kot retinol in je izjemno kompatibilen s ko\u017eo. Ko\u017eo pomladi, posvetli in jo \u0161\u010diti pred ne\u010disto\u010dami. Krema brez emulgatorjev za za\u0161\u010dito in obnovo naravne epidermalne lipidne pregrade (povrhnjice), ki vsebuje dva signalna peptida za glajenje gub (elastin in kolagen booster).<\/p>\n<p>&nbsp;<\/p>\n<\/div>\n<p><b>Pakiranje:<\/b>\u00a0dozirka, 15 ml<\/p>\n<p><b>Uporaba:<\/b><\/p>\n<p>LMS NIGHT CREAM RETIN LIA C 6\u00ae NIGHT CREAM nanesite na \u010dist in suh obraz (tudi na vrat in dekolte). Za optimalno nego in ve\u010dji u\u010dinek nanesite pred nanosom kreme izbrani hialuronski gel HYA 4 ali enega od serumov.<\/p>\n<p><em><strong>O optimalni izbiri primerne kreme za va\u0161 tip ko\u017ee se posvetujte s \u0161olanim strokovnjakom.<\/strong><\/em><\/p>\n<p><b><br \/>\nSestavine:<\/b><\/p>\n<p>AQUA, CAPRYLIC\/CAPRIC TRIGLYCERIDE, GLYCERIN, PROPYLHEPTYL CAPRYLATE, NIACINAMIDE, DIISOPROPYL ADIPATE, BUTYROSPERMUM PARKII BUTTER, SIMMONDSIA CHINENSIS SEED OIL, BUTYLENE GLYCOL, HYDROGENATED PHOSPHATIDYLCHOLINE, PENTYLENE GLYCOL, BIS-ETHYLHEXYL HYDROXYDIMETHOXY BENZYLMALONATE, PROPANEDIOL, PARFUM, 1,2-HEXANEDIOL, STEARYL GLYCYRRHETINATE, SQUALANE, TOCOPHERYL ACETATE, SODIUM ACRYLATE\/SODIUM ACRYLOYLDIMETHYL TAURATE COPOLYMER, HYDROXYPINACOLONE RETINOATE, ACRYLATES\/VINYL ISODECANOATE CROSSPOLYMER, CAPRYLHYDROXAMIC ACID, LINALOOL, LIMONENE, CARBOMER, HYDROXYETHYLCELLULOSE, ACETYL DIPEPTIDE-1 CETYL ESTER, CERAMIDE NP, TOCOPHEROL, GLYCINE SOJA OIL, CITRONELLOL, GERANIOL, PALMITOYL TRIPEPTIDE-1, PALMITOYL TETRAPEPTIDE-7<\/p>\n<p>&nbsp;<\/p>\n<hr \/>\n<h3><\/h3>\n<p>&nbsp;<\/p>\n<h3>Kaj je vitamin A in kako nam ta lahko pomaga?<\/h3>\n<p>Vitamin A pospe\u0161uje celjenje, prepre\u010duje nastanek izbruhov in podpira imunski sistem ko\u017ee ter spodbuja naravno vla\u017eenje, kar pomeni, da ko\u017eo u\u010dinkovito vla\u017ei in ji daje sijo\u010d videz. Pomaga spodbujati in ohranjati zdrav dermis in epidermis, torej zgornji dve plasti ko\u017ee.<\/p>\n<p><strong>Kako to deluje v praksi?<\/strong><\/p>\n<p>Ne glede na to, kako dobri so u\u010dinki vitamina A v kozmetiki, je v praksi na \u017ealost nekaj te\u017eav. Ker vitamin A (imenovan tudi retinol) slabo prena\u0161amo je njegova uporaba v kozmetiki omejena na najve\u010d 1 % vsebnost. Poleg tega obstaja izrazita nestabilnost glede na atmosferski kisik in svetlobo. Oboje skupaj pomeni, da se \u010disti vitamin A skoraj nikoli ne uporablja v kozmetiki, namesto tega se uporabljajo derivati, kot je retinil palmitat. Vendar so ti ve\u010dinoma popolnoma neu\u010dinkoviti.<\/p>\n<p>Zaradi molekularne velikosti retinil palmitat niti ne more prodreti skozi lipidno pregrado.<br \/>\nPoleg omenjenega so v tak\u0161nih primerih zato potrebni trije koraki pretvorbe za sprostitev aktivne sestavine, retinojske kisline.<\/p>\n<p><strong>Vso testiranja so nas pripeljala do naslednjega koraka.<\/strong><\/p>\n<p>Zdaj imamo tu Retin X, ki ima vse pozitivne lastnosti retinojske kisline, vendar je veliko bolj kompatibilen in stabilen kot retinoi\u010dna kislina, <strong>retinol<\/strong> in celo retinil palmitat. Retin X je tako reko\u010d prikrita retinojska kislina, ki se v ko\u017ei pretvori v aktivno obliko v samo enem koraku. Le ob\u010dutljivost na svetlobo ostaja skupna vsem derivatom vitamina A. Kreme zato ne izpostavljajte \u017ego\u010demu soncu in jo uporabljajte kot no\u010dno kremo.<\/p>\n<p>&nbsp;<\/p>\n<p><strong>Da izdelek ni samo \u0161e en izdelek, temve\u010d mnogo ve\u010d.<\/strong><\/p>\n<p>Seveda osnovne lastnosti <strong>no\u010dne kreme Retin X<\/strong> ustrezajo na\u0161im ostalim kremam Lia. So brez emulgatorjev z LMS, imajo signalne peptide kot spodbujevalnike kolagena in elastina, lovilce radikalov ter izdelek je brez konzervansov, parafinov, silikonov in derivatov PEG.<\/p>\n<p>V izdelku je visoka koncentracija vitamina B3 (niacinamid), ker B3 idealno dopolnjuje vitamin A. Oba optimizirata lipidno bariero, oba sta dobra proti ne\u010disti ko\u017ei in oba pomagata proti pigmentnim made\u017eem. Kajti vitamin A je znan tudi po tem, da je u\u010dinkovit proti aknam in pigmentnim motnjam. <strong>No\u010dna krema Retin X<\/strong> vsebuje aktivno sestavino iz sladkega korena, ki daje kremi pomirjujo\u010de lastnosti ko\u017ee.<\/p>\n","protected":false},"excerpt":{"rendered":"<p>LMS NIGHT CREAM RETIN X NO\u010cNA KREMA RETIN X &nbsp; Opis: LMS NIGHT CREAM RETIN X je no\u010dna krema primerna&#8230;<\/p>\n","protected":false},"featured_media":2184,"comment_status":"closed","ping_status":"closed","template":"","meta":[],"product_brand":[],"product_cat":[70,34],"product_tag":[335,334],"class_list":{"0":"post-2183","1":"product","2":"type-product","3":"status-publish","4":"has-post-thumbnail","6":"product_cat-dr-e-voss","7":"product_cat-negovalna-kozmetika","8":"product_tag-lms-cream","9":"product_tag-retin-x","11":"first","12":"instock","13":"taxable","14":"shipping-taxable","15":"purchasable","16":"product-type-variable"},"_links":{"self":[{"href":"https:\/\/neguj.se\/trgovina\/wp-json\/wp\/v2\/product\/2183"}],"collection":[{"href":"https:\/\/neguj.se\/trgovina\/wp-json\/wp\/v2\/product"}],"about":[{"href":"https:\/\/neguj.se\/trgovina\/wp-json\/wp\/v2\/types\/product"}],"replies":[{"embeddable":true,"href":"https:\/\/neguj.se\/trgovina\/wp-json\/wp\/v2\/comments?post=2183"}],"wp:featuredmedia":[{"embeddable":true,"href":"https:\/\/neguj.se\/trgovina\/wp-json\/wp\/v2\/media\/2184"}],"wp:attachment":[{"href":"https:\/\/neguj.se\/trgovina\/wp-json\/wp\/v2\/media?parent=2183"}],"wp:term":[{"taxonomy":"product_brand","embeddable":true,"href":"https:\/\/neguj.se\/trgovina\/wp-json\/wp\/v2\/product_brand?post=2183"},{"taxonomy":"product_cat","embeddable":true,"href":"https:\/\/neguj.se\/trgovina\/wp-json\/wp\/v2\/product_cat?post=2183"},{"taxonomy":"product_tag","embeddable":true,"href":"https:\/\/neguj.se\/trgovina\/wp-json\/wp\/v2\/product_tag?post=2183"}],"curies":[{"name":"wp","href":"https:\/\/api.w.org\/{rel}","templated":true}]}}