{"id":2033,"date":"2022-12-01T09:42:37","date_gmt":"2022-12-01T08:42:37","guid":{"rendered":"https:\/\/neguj.se\/trgovina\/?post_type=product&#038;p=2033"},"modified":"2022-12-06T14:33:30","modified_gmt":"2022-12-06T13:33:30","slug":"mineralni-puder-v-prahu","status":"publish","type":"product","link":"https:\/\/neguj.se\/trgovina\/izdelek\/mineralni-puder-v-prahu\/","title":{"rendered":"Mineralni puder v prahu"},"content":{"rendered":"<h2>Mineralni puder v prahu &#8211; Honey in Ivory<\/h2>\n<div><\/div>\n<div class=\"short-description\">\n<p><b>Opis:<\/b><\/p>\n<p>Mineralni puder v prahu vsebuje samo naravne sestavine, odli\u010dno prekriva in izpopolni ko\u017eo. Primeren je za vse vrste ko\u017ee in je priporo\u010dljiv predvsem za ob\u010dutljivo ko\u017eo. Na voljo je v dveh odtenkih in transparentnem odtenku za matiranje.<\/p>\n<\/div>\n<p><b>Pakiranje:<\/b> 5 g<\/p>\n<p>&nbsp;<\/p>\n<p><b>Uporaba:<\/b><\/p>\n<p>Primeren je tako za uporabo s korektivno dnevno kremo LIA C 6\u00ae DAY CREAM COLR CORRECTION kot tudi s korektorjem NATURAL CONCEALER CREAM. Za natan\u010dno nana\u0161anje priporo\u010damo uporabo Dr. E. Voss Beauty \u010dopi\u010da za nana\u0161anje mineralnega pudra v prahu znamke.<\/p>\n<p>Lon\u010dek, ki vsebuje puder, lahko od spodaj iztisnemo iz luksuzne ovojne embala\u017ee. Ta lon\u010dek je mogo\u010de kupiti posebej in ga namestiti v ovojno embala\u017eo. S ponovnim polnjenjem prispevamo k ohranjanju okolja.<\/p>\n<p><b>Sestavine:<\/b><\/p>\n<p>Sestavine mineralnega pudra Ivory in Honey: CI 77891, MICA, CI 77492, CI 77491, CI 77499<\/p>\n<hr \/>\n<h3>Mineralna li\u010dila so primerna za vse tipe ko\u017ee<\/h3>\n<p>Ali ste vedeli, da lahko posamezniki z mastno, aknasto, ob\u010dutljivo ali me\u0161ano ko\u017eo koristijo kvaliteto in primernost mineralnih li\u010dil?<br \/>\n<strong>Mineralna li\u010dila<\/strong> so univerzalni pripomo\u010dek v kozmeti\u010dni torbici za vse tipe ko\u017ee. \u010ce niste prepri\u010dani o svojem tipu ko\u017ee, vam lahko v kozmeti\u010dnem salonu Neguj.se pomagamo in dolo\u010dimo va\u0161 tip ko\u017ee ter izberemo idealno mineralno podlago. Ne glede na tip ko\u017ee pa je pomembno, da obraz pred nanosom li\u010dil vsak dan navla\u017eite s to primerno vla\u017eilno kremo ali serumom. Na dobro navla\u017eeni ko\u017ei se bodo mineralna li\u010dila najdlje obdr\u017eala.<br \/>\n\u010ce imate mastno ko\u017eo razmislite o uporabi matiranega pudra predvsem na T-obmo\u010dju, da prepre\u010dite tipi\u010dni odsev mastne ko\u017ee.<br \/>\nVsi posamezniki s suho ko\u017eo pa lahko poskusite uporabiti tudi vla\u017eilno meglico, ki pomladi in osve\u017ei ko\u017eo.<\/p>\n<p>&nbsp;<\/p>\n<h3>Mineralna li\u010dila pomagajo pomiriti ob\u010dutljivo ko\u017eo posameznika<\/h3>\n<p>Posamezniki z ob\u010dutljivo ko\u017eo so pri uporabi &#8220;komercialnih&#8221; izdelkov za nego ko\u017ee ali li\u010dil bolj nagnjeni k srbenju, suhi ko\u017ei, peko\u010dim ob\u010dutkom na ko\u017ei ali koprivnici. Zato v tak\u0161nih primerih priporo\u010damo obvezno uporabo mineralnih li\u010dil za nego ko\u017ee, saj so nekomedogena (ne ma\u0161ijo por in omogo\u010dajo ko\u017ei, da diha). Sestavine v mineralnih li\u010dilih imajo protivnetne lastnosti, ki prav tako pomagajo problemati\u010dni ko\u017ei. Mineralna li\u010dila prav tako ne vsebujejo umetnih barvil, olj, parfumov ali konzervansov, ki pogosto ma\u0161ijo pore in dra\u017eijo ko\u017eo.<\/p>\n<p>Zaradi teh lastnosti so mineralna li\u010dila idealna izbira za ljudi, ki imajo te\u017eave s ko\u017eo. Pri osebah z ekcemom se bodo reakcije zaradi uporabe mineralnih li\u010dil zagotovo zmanj\u0161ale. Mineralna li\u010dila prav tako pomagajo zmanj\u0161ati rde\u010dico, ki jo povzro\u010da rozacea. Mineralna li\u010dila so lahka in se ne usedejo v drobne ko\u017ene gubice in tako prepre\u010dujejo postaran videz ko\u017ee. Odporna so na razli\u010dne temperature in v hladnem vremenu ne povzro\u010dajo srbe\u010dice ali lu\u0161\u010denja.<\/p>\n","protected":false},"excerpt":{"rendered":"<p>Mineralni puder v prahu &#8211; Honey in Ivory Opis: Mineralni puder v prahu vsebuje samo naravne sestavine, odli\u010dno prekriva in&#8230;<\/p>\n","protected":false},"featured_media":2034,"comment_status":"open","ping_status":"closed","template":"","meta":[],"product_brand":[],"product_cat":[70,31],"product_tag":[328,327,329,326],"class_list":{"0":"post-2033","1":"product","2":"type-product","3":"status-publish","4":"has-post-thumbnail","6":"product_cat-dr-e-voss","7":"product_cat-mineralna-licila","8":"product_tag-dr-e-voss-puder","9":"product_tag-mineralni-puder","10":"product_tag-prekrivni-puder","11":"product_tag-puder","13":"first","14":"instock","15":"taxable","16":"shipping-taxable","17":"purchasable","18":"product-type-variable","19":"has-default-attributes"},"_links":{"self":[{"href":"https:\/\/neguj.se\/trgovina\/wp-json\/wp\/v2\/product\/2033"}],"collection":[{"href":"https:\/\/neguj.se\/trgovina\/wp-json\/wp\/v2\/product"}],"about":[{"href":"https:\/\/neguj.se\/trgovina\/wp-json\/wp\/v2\/types\/product"}],"replies":[{"embeddable":true,"href":"https:\/\/neguj.se\/trgovina\/wp-json\/wp\/v2\/comments?post=2033"}],"wp:featuredmedia":[{"embeddable":true,"href":"https:\/\/neguj.se\/trgovina\/wp-json\/wp\/v2\/media\/2034"}],"wp:attachment":[{"href":"https:\/\/neguj.se\/trgovina\/wp-json\/wp\/v2\/media?parent=2033"}],"wp:term":[{"taxonomy":"product_brand","embeddable":true,"href":"https:\/\/neguj.se\/trgovina\/wp-json\/wp\/v2\/product_brand?post=2033"},{"taxonomy":"product_cat","embeddable":true,"href":"https:\/\/neguj.se\/trgovina\/wp-json\/wp\/v2\/product_cat?post=2033"},{"taxonomy":"product_tag","embeddable":true,"href":"https:\/\/neguj.se\/trgovina\/wp-json\/wp\/v2\/product_tag?post=2033"}],"curies":[{"name":"wp","href":"https:\/\/api.w.org\/{rel}","templated":true}]}}