{"id":1716,"date":"2021-02-21T13:20:32","date_gmt":"2021-02-21T12:20:32","guid":{"rendered":"https:\/\/neguj.se\/trgovina\/?post_type=product&#038;p=1716"},"modified":"2026-03-04T20:54:28","modified_gmt":"2026-03-04T19:54:28","slug":"mikrobiomska-pomirjevalna-krema","status":"publish","type":"product","link":"https:\/\/neguj.se\/trgovina\/izdelek\/mikrobiomska-pomirjevalna-krema\/","title":{"rendered":"Mikrobiomska pomirjevalna krema"},"content":{"rendered":"<h2 class=\"product-title\">Dr. E. Voss LIA C 6\u00ae BIOME SOOTHING CREAM<\/h2>\n<p>&nbsp;<\/p>\n<div class=\"short-description\">\n<p><b>Opis:<\/b><\/p>\n<p>LIA C 6\u00ae BIOME SOOTHING CREAM je krema\u00a0<strong>brez di\u0161av za ob\u010dutljivo, zelo ob\u010dutljivo in razdra\u017eeno ko\u017eo<\/strong>\u00a0na osnovi ogrodnega sistema lipidov LMS. Vsebuje tudi \u00bbaktivator mikrobioma\u00ab (INCI: LACTOBACILLUS FERMENT), in tako vzpodbuja razmno\u017eevanje \u00bbdobrih\u00ab mikroorganizmov na ko\u017ei in zavira \u00bbslabe\u00ab. Mikrobiom je skupnost mikroorganizmov, ki tvorijo za\u0161\u010ditno pregrado in nas \u0161\u010ditijo pred patogenimi mikroorganizmi, hkrati pa podpirajo delovanje imunskega sistema.<\/p>\n<p>Krema vsebuje kombinacijo treh UV-filtrov, ki so z visokotla\u010dnim homogeniziranjem vpeti v LMS, in lovilec radikalov HDBM uspe\u0161no zavira fotostaranje ko\u017ee.<\/p>\n<p><strong>Je brez emulgatorjev, brez konzervansov, brez kortikosteroidov<\/strong>\u00a0in brez drugih, za ko\u017eo nepotrebnih sestavin, zato je primerna tudi za <a href=\"https:\/\/neguj.se\/trgovina\/izdelek\/dnevna-krema-suho-normalno-obcutljivo-kozo\/\" target=\"_blank\" rel=\"noopener\">ob\u010dutljivo ko\u017eo<\/a>.<\/p>\n<\/div>\n<p>&nbsp;<\/p>\n<h2>POMIRJEVALNA KREMA dr. E. Voss<\/h2>\n<p>&nbsp;<\/p>\n<div class=\"short-description\">\n<p>Kako bo LIA C 6\u00ae BIOME SOOTHING CREAM pomagala va\u0161i ko\u017ei?<\/p>\n<ul>\n<li><strong>\u00bbAktivatorja mikrobioma\u00ab<\/strong>\u00a0(INCI: LACTOBACILLUS FERMENT) zagotavlja bolj\u0161o in u\u010dinkovitej\u0161o kolonizacijo ko\u017ee z \u00bbdobrimi\u00ab mikroorganizmi, zato je: ko\u017ea bolj navla\u017eena, postane odpornej\u0161a in nas bolje \u0161\u010diti pred vdorom mikroorganizmov iz okolja, ko\u017ena\u00a0<strong>bariera se okrepi<\/strong>\u00a0in mikrobiom ko\u017ee postane spet raznovrsten, uravnote\u017een in v ravnovesju s ko\u017eo.<\/li>\n<li><strong>Skoraj popolna za\u0161\u010dita pred staranjem ko\u017ee zaradi vpliva svetlobe<\/strong>\u00a0zaradi\u00a0<strong>kombinacije treh UV-filtrov<\/strong>, vpetih v kremno osnovo LMS s posebnim postopkom visokotla\u010dnega homogeniziranja, zaradi katerega UV-filtri ostanejo v poro\u017eeneli plasti povrhnjice in ne prodrejo globje v ko\u017eo kot pri kremah z emulgatorji in zato nudijo u\u010dinkovitej\u0161o za\u0161\u010dito, ter\u00a0<strong>\u00bbpametnega\u00ab lovilca radikalov HDBM<\/strong>.<\/li>\n<li><strong>Ogrodni sistem lipidov LMS<\/strong>\u00a0krepi in obnavlja ko\u017eno bariero, zato \u0161\u010diti pred zunanjimi vplivi in izgubo vlage.<\/li>\n<li><strong>Za\u0161\u010dita UV-B SPF 6<\/strong>\u00a0(pribl. 85-odstotna) zadostuje za normalno dnevno izpostavljanje dnevni svetlobi, a hkrati omogo\u010da nastajanje vitamina D v ko\u017ei.<\/li>\n<li>Izvle\u010dek bosvelije u\u010dinkuje protivnetno.<\/li>\n<li>Olje iz semen oslada pomaga prepre\u010devati razgradnjo kolagena.<\/li>\n<li>Niacinamid je oblika niacida (vitamina B3), ki intenzivno pomirja ko\u017eo, zmanj\u0161uje rde\u010dico spodbuja tvorbo kolagen.<\/li>\n<li>Olje skvalan obnavlja elasti\u010dne lastnosti ko\u017ee.<\/li>\n<li>Ker nima di\u0161av, je primerna tudi za najob\u010dutljivej\u0161o ko\u017eo.<\/li>\n<li>Ker je namenjena ob\u010dutljivi in razdra\u017eeni ko\u017ei, ima visoko vsebnost lipidov (pribl. 29,5 %).<\/li>\n<li>Zaradi edinstvene kombinacije sestavin se ko\u017ea v enem letu postara, kot bi se sicer v povpre\u010dju v \u0161estih mesecih. Pomirjevalna krema LIA C6 je edini izdelek, ki ga boste rabile.<\/li>\n<\/ul>\n<p>&nbsp;<\/p>\n<\/div>\n<p><b>Pakiranje:<\/b>\u00a0100 ml<\/p>\n<p>&nbsp;<\/p>\n<p><b>Uporaba:<\/b><\/p>\n<p><a href=\"https:\/\/www.drvoss.si\/si\/izdelki\/lia-c6-kreme\/lia-c6-biome-soothing-cream-mikrobiomska-pomirjevalna-krema\" target=\"_blank\" rel=\"noopener\">Kremo LIA C 6\u00ae BIOME SOOTHING CREAM<\/a> nanesite na \u010disto in suho ko\u017eo. Lahko jo uporabljate tudi na vratu in predelu dekolteja. Pri vneti ko\u017ei priporo\u010damo, da nego dopolnite s hialuronskim gelom HYA 4 Hyaderm N, ki zaradi svojih kozmeti\u010dno aktivnih sestavin laj\u0161a ob\u010dutek dra\u017eenja ko\u017ee in v kombinaciji s kremo LIA C 6\u00ae BIOME SOOTHING CREAM pospe\u0161uje obnovo ko\u017ee. Optimalna nega je odvisna od va\u0161ega tipa, te\u017eav in posebnosti ko\u017ee, zato se o izbiri posvetujte s \u0161olanim predstavnikom prodajalca, pri katerem ste kupili izdelek.<\/p>\n<p>&nbsp;<\/p>\n<p><b>Sestavine:<\/b><\/p>\n<p>AQUA, PROPYLHEPTYL CAPRYLATE, BUTYROSPERMUM PARKII BUTTER, GLYCERIN, NIACINAMIDE, PENTYLENE GLYCOL, OCTOCRYLENE, BUTYL METHOXYDIBENZOYLMETHANE, CAPRYLIC\/CAPRIC TRIGLYCERIDE, HYDROGENATED PHOSPHATIDYLCHOLINE, LIMNANTHES ALBA SEED OIL, DIETHYLAMINO HYDROXYBENZOYL HEXYL BENZOATE, 4-T-BUTYLCYCLOHEXANOL, C12-15 ALKYL BENZOATE, BIS-ETHYLHEXYL HYDROXYDIMETHOXY BENZYLMALONATE, MALTODEXTRIN, PROPANEDIOL, TOCOPHERYL ACETATE, DIPROPYLENE GLYCOL, 1,2-HEXANEDIOL, SQUALANE, ACRYLATES\/VINYL ISODECANOATE CROSSPOLYMER, SODIUM ACRYLATE\/SODIUM ACRYLOYLDIMETHYL TAURATE COPOLYMER, HYDROXYETHYLCELLULOSE, LACTOBACILLUS FERMENT, CAPRYLHYDROXAMIC ACID, BOSWELLIA SERRATA GUM, CERAMIDE NP<\/p>\n","protected":false},"excerpt":{"rendered":"<p>Pomirjevalna krema vsebuje kombinacijo treh UV-filtrov, ki so z visokotla\u010dnim homogeniziranjem vpeti v LMS, in lovilec radikalov HDBM uspe\u0161no zavira fotostaranje ko\u017ee.<\/p>\n<p><strong>Je brez emulgatorjev, brez konzervansov, brez kortikosteroidov<\/strong>\u00a0in brez drugih, za ko\u017eo nepotrebnih sestavin, zato je primerna tudi za ob\u010dutljivo ko\u017eo.<\/p>\n","protected":false},"featured_media":2601,"comment_status":"open","ping_status":"closed","template":"","meta":[],"product_brand":[],"product_cat":[70,34],"product_tag":[286,285,284,149,134,287],"class_list":{"0":"post-1716","1":"product","2":"type-product","3":"status-publish","4":"has-post-thumbnail","6":"product_cat-dr-e-voss","7":"product_cat-negovalna-kozmetika","8":"product_tag-atopijski-dermatitis","9":"product_tag-krema-za-obcutljivo-kozo","10":"product_tag-obcutljiva-koze","11":"product_tag-pomirjevalna-krema","12":"product_tag-suha-koza","13":"product_tag-vneta-koza","15":"first","16":"instock","17":"taxable","18":"shipping-taxable","19":"purchasable","20":"product-type-variable"},"_links":{"self":[{"href":"https:\/\/neguj.se\/trgovina\/wp-json\/wp\/v2\/product\/1716"}],"collection":[{"href":"https:\/\/neguj.se\/trgovina\/wp-json\/wp\/v2\/product"}],"about":[{"href":"https:\/\/neguj.se\/trgovina\/wp-json\/wp\/v2\/types\/product"}],"replies":[{"embeddable":true,"href":"https:\/\/neguj.se\/trgovina\/wp-json\/wp\/v2\/comments?post=1716"}],"wp:featuredmedia":[{"embeddable":true,"href":"https:\/\/neguj.se\/trgovina\/wp-json\/wp\/v2\/media\/2601"}],"wp:attachment":[{"href":"https:\/\/neguj.se\/trgovina\/wp-json\/wp\/v2\/media?parent=1716"}],"wp:term":[{"taxonomy":"product_brand","embeddable":true,"href":"https:\/\/neguj.se\/trgovina\/wp-json\/wp\/v2\/product_brand?post=1716"},{"taxonomy":"product_cat","embeddable":true,"href":"https:\/\/neguj.se\/trgovina\/wp-json\/wp\/v2\/product_cat?post=1716"},{"taxonomy":"product_tag","embeddable":true,"href":"https:\/\/neguj.se\/trgovina\/wp-json\/wp\/v2\/product_tag?post=1716"}],"curies":[{"name":"wp","href":"https:\/\/api.w.org\/{rel}","templated":true}]}}