{"id":1643,"date":"2021-01-08T20:04:36","date_gmt":"2021-01-08T19:04:36","guid":{"rendered":"https:\/\/neguj.se\/trgovina\/?post_type=product&#038;p=1643"},"modified":"2022-09-03T16:10:03","modified_gmt":"2022-09-03T15:10:03","slug":"naravna-sveca-nm","status":"publish","type":"product","link":"https:\/\/neguj.se\/trgovina\/izdelek\/naravna-sveca-nm\/","title":{"rendered":"Naravna sve\u010da NM"},"content":{"rendered":"<h2>Naravna sve\u010da Novelius Medical<\/h2>\n<p><strong>Edinstvena naravna sve\u010da Novelius Medical<\/strong> je infuzija naravnih eteri\u010dnih olj, ki pomirjajo telo in duha. V meditaciji jih uporabljajo za dosego stanja notranje povezave z na\u0161im bistvom.<\/p>\n<p>&nbsp;<\/p>\n<p>Pa\u010duli navdihuje, mo\u0161usni jantar, cedra in sandalovina pomirjajo, zemeljski labdanum blagodejno vpliva na dihala, bogata vanilja pa vra\u010da ravnovesje. Fuzija vonjev skrbno izbranih sestavin prebudi \u017ee dolgo izgubljene spomine, o\u017eivi va\u0161e notranje strasti in obnovi iskrena, radostna \u010dustva.<\/p>\n<p>&nbsp;<\/p>\n<p>Zaznavanje vonjav je pomembno \u010dutilo in dokazano stimulira zaznavo, spomin in \u010dustva. Vonjave se uporabljajo v mentalne, duhovne in zdravilne namene \u017ee tiso\u010dletja. Sodobna znanost je potrdila, da je kar 75 % vseh \u010dustev posledica zaznave vonjav. Raziskave pa tudi potrjujejo, da se nam razpolo\u017eenje, ko smo izpostavljeni prijetnim vonjavam, izbolj\u0161a za kar 40 %.<\/p>\n<p>&nbsp;<\/p>\n<p>S tem namenom smo v Novelius Medical razvili edinstveno kompozicijo pomirjajo\u010dih vonjav.<br \/>\n<strong>Sve\u010da je plod sodelovanja najbolj\u0161ih parfumerjev v francoskem Grassu ter strokovnjakov psihologije vonja.<\/strong><\/p>\n<p>&nbsp;<\/p>\n<p>Sve\u010da je ro\u010dno izdelana, ne vsebuje GSO, palmovega olja, parafina in mineralnega voska, ki smo jih zamenjali z rastlinskimi voski.<br \/>\nIzdelana je iz 100 % naravnih voskov, saj skrbeti za okolje pomeni skrbeti zase.<\/p>\n<p>Spro\u0161\u010dujo\u010da Novelius Medical sve\u010da I. vas nagovarja, da ostanite zvesti samemu sebi in le sebi. <a href=\"https:\/\/www.instagram.com\/noveliusmedical\/\" target=\"_blank\" rel=\"noopener\">Naj tudi v vas gori plamen<\/a>.<br \/>\n<strong><br \/>\nNudila vam bo pribli\u017eno kar 55 ur posebnih trenutkov<\/strong>. Spomin na njen prefinjen vonj pa vas bo spremljal za vedno.<\/p>\n","protected":false},"excerpt":{"rendered":"<p>Ko sve\u010da ni ve\u010d le sve\u010da, ampak del va\u0161ih posebnih trenutkov. Ritual, ki prebudi \u017ee dolgo pozabljena \u010dustva. Imenovali smo jo I. &#8211; jaz. Nazaj k sebi. Biti sebi prvi. Sebi najpomembnej\u0161i. Jaz.<\/p>\n","protected":false},"featured_media":1640,"comment_status":"open","ping_status":"closed","template":"","meta":[],"product_brand":[],"product_cat":[43],"product_tag":[278,275,276,279,277],"class_list":{"0":"post-1643","1":"product","2":"type-product","3":"status-publish","4":"has-post-thumbnail","6":"product_cat-ostalo","7":"product_tag-meditativna-sveca","8":"product_tag-naravna-sveca","9":"product_tag-pomirjujoca-sveca","10":"product_tag-sveca-brez-parafina","11":"product_tag-sveca-za-meditacijo","13":"first","14":"instock","15":"taxable","16":"shipping-taxable","17":"purchasable","18":"product-type-simple"},"_links":{"self":[{"href":"https:\/\/neguj.se\/trgovina\/wp-json\/wp\/v2\/product\/1643"}],"collection":[{"href":"https:\/\/neguj.se\/trgovina\/wp-json\/wp\/v2\/product"}],"about":[{"href":"https:\/\/neguj.se\/trgovina\/wp-json\/wp\/v2\/types\/product"}],"replies":[{"embeddable":true,"href":"https:\/\/neguj.se\/trgovina\/wp-json\/wp\/v2\/comments?post=1643"}],"wp:featuredmedia":[{"embeddable":true,"href":"https:\/\/neguj.se\/trgovina\/wp-json\/wp\/v2\/media\/1640"}],"wp:attachment":[{"href":"https:\/\/neguj.se\/trgovina\/wp-json\/wp\/v2\/media?parent=1643"}],"wp:term":[{"taxonomy":"product_brand","embeddable":true,"href":"https:\/\/neguj.se\/trgovina\/wp-json\/wp\/v2\/product_brand?post=1643"},{"taxonomy":"product_cat","embeddable":true,"href":"https:\/\/neguj.se\/trgovina\/wp-json\/wp\/v2\/product_cat?post=1643"},{"taxonomy":"product_tag","embeddable":true,"href":"https:\/\/neguj.se\/trgovina\/wp-json\/wp\/v2\/product_tag?post=1643"}],"curies":[{"name":"wp","href":"https:\/\/api.w.org\/{rel}","templated":true}]}}