{"id":1567,"date":"2020-12-08T19:59:10","date_gmt":"2020-12-08T18:59:10","guid":{"rendered":"https:\/\/neguj.se\/trgovina\/?post_type=product&#038;p=1567"},"modified":"2022-09-03T16:09:49","modified_gmt":"2022-09-03T15:09:49","slug":"zadasti-valjcek","status":"publish","type":"product","link":"https:\/\/neguj.se\/trgovina\/izdelek\/zadasti-valjcek\/","title":{"rendered":"\u017dadasti valj\u010dek"},"content":{"rendered":"<h2>\u017dadasti valj\u010dek &#8211; derma roller \u017ead<\/h2>\n<p>Valj\u010dek iz kamna \u017ead je priljubljen izdelek za masa\u017eo obraza. Sestavljen je iz razli\u010dnih tekstur valj\u010dka z ro\u010dajem, katerega polagamo &#8211; masiramo obraz, da spodbudimo cirkulacijo.<\/p>\n<p>Na\u0161 valj\u010dek je izdelan iz kamna \u017ead, lahko pa je tudi iz ametista ali ro\u017enega kremena.<\/p>\n<p>Na eni strani ro\u010daja imamo obi\u010dajno gladek kamen in na drugi strukturiran iz istega materiala za mo\u010dnej\u0161o masa\u017eo oziroma spodbudo cirkulacije.<\/p>\n<p>&nbsp;<\/p>\n<p>Priporo\u010dljivo je uporabljati valj\u010dek vsaj 3-krat tedensko, lahko pa ga uporabljate tudi vsak dan. <a href=\"https:\/\/www.neguj.se\/maske-za-obraz\/\">Masa\u017ei obraza<\/a> je potrebno posvetiti pribli\u017eno 10 minut.<br \/>\nUporablja se lahko za vse tipe ko\u017ee.<\/p>\n<p>&nbsp;<\/p>\n<h3>Prednosti uporabe derma rollerja \u017ead:<\/h3>\n<p>Primarna funkcija valj\u010dka iz kamna \u017ead je spodbujanje cirkulacije na obrazu, \u010delu in vratu.<br \/>\nSama masa\u017ea prav tako spodbuja limfni sistem in limfno drena\u017eo na obrazu.<\/p>\n<p>&nbsp;<\/p>\n<h4>Dodatne prednosti \u017ead rollerjev:<\/h4>\n<ul>\n<li>zmanj\u0161anje rde\u010dice na obrazu<\/li>\n<li>pomirja in spro\u0161\u010da ko\u017eo<\/li>\n<li>izbolj\u0161anje absorpcije krem v ko\u017eo obraza<\/li>\n<li>utrjevanje ko\u017ee<\/li>\n<\/ul>\n<p>&nbsp;<\/p>\n<p>\u010ce \u017eelite, lahko valj\u010dek \u017ead hranite v hladilniku za bolj\u0161i u\u010dinek.<\/p>\n<p>Kitajci verjamejo, da je \u017ead kristal ve\u010dne mladosti. (prekrvavitev, odstrani toksine, u\u010dvrstitev)<\/p>\n<p>&nbsp;<\/p>\n<h3>Kako uporabljati \u017eadasti valj\u010dek?<\/h3>\n<p>Kot smo \u017ee rekli, \u017eadasti valj\u010dek je sestavljen iz gladkega valja na eni strani ro\u010daja, ki se uporablja za kon\u010dno masa\u017eo in grobega valja na drugi strani da spodbudimo cirkulacijo na obrazu.<br \/>\nPred nanosom kreme ali seruma je obvezno uporabljati valj\u010dek na \u010distem obrazu.<\/p>\n<p>Valj\u010dek po obrazu premikate v gibih\u00a0 od sredine do konca odraza.<br \/>\nZ valj\u010dkom se premikamo po vratu od \u010deljusti na navzdol.<\/p>\n<p>Prvo uporabimo bodi\u010dasti valj\u010dek za bolj\u0161o prekrvavitev. Ko je ko\u017ea prekrvavljena nama\u017eemo <a href=\"https:\/\/www.drvoss.si\/si\/izdelki\/hya-4-hialuronski-geli\/hya-4-deep-li-q10\" target=\"_blank\" rel=\"noopener\">serum Dr. E. Voos\u00a0HYA 4 Deep Lift Q10<\/a> in masko Aufbau.<\/p>\n<p>Z gladkim valj\u010dkom vtiramo serum in masko.<\/p>\n<p>&nbsp;<\/p>\n<p>Z valj\u010dkom lahko masirate celoten obraz, priporo\u010dljivo pa je, da ta izdelek uporabite tudi na vratu.<br \/>\nZa \u0161e bolj\u0161o predstavo o uporabi tega izdelka si oglejte video.<\/p>\n<p><strong>Preveri \u0161e<\/strong> <a href=\"https:\/\/neguj.se\/trgovina\/izdelek\/serum-za-rast-trepalnic\/\">Serum za rast trepalnic in obrvi AMPLIFEYE\u00ae<\/a><\/p>\n<p>&nbsp;<\/p>\n","protected":false},"excerpt":{"rendered":"<p>Valj\u010dek iz kamna \u017ead je priljubljen izdelek za masa\u017eo obraza. Sestavljen je iz razli\u010dnih tekstur valj\u010dka z ro\u010dajem, katerega polagamo &#8211; masiramo obraz, da spodbudimo cirkulacijo.<\/p>\n","protected":false},"featured_media":1721,"comment_status":"open","ping_status":"closed","template":"","meta":[],"product_brand":[],"product_cat":[43],"product_tag":[266,267,265,263,264],"class_list":{"0":"post-1567","1":"product","2":"type-product","3":"status-publish","4":"has-post-thumbnail","6":"product_cat-ostalo","7":"product_tag-derma-roller","8":"product_tag-jade-roller","9":"product_tag-roller","10":"product_tag-zad","11":"product_tag-zad-kamen","13":"first","14":"instock","15":"sale","16":"taxable","17":"shipping-taxable","18":"purchasable","19":"product-type-variable","20":"has-default-attributes"},"_links":{"self":[{"href":"https:\/\/neguj.se\/trgovina\/wp-json\/wp\/v2\/product\/1567"}],"collection":[{"href":"https:\/\/neguj.se\/trgovina\/wp-json\/wp\/v2\/product"}],"about":[{"href":"https:\/\/neguj.se\/trgovina\/wp-json\/wp\/v2\/types\/product"}],"replies":[{"embeddable":true,"href":"https:\/\/neguj.se\/trgovina\/wp-json\/wp\/v2\/comments?post=1567"}],"wp:featuredmedia":[{"embeddable":true,"href":"https:\/\/neguj.se\/trgovina\/wp-json\/wp\/v2\/media\/1721"}],"wp:attachment":[{"href":"https:\/\/neguj.se\/trgovina\/wp-json\/wp\/v2\/media?parent=1567"}],"wp:term":[{"taxonomy":"product_brand","embeddable":true,"href":"https:\/\/neguj.se\/trgovina\/wp-json\/wp\/v2\/product_brand?post=1567"},{"taxonomy":"product_cat","embeddable":true,"href":"https:\/\/neguj.se\/trgovina\/wp-json\/wp\/v2\/product_cat?post=1567"},{"taxonomy":"product_tag","embeddable":true,"href":"https:\/\/neguj.se\/trgovina\/wp-json\/wp\/v2\/product_tag?post=1567"}],"curies":[{"name":"wp","href":"https:\/\/api.w.org\/{rel}","templated":true}]}}