{"id":1536,"date":"2020-11-05T16:24:06","date_gmt":"2020-11-05T15:24:06","guid":{"rendered":"https:\/\/neguj.se\/trgovina\/?post_type=product&#038;p=1536"},"modified":"2022-09-03T16:10:03","modified_gmt":"2022-09-03T15:10:03","slug":"rollon-serum-proti-aknam","status":"publish","type":"product","link":"https:\/\/neguj.se\/trgovina\/izdelek\/rollon-serum-proti-aknam\/","title":{"rendered":"Rollon serum proti aknam"},"content":{"rendered":"<h2>Dr. E. Voss CLEAR FACE ROLLON &#8211; serum proti aknam<\/h2>\n<p style=\"font-weight: 400;\"><b><strong>Opis:<\/strong><\/b><\/p>\n<p>Nizko molekularni \u00bbroll-on\u00ab <strong>serum proti aknam<\/strong> CLEAR FACE intenzivno in u\u010dinkovito re\u0161uje te\u017eave <a href=\"https:\/\/neguj.se\/kozmeticne-storitve\/nega-obraza\/\">mastne ko\u017ee<\/a>, nagnjene k vnetju. Me\u0161anica 11 aktivnih u\u010dinkovin v kratkoveri\u017eni hialuronski kislini na ve\u010d ravneh hkrati prispeva k izbolj\u0161anju ko\u017ee.<br \/>\nNiacinamid ima protivnetni u\u010dinek, v biohialuron vgrajena oleanolna kislina in 3 bioflavonoidi poskrbijo za ugodnej\u0161e hormonsko ravnovesje v okolici lasnih me\u0161i\u010dkov, vitamin B3 in NDGA zmanj\u0161ujeta proizvodnje sebuma. Poseben encim deluje proti hipekeratozi (prekomerno poro\u017eenevanje vrhnjice), vse to pa dopolnjujejo \u0161e blagodejni u\u010dinki madecassosida, ki deluje protivnetno ter derivat mentola, ki ko\u017eo hladi in osve\u017ei. Serum vsebuje tudi lovilce prostih radikalov, ki ko\u017eo \u0161\u010ditijo pred \u0161kodljivimi vplivi okolja. Izjemno koncentrirana formula za premagovanje tegob mastne, aknaste in k vnetju nagnjene ko\u017ee.<\/p>\n<p><b><strong>Uporaba:<\/strong><\/b><\/p>\n<p style=\"font-weight: 400;\"><a href=\"https:\/\/www.drvoss.si\/si\/izdelki\/\" target=\"_blank\" rel=\"noopener\">Serum<\/a> ve\u010dkrat dnevno nanesite na problemati\u010dne predele ko\u017ee. Izdelek vedno nana\u0161ajte na \u010dist in suh obraz. Ko se vpije, lahko nanesete tudi priporo\u010deno <a href=\"https:\/\/neguj.se\/trgovina\/?s=lia+c6&amp;post_type=product\">kremo LIA C 6<\/a>\u00ae.<br \/>\nIzdelek lahko nanesete le na manj\u0161o povr\u0161ino (to\u010dkovno) ali pa zajamete ve\u010dje povr\u0161ine ko\u017ee.<\/p>\n<p><b><strong>Sestavine:<\/strong><\/b><\/p>\n<p style=\"font-weight: 400;\">AQUA, NIACINAMIDE, ETHANOL, PENTYLENE GLYCOL, PROPANEDIOL, SODIUM HYALURONATE, MADECASSOSIDE, TROXERUTIN, PAPAIN\/CARBOMER COPOLYMER, BIOFLAVANOIDS, NORDIHYDROGUAIARETIC ACID, OLEANOLIC ACID, ALGIN, MENTHONE GLYCERIN ACETAL, BUTYLENE GLYCOL, PROPANEDIOL, PEG-60 ALMOND GLYCERIDES, 1,2 HEXANEDIOL, GLYCERIN, CAPRYLYL GLYCOL, CAPRYLHYDROXAMS\u00c4URE, CAPRYLYL GLYCOL, CARBOMER<\/p>\n","protected":false},"excerpt":{"rendered":"<p>Dr. E. Voss CLEAR FACE ROLLON &#8211; serum proti aknam Opis: Nizko molekularni \u00bbroll-on\u00ab serum proti aknam CLEAR FACE intenzivno&#8230;<\/p>\n","protected":false},"featured_media":1538,"comment_status":"open","ping_status":"closed","template":"","meta":[],"product_brand":[],"product_cat":[70,34],"product_tag":[226,228,101,319,227,78,318],"class_list":{"0":"post-1536","1":"product","2":"type-product","3":"status-publish","4":"has-post-thumbnail","6":"product_cat-dr-e-voss","7":"product_cat-negovalna-kozmetika","8":"product_tag-akne","9":"product_tag-dr-e-voss","10":"product_tag-mozolji","11":"product_tag-nega-koze","12":"product_tag-ogrci","13":"product_tag-serum","14":"product_tag-serup-proti-aknam","16":"first","17":"instock","18":"taxable","19":"shipping-taxable","20":"purchasable","21":"product-type-variable","22":"has-default-attributes"},"_links":{"self":[{"href":"https:\/\/neguj.se\/trgovina\/wp-json\/wp\/v2\/product\/1536"}],"collection":[{"href":"https:\/\/neguj.se\/trgovina\/wp-json\/wp\/v2\/product"}],"about":[{"href":"https:\/\/neguj.se\/trgovina\/wp-json\/wp\/v2\/types\/product"}],"replies":[{"embeddable":true,"href":"https:\/\/neguj.se\/trgovina\/wp-json\/wp\/v2\/comments?post=1536"}],"wp:featuredmedia":[{"embeddable":true,"href":"https:\/\/neguj.se\/trgovina\/wp-json\/wp\/v2\/media\/1538"}],"wp:attachment":[{"href":"https:\/\/neguj.se\/trgovina\/wp-json\/wp\/v2\/media?parent=1536"}],"wp:term":[{"taxonomy":"product_brand","embeddable":true,"href":"https:\/\/neguj.se\/trgovina\/wp-json\/wp\/v2\/product_brand?post=1536"},{"taxonomy":"product_cat","embeddable":true,"href":"https:\/\/neguj.se\/trgovina\/wp-json\/wp\/v2\/product_cat?post=1536"},{"taxonomy":"product_tag","embeddable":true,"href":"https:\/\/neguj.se\/trgovina\/wp-json\/wp\/v2\/product_tag?post=1536"}],"curies":[{"name":"wp","href":"https:\/\/api.w.org\/{rel}","templated":true}]}}