{"id":1517,"date":"2020-10-28T19:33:37","date_gmt":"2020-10-28T18:33:37","guid":{"rendered":"https:\/\/neguj.se\/trgovina\/?post_type=product&#038;p=1517"},"modified":"2022-09-03T16:09:49","modified_gmt":"2022-09-03T15:09:49","slug":"naravna-svilena-maska","status":"publish","type":"product","link":"https:\/\/neguj.se\/trgovina\/izdelek\/naravna-svilena-maska\/","title":{"rendered":"Naravna svilena maska za pomlajevanje in pomirjanje"},"content":{"rendered":"<h2 class=\"product-title\">Dr. E. Voss NATURAL SILK MASK (ANTI-AGE AND SOOTHING)<\/h2>\n<h2>Naravna svilena maska<\/h2>\n<p>&nbsp;<\/p>\n<p><strong>Opis:<\/strong><\/p>\n<p><strong>Naravna svilena maska<\/strong> je prepojena z me\u0161anico aktivnih sestavin, ki zmanj\u0161ujejo gube in pomirjajo ko\u017eo. Vsebuje signalni peptid in hialuronsko kislino za zmanj\u0161anje gub ter izvle\u010dek iz ovsa in tigrove trave (Centella asiatica) za pomiritev ko\u017ee.<br \/>\nS to posebno masko ko\u017ea dobi dodatno odmerek za\u0161\u010dite pred prostimi radikali in takoj\u0161en u\u010dinek liftinga!<\/p>\n<p><strong>Pakiranje:<\/strong> Posamezne vre\u010dke z masko namo\u010deno v 25 ml aktivnih sestavin<\/p>\n<p><strong>Uporaba:<\/strong><\/p>\n<p>Svileno masko vzemite iz ovitka, jo polo\u017eite na o\u010di\u0161\u010deno ko\u017eo in jo po potrebi prilagodite obliki obraza. Pustite delovati med 20 in 25 minut, nato odstranite.<br \/>\nPriporo\u010damo redno uporabo vsaj enkrat tedensko, v kombinaciji s primernim gelom HYA 4ali serumom in izbrano kremo LIA C 6\u00ae.<br \/>\nMasko lahko pred uporabo hranite v hladilniku, ni pa nujno.<br \/>\nMaska je za enkratno uporabo.<\/p>\n<p><strong>Sestavine:<\/strong><\/p>\n<p>AQUA, XANTHAN GUM, BUTYLENE GLYCOL, GLYCERIN, 1,2-HEXANEDIOL, GLYCOSIL TREHALOSE\/HYDROGENATED STARCH HYDROLYSATE, DIPROPYLENE GLYCOL, HYDROXYACETOPHENONE, CAPRYLYL GLYCOL, DIPOTASSIUM GLYCYRRHIZINATE, SODIUM HYALURONATE, AVENA SATIVA (Oat) KERNEL EXTRACT, CENTELLA ASIATICA EXTRACT, CARBOMER, PALMITOYL TRIPEPTIDE-1, PALMITOYL TETRAPEPTIDE-7<\/p>\n<p><strong>Sestava blaga: <\/strong>Svila, Rajon (100% naraven)<\/p>\n","protected":false},"excerpt":{"rendered":"<p>Dr. E. Voss NATURAL SILK MASK (ANTI-AGE AND SOOTHING) Naravna svilena maska &nbsp; Opis: Naravna svilena maska je prepojena z&#8230;<\/p>\n","protected":false},"featured_media":1518,"comment_status":"open","ping_status":"closed","template":"","meta":[],"product_brand":[],"product_cat":[34,70,43],"product_tag":[253,252],"class_list":{"0":"post-1517","1":"product","2":"type-product","3":"status-publish","4":"has-post-thumbnail","6":"product_cat-negovalna-kozmetika","7":"product_cat-dr-e-voss","8":"product_cat-ostalo","9":"product_tag-maska-za-pomlajevanje","10":"product_tag-naravna-maska","12":"first","13":"instock","14":"taxable","15":"shipping-taxable","16":"purchasable","17":"product-type-simple"},"_links":{"self":[{"href":"https:\/\/neguj.se\/trgovina\/wp-json\/wp\/v2\/product\/1517"}],"collection":[{"href":"https:\/\/neguj.se\/trgovina\/wp-json\/wp\/v2\/product"}],"about":[{"href":"https:\/\/neguj.se\/trgovina\/wp-json\/wp\/v2\/types\/product"}],"replies":[{"embeddable":true,"href":"https:\/\/neguj.se\/trgovina\/wp-json\/wp\/v2\/comments?post=1517"}],"wp:featuredmedia":[{"embeddable":true,"href":"https:\/\/neguj.se\/trgovina\/wp-json\/wp\/v2\/media\/1518"}],"wp:attachment":[{"href":"https:\/\/neguj.se\/trgovina\/wp-json\/wp\/v2\/media?parent=1517"}],"wp:term":[{"taxonomy":"product_brand","embeddable":true,"href":"https:\/\/neguj.se\/trgovina\/wp-json\/wp\/v2\/product_brand?post=1517"},{"taxonomy":"product_cat","embeddable":true,"href":"https:\/\/neguj.se\/trgovina\/wp-json\/wp\/v2\/product_cat?post=1517"},{"taxonomy":"product_tag","embeddable":true,"href":"https:\/\/neguj.se\/trgovina\/wp-json\/wp\/v2\/product_tag?post=1517"}],"curies":[{"name":"wp","href":"https:\/\/api.w.org\/{rel}","templated":true}]}}