{"id":1495,"date":"2020-10-25T21:47:58","date_gmt":"2020-10-25T20:47:58","guid":{"rendered":"https:\/\/neguj.se\/trgovina\/?post_type=product&#038;p=1495"},"modified":"2022-03-12T21:58:38","modified_gmt":"2022-03-12T20:58:38","slug":"hialuronski-serum-z-zlatom-intenzivno-vlazenje-koze","status":"publish","type":"product","link":"https:\/\/neguj.se\/trgovina\/izdelek\/hialuronski-serum-z-zlatom-intenzivno-vlazenje-koze\/","title":{"rendered":"Hialuronski serum z zlatom za intenzivno vla\u017eenje ko\u017ee"},"content":{"rendered":"<h2 class=\"product-title\">Pure Glow Elixir dr. E . Voss<\/h2>\n<p><b>Opis:<\/b><\/p>\n<p><strong>Dr. E. Voss serum<\/strong> z glamurozno me\u0161anico nizko molekularnih bio hialuronskih kislin za popolno vla\u017enost ter lovilcev prostih radikalov, ki poskrbi tudi za stimulacijo metabolizma v ko\u017ei.<br \/>\nZ bogatim luksuznim eliksirjem bo va\u0161a ko\u017ea zasijala od zunaj in znotraj.<\/p>\n<p>Izdelek ne vsebuje di\u0161av, emulgatorjev in konzervansov in je primeren tudi za ob\u010dutljivo ko\u017eo.<br \/>\nHialuronska kislina v veliki meri prispeva k elasti\u010dnosti ko\u017ee. Skupaj s kolagenom in elastinom ustvarja odebeljeno, blazinasto strukturo mladostne ko\u017ee.<\/p>\n<p>Zlato je najbolj znan odbijalec infrarde\u010dih \u017earkov, zato nudi dodatno za\u0161\u010dito pred radikali, ki nastanejo zaradi IR sevanja in naredi ko\u017eo sijo\u010do.<\/p>\n<p>&nbsp;<\/p>\n<p><b>Uporaba:<\/b><\/p>\n<p>PURE GLOW ELIXIR nanesite dvakrat dnevno, na \u010disto in suho ko\u017eo. Ko se serum vpije, preko nanesite izbrano kremo LIA C 6\u00ae, da zagotovite dolgoro\u010dnej\u0161i uspeh delovanja seruma ter za\u0161\u010ditite povrhnjico. Pri suhi ko\u017ei uporabite nekoliko manj seruma in ve\u010d kreme, pri me\u0161ani in mastni ko\u017ei pa obratno.<\/p>\n<p>&nbsp;<\/p>\n<p><b>Sestavine:<\/b><\/p>\n<p>AQUA, SODIUM HYALURONATE, PENTYLENEGLYCOL, 1, 2-HEXANEDIOL, CAPRYLHYDROXAMIC ACID, GOLD (DI 77480)<\/p>\n","protected":false},"excerpt":{"rendered":"<p>Serum z glamurozno me\u0161anico nizko molekularnih bio hialuronskih kislin za popolno vla\u017enost ter lovilcev prostih radikalov, ki poskrbi tudi za stimulacijo metabolizma v ko\u017ei.<\/p>\n","protected":false},"featured_media":1496,"comment_status":"open","ping_status":"closed","template":"","meta":[],"product_brand":[],"product_cat":[70,34],"product_tag":[],"class_list":{"0":"post-1495","1":"product","2":"type-product","3":"status-publish","4":"has-post-thumbnail","6":"product_cat-dr-e-voss","7":"product_cat-negovalna-kozmetika","9":"first","10":"instock","11":"taxable","12":"shipping-taxable","13":"purchasable","14":"product-type-variable","15":"has-default-attributes"},"_links":{"self":[{"href":"https:\/\/neguj.se\/trgovina\/wp-json\/wp\/v2\/product\/1495"}],"collection":[{"href":"https:\/\/neguj.se\/trgovina\/wp-json\/wp\/v2\/product"}],"about":[{"href":"https:\/\/neguj.se\/trgovina\/wp-json\/wp\/v2\/types\/product"}],"replies":[{"embeddable":true,"href":"https:\/\/neguj.se\/trgovina\/wp-json\/wp\/v2\/comments?post=1495"}],"wp:featuredmedia":[{"embeddable":true,"href":"https:\/\/neguj.se\/trgovina\/wp-json\/wp\/v2\/media\/1496"}],"wp:attachment":[{"href":"https:\/\/neguj.se\/trgovina\/wp-json\/wp\/v2\/media?parent=1495"}],"wp:term":[{"taxonomy":"product_brand","embeddable":true,"href":"https:\/\/neguj.se\/trgovina\/wp-json\/wp\/v2\/product_brand?post=1495"},{"taxonomy":"product_cat","embeddable":true,"href":"https:\/\/neguj.se\/trgovina\/wp-json\/wp\/v2\/product_cat?post=1495"},{"taxonomy":"product_tag","embeddable":true,"href":"https:\/\/neguj.se\/trgovina\/wp-json\/wp\/v2\/product_tag?post=1495"}],"curies":[{"name":"wp","href":"https:\/\/api.w.org\/{rel}","templated":true}]}}