{"id":1368,"date":"2020-04-12T15:15:23","date_gmt":"2020-04-12T14:15:23","guid":{"rendered":"https:\/\/neguj.se\/trgovina\/?post_type=product&#038;p=1368"},"modified":"2023-01-06T19:53:43","modified_gmt":"2023-01-06T18:53:43","slug":"top-peel-za-vnete-akne","status":"publish","type":"product","link":"https:\/\/neguj.se\/trgovina\/izdelek\/top-peel-za-vnete-akne\/","title":{"rendered":"Top peel za vnete akne"},"content":{"rendered":"<div id=\"wrapper\">\n<section>\n<div class=\"container\">\n<div class=\"section-content\">\n<div class=\"row\">\n<div class=\"product\">\n<div class=\"col-md-7\">\n<div class=\"product-summary\">\n<div class=\"short-description\">\n<h2>TOP PEEL<\/h2>\n<p><b>OPIS<\/b><\/p>\n<p>Za mastno in k vnetju nagnjeno ko\u017eo z aknami.<\/p>\n<p>&nbsp;<\/p>\n<p><b>UPORABA<\/b><\/p>\n<\/div>\n<p>Svetujemo vam, da se pred uporabo <strong>dr. E. Voss TOP PEEL<\/strong> izdelkov posvetujete s strokovnjakom za na\u0161e izdelke, ki naj vam tudi izvede prvi tretma. Nato boste po prejetih navodilih lahko sami nadaljevali z <a href=\"http:\/\/neguj.se\/nega-obraza\/\">ustrezno nego doma<\/a>.<\/p>\n<p>Svetujemo, da se krema dobro vtre na vneto oziroma na globoko akno.<\/p>\n<p>POZOR: Krema se ne sme aplicirati na ko\u017eo, nujno je vtiranje (mazanje) v nasprotnem primeru se ko\u017ea zelo izsu\u0161i.<br \/>\nTudi pred prvo uporabo Top Pella je priporo\u010dljiva uporaba <a href=\"https:\/\/www.drvoss.si\/si\/izdelki\/\" target=\"_blank\" rel=\"noopener\">Aknex<\/a>.<\/p>\n<div class=\"row\">\n<div class=\"col-md-6\"><\/div>\n<\/div>\n<\/div>\n<\/div>\n<\/div>\n<\/div>\n<\/div>\n<\/div>\n<\/section>\n<\/div>\n<footer id=\"footer\" class=\"footer divider parallax layer-overlay overlay-dark-9\" data-parallax-ratio=\"0.7\">\n<div class=\"container pt-70 pb-40\">\n<div class=\"row border-bottom-black\">\n<div class=\"col-xs-12 col-sm-6 col-md-3\"><\/div>\n<\/div>\n<\/div>\n<\/footer>\n","protected":false},"excerpt":{"rendered":"<p>Za mastno in k vnetju nagnjeno ko\u017eo (akne oz. mozolji).<br \/>\nKrema za uporabo doma.<\/p>\n","protected":false},"featured_media":1369,"comment_status":"open","ping_status":"closed","template":"","meta":[],"product_brand":[],"product_cat":[70],"product_tag":[226,101,321,232],"class_list":{"0":"post-1368","1":"product","2":"type-product","3":"status-publish","4":"has-post-thumbnail","6":"product_cat-dr-e-voss","7":"product_tag-akne","8":"product_tag-mozolji","9":"product_tag-top-peel","10":"product_tag-vnete-akne","12":"first","13":"instock","14":"taxable","15":"shipping-taxable","16":"purchasable","17":"product-type-variable","18":"has-default-attributes"},"_links":{"self":[{"href":"https:\/\/neguj.se\/trgovina\/wp-json\/wp\/v2\/product\/1368"}],"collection":[{"href":"https:\/\/neguj.se\/trgovina\/wp-json\/wp\/v2\/product"}],"about":[{"href":"https:\/\/neguj.se\/trgovina\/wp-json\/wp\/v2\/types\/product"}],"replies":[{"embeddable":true,"href":"https:\/\/neguj.se\/trgovina\/wp-json\/wp\/v2\/comments?post=1368"}],"wp:featuredmedia":[{"embeddable":true,"href":"https:\/\/neguj.se\/trgovina\/wp-json\/wp\/v2\/media\/1369"}],"wp:attachment":[{"href":"https:\/\/neguj.se\/trgovina\/wp-json\/wp\/v2\/media?parent=1368"}],"wp:term":[{"taxonomy":"product_brand","embeddable":true,"href":"https:\/\/neguj.se\/trgovina\/wp-json\/wp\/v2\/product_brand?post=1368"},{"taxonomy":"product_cat","embeddable":true,"href":"https:\/\/neguj.se\/trgovina\/wp-json\/wp\/v2\/product_cat?post=1368"},{"taxonomy":"product_tag","embeddable":true,"href":"https:\/\/neguj.se\/trgovina\/wp-json\/wp\/v2\/product_tag?post=1368"}],"curies":[{"name":"wp","href":"https:\/\/api.w.org\/{rel}","templated":true}]}}