{"id":1355,"date":"2020-04-12T14:15:16","date_gmt":"2020-04-12T13:15:16","guid":{"rendered":"https:\/\/neguj.se\/trgovina\/?post_type=product&#038;p=1355"},"modified":"2024-10-10T12:21:34","modified_gmt":"2024-10-10T11:21:34","slug":"kompaktni-set-proti-aknam-ogrcem","status":"publish","type":"product","link":"https:\/\/neguj.se\/trgovina\/izdelek\/kompaktni-set-proti-aknam-ogrcem\/","title":{"rendered":"Kompaktni 3-delni set proti aknam in ogrcem"},"content":{"rendered":"<h2 class=\"product-title\">Kompaktni 3-delni set\u00a0 proti aknam in ogrcem dr. E. Voss<\/h2>\n<p><strong>UPORABA<\/strong><\/p>\n<p><strong>Soft Peel:<\/strong>\u00a0Lahko ga uporabljate tako, kot \u010distilni gel (nanesite na obraz in nato sperite z vodo). Sicer ga lahko dvakrat tedensko nanesete na ko\u017eo zve\u010der in pustite u\u010dinkovati do 10 minut. Nato ko\u017eo temeljito sperite. Nevtralizator ni potreben.<\/p>\n<p><strong>HYA 4 Aknex:<\/strong>\u00a0Ko\u017eo skrbno o\u010distite s \u010distilnim izdelkom, nato ve\u010dkrat nanesite izdatno koli\u010dino. Pri aknasti ko\u017ei mladostnikov je priporo\u010dena so\u010dasna uporaba LIA C 6\u00ae Fluid, LIA C 6\u00ae Young ali LIA C 6\u00ae 24H.<br \/>\n<strong>Pomembno:<\/strong>\u00a0So\u010dasna uporaba drugih kozmeti\u010dnih izdelkov je odsvetovana.<\/p>\n<p><b>SESTAVINE<\/b><\/p>\n<p><strong>Soft Peel:\u00a0<\/strong>AQUA, ALOE BARBADENSIS LEAF JUICE GEL, GLYCERIN , MALIC ACID, LACTIC ACID, ALCOHOL DENAT., HAMAMELIS VIRGINIANA EXTRACT, PENTYLENEGLYCOL, XANTHAN GUM, PROPANEDIOL, GLYCOL DISTEARATE, LAURETH-4, COCAMIDOPROPYL BETAINE, SODIUM HYDROXIDE, PARFUME, 1,2-HEXANEDIOL, CAPRYLHYDROXAMIC ACID, ALLANTOIN, C I 19140; 42090<\/p>\n<p><strong>HYA 4 Aknex:\u00a0<\/strong>AQUA, BUTYLENE GLYCOL, NIACINAMIDE, PANTHENOL, SODIUM HYALURONATE, CAPRYLYL GLYCOL, MADECASSOSIDE, 1,2 HEXANEDIOL, PEG-60 ALMOND GLYCERIDES, GLYCERIN, PENTYLENE GLYCOL, HYDROXYPHENYL PROPAMIDOBENZOIC ACID, PAPAIN\/CARBOMER COPOLYMER, TROPOLONE, CARBOMER, NORDIHYDROGUAIARETIC ACID, OLEANOLIC ACID, ALGIN<\/p>\n<p><strong>LIA C6 Dnevna krema Young:\u00a0<\/strong>AQUA, GLYCERIN, OCTOCRYLENE, C 12-15 ALKYL BENZOATE, PROPYLHE- PTYL CAPRYLATE, LIMNANTHES ALBA SEED OIL, BUTYL METHOXYDIBENZOYL- METHANE, DIETHYLAMINO HYDROXYBENZOYL HEXYL BENZOATE, PENTYLENE- GLYCOL, PROPANEDIOL, BIS-ETHYLHEXYL HYDROXYDIMETHOXY BENZYLMALO- NATE, TOCOPHERYLACETATE, 1,2-HEXANEDIOL, CAPRYLIC\/CAPRIC TRIGLYCERIDE, HYDROGENATED PHOSPHATIDYLCHOLIN, PARF\u00dcM, BUTYROSPERMUM PARKII BUTTER, HYDROXYETHYLCELLULOSE, ACRYLATES\/VINYL ISODECANOATE CROSSPOLYMER, SODIUM ACRYLATE \/ SODIUM ACRYLOYLDI METHYL TAU RATE COPOLYMER, SQUALANE, CAPRYLHYDROXAMIC ACID, XANTHAN GUM, LINALOOL, LIMONENE,<\/p>\n","protected":false},"excerpt":{"rendered":"<p>Kompaktni 3-delni set\u00a0 proti aknam in ogrcem dr. E. Voss UPORABA Soft Peel:\u00a0Lahko ga uporabljate tako, kot \u010distilni gel (nanesite&#8230;<\/p>\n","protected":false},"featured_media":1357,"comment_status":"open","ping_status":"closed","template":"","meta":[],"product_brand":[],"product_cat":[70],"product_tag":[226,228,101,227,229],"class_list":{"0":"post-1355","1":"product","2":"type-product","3":"status-publish","4":"has-post-thumbnail","6":"product_cat-dr-e-voss","7":"product_tag-akne","8":"product_tag-dr-e-voss","9":"product_tag-mozolji","10":"product_tag-ogrci","11":"product_tag-set-proti-aknam","13":"first","14":"outofstock","15":"taxable","16":"shipping-taxable","17":"product-type-variable","18":"has-default-attributes"},"_links":{"self":[{"href":"https:\/\/neguj.se\/trgovina\/wp-json\/wp\/v2\/product\/1355"}],"collection":[{"href":"https:\/\/neguj.se\/trgovina\/wp-json\/wp\/v2\/product"}],"about":[{"href":"https:\/\/neguj.se\/trgovina\/wp-json\/wp\/v2\/types\/product"}],"replies":[{"embeddable":true,"href":"https:\/\/neguj.se\/trgovina\/wp-json\/wp\/v2\/comments?post=1355"}],"wp:featuredmedia":[{"embeddable":true,"href":"https:\/\/neguj.se\/trgovina\/wp-json\/wp\/v2\/media\/1357"}],"wp:attachment":[{"href":"https:\/\/neguj.se\/trgovina\/wp-json\/wp\/v2\/media?parent=1355"}],"wp:term":[{"taxonomy":"product_brand","embeddable":true,"href":"https:\/\/neguj.se\/trgovina\/wp-json\/wp\/v2\/product_brand?post=1355"},{"taxonomy":"product_cat","embeddable":true,"href":"https:\/\/neguj.se\/trgovina\/wp-json\/wp\/v2\/product_cat?post=1355"},{"taxonomy":"product_tag","embeddable":true,"href":"https:\/\/neguj.se\/trgovina\/wp-json\/wp\/v2\/product_tag?post=1355"}],"curies":[{"name":"wp","href":"https:\/\/api.w.org\/{rel}","templated":true}]}}