{"id":1228,"date":"2020-04-01T18:39:55","date_gmt":"2020-04-01T17:39:55","guid":{"rendered":"https:\/\/neguj.se\/trgovina\/?post_type=product&#038;p=1228"},"modified":"2022-09-03T16:09:49","modified_gmt":"2022-09-03T15:09:49","slug":"osvezilni-gel-za-utrujene-noge","status":"publish","type":"product","link":"https:\/\/neguj.se\/trgovina\/izdelek\/osvezilni-gel-za-utrujene-noge\/","title":{"rendered":"Osve\u017eilni gel za utrujene noge"},"content":{"rendered":"<h2>Gel za utrujene noge<\/h2>\n<h3><span class=\"tlid-translation translation\" lang=\"sl\"><span class=\"\" title=\"\">Peclavus\u00ae PODOcare Fresh Gel Vine Leaves <\/span><\/span><\/h3>\n<p><span class=\"tlid-translation translation\" lang=\"sl\"><span class=\"\" title=\"\">neguje, osve\u017euje in vra\u010da utrujene, te\u017eke noge v akcijo.<\/span> <span class=\"\" title=\"\">Z najbolj\u0161im dragocenim izvle\u010dkom vinske trte, konjskim kostanjem in organsko aloe vero ne\u017eno laj\u0161a otekline, pomaga stabilizirati delovanje \u017eil in zagotavlja gladko ko\u017eo.<\/span> <span class=\"\" title=\"\">Primerno za vse tipe ko\u017ee.<\/span><\/span><\/p>\n<p><span class=\"tlid-translation translation\" lang=\"sl\"><strong><span title=\"\">SESTAVINE<\/span><\/strong><\/span><\/p>\n<p><span class=\"\" title=\"\">AQUA, CITRUS LIMON FRUIT VODA *, GLYCERIN, XANTHAN GUMA, ALOE BARBADENSIS LESENI SOK POWDER *, VITIS VINIFERA LESENI IZDELEK, AESCULUS HIPPOCASTANUM SEMENSKI IZDELEK, PERFUME, GLYLYLINE<\/span><\/p>\n<p><strong>UPORABA<\/strong><\/p>\n<p><span class=\"tlid-translation translation\" lang=\"sl\"><span class=\"\" title=\"\">Zjutraj in zve\u010der enakomerno nanesite na stopala in noge in po potrebi pogosteje in jih ne\u017eno vmasirajte.<\/span><\/span><\/p>\n","protected":false},"excerpt":{"rendered":"<p>Gel za utrujene noge Peclavus\u00ae PODOcare Fresh Gel Vine Leaves neguje, osve\u017euje in vra\u010da utrujene, te\u017eke noge v akcijo. Z&#8230;<\/p>\n","protected":false},"featured_media":1230,"comment_status":"open","ping_status":"closed","template":"","meta":[],"product_brand":[],"product_cat":[268],"product_tag":[206,205,204],"class_list":{"0":"post-1228","1":"product","2":"type-product","3":"status-publish","4":"has-post-thumbnail","6":"product_cat-peclavus","7":"product_tag-krcne-zile","8":"product_tag-osvezilni-gel","9":"product_tag-utrujene-noge","11":"first","12":"instock","13":"taxable","14":"shipping-taxable","15":"product-type-variable","16":"has-default-attributes"},"_links":{"self":[{"href":"https:\/\/neguj.se\/trgovina\/wp-json\/wp\/v2\/product\/1228"}],"collection":[{"href":"https:\/\/neguj.se\/trgovina\/wp-json\/wp\/v2\/product"}],"about":[{"href":"https:\/\/neguj.se\/trgovina\/wp-json\/wp\/v2\/types\/product"}],"replies":[{"embeddable":true,"href":"https:\/\/neguj.se\/trgovina\/wp-json\/wp\/v2\/comments?post=1228"}],"wp:featuredmedia":[{"embeddable":true,"href":"https:\/\/neguj.se\/trgovina\/wp-json\/wp\/v2\/media\/1230"}],"wp:attachment":[{"href":"https:\/\/neguj.se\/trgovina\/wp-json\/wp\/v2\/media?parent=1228"}],"wp:term":[{"taxonomy":"product_brand","embeddable":true,"href":"https:\/\/neguj.se\/trgovina\/wp-json\/wp\/v2\/product_brand?post=1228"},{"taxonomy":"product_cat","embeddable":true,"href":"https:\/\/neguj.se\/trgovina\/wp-json\/wp\/v2\/product_cat?post=1228"},{"taxonomy":"product_tag","embeddable":true,"href":"https:\/\/neguj.se\/trgovina\/wp-json\/wp\/v2\/product_tag?post=1228"}],"curies":[{"name":"wp","href":"https:\/\/api.w.org\/{rel}","templated":true}]}}