{"id":113,"date":"2018-10-18T02:29:02","date_gmt":"2018-10-18T02:29:02","guid":{"rendered":"https:\/\/woostify.com\/demos\/fashion1\/?post_type=product&#038;p=113"},"modified":"2026-04-01T19:37:52","modified_gmt":"2026-04-01T18:37:52","slug":"hidrokolagen-nm","status":"publish","type":"product","link":"https:\/\/neguj.se\/trgovina\/izdelek\/hidrokolagen-nm\/","title":{"rendered":"Hidrokolagen NM"},"content":{"rendered":"<div class=\"woocommerce-product-details__short-description\">\n<div class=\"nH if\">\n<div class=\"nH aHU\">\n<div class=\"nH hx\">\n<div class=\"nH\" role=\"list\">\n<div class=\"h7 ie nH oy8Mbf\" tabindex=\"-1\" role=\"listitem\">\n<div class=\"Bk\">\n<div class=\"G3 G2\">\n<div id=\":2bl\">\n<div class=\"adn ads\" data-message-id=\"#msg-f:1661042173283991136\" data-legacy-message-id=\"170d350e5788fe60\">\n<div class=\"gs\">\n<div class=\"\">\n<div id=\":25e\" class=\"ii gt\">\n<div id=\":2bm\" class=\"a3s aXjCH \">\n<div dir=\"auto\">\n<blockquote>\n<div dir=\"ltr\">\n<div dir=\"ltr\">\n<div>\n<h2>Novelius Medical Hidrokolagen<\/h2>\n<p>je sestavljen iz najkakovostnej\u0161ih kolagenskih peptidov (peptidi F 2000 Da) izmed peptidov, ki jih proizvaja omenjeni francoski konzorcij ter organskih in \u010distih sestavin, brez dodanih umetnih sladil, arom, emulgatorjev ali konzervansov. Kolagenski peptidi v <a href=\"\/kolagen-je-pristal-na-mojem-krozniku-zakaj\/\">hidrokolagenu<\/a> stimulirajo fibroblaste za tvorbo novega kolagena, elastina in hialuronske kisline, kar vpliva na hidratnost ko\u017ee.<\/p>\n<p><strong>Hidrokolagen<\/strong> je dodatno\u00a0obogaten z optimalnim razmerjem za tvorbo kolagena kju\u010dnih aminokislin <strong>in\u00a0ima kar 98% absorbcijo.<\/strong><\/p>\n<\/div>\n<\/div>\n<\/div>\n<\/blockquote>\n<blockquote>\n<div dir=\"ltr\">\n<div dir=\"ltr\">\n<p>Je klini\u010dno dokazano, da izbolj\u0161uje hidriranost, gladkost in pro\u017enost ko\u017ee, izbolj\u0161uje \u010dvrstost las ter prepre\u010duje nastajanje globokih gub.<\/p>\n<p>Glicin, lizin, hidroksiprolin in hidroksilizin, ki so glavni gradniki kolagena v telesu\u00a0predstavljajo ve\u010dinski dele\u017e vsebnosti aminokislin v hidrokolagenu, koncentracija le-teh pa je do 20-krat vi\u0161ja kot v drugih virih proteinov. Hidroksiprolin in hidroksilizin pa nista prisotna v prehrani, zato je vsebnost le-teh v hidrokolagenu zelo pomembna.<\/p>\n<p>Kolagen je najpogostej\u0161a beljakovina v \u010dlove\u0161kem telesu (predstavlja 30% vseh beljakovin v telesu). S pove\u010devanjem kolagena v ko\u017ei prihaja do debeljenja ko\u017ee in s tem zmanj\u0161evanja gub. <a href=\"https:\/\/www.facebook.com\/noveliusmedical\" target=\"_blank\" rel=\"noopener\">Kolagen<\/a> pa se ne nahaja le v ko\u017ei, ampak se nahaja tudi v kosteh, sklepih, ro\u017eenici, \u017eilah, mi\u0161icah, notranjih organih, laseh, nohtih, kitah in hrustancu, sklepih.<\/p>\n<p>&nbsp;<\/p>\n<p><strong>SESTAVINE:<\/strong><\/p>\n<p>Kolagenski peptidi\u00a0 (iz\u00a0<b>rib<\/b>), grenivka v prahu (koncentriran sok grenivke, naravne arome), barvilo: beta-karoten, sladilo: steviol glikozidi, sok rde\u010de pese v prahu.<\/p>\n<p><strong>Novelius Medical H<span class=\"searchword\">idrokolagen<\/span><\/strong>\u00a0je izdelan po najvi\u0161jih farmacevtskih standardih in se lahko pohvali s certifikafi IFS, ISO 140001, FSSC 22000GMP, GMP+ in OHSAS 18001.<\/p>\n<\/div>\n<\/div>\n<\/blockquote>\n<\/div>\n<\/div>\n<\/div>\n<\/div>\n<\/div>\n<\/div>\n<\/div>\n<\/div>\n<\/div>\n<\/div>\n<\/div>\n<\/div>\n<\/div>\n<\/div>\n<\/div>\n","protected":false},"excerpt":{"rendered":"<p>Novelius Medical kolagen je nastal kot plod dolgoletnih izku\u0161enj in znanja dermatologov ter nutricionistov, zdru\u017eenih s tehnologijo vodilnega francoskega laboratorija na podro\u010dju kolagenskih peptidov.<\/p>\n<p>&nbsp;<\/p>\n","protected":false},"featured_media":2500,"comment_status":"open","ping_status":"closed","template":"","meta":[],"product_brand":[],"product_cat":[35],"product_tag":[53,55,52,54],"class_list":{"0":"post-113","1":"product","2":"type-product","3":"status-publish","4":"has-post-thumbnail","6":"product_cat-prehranski-dodatki","7":"product_tag-hidrokolagen","8":"product_tag-hidrokolagen-nm","9":"product_tag-kolagen","10":"product_tag-novelius-medical","12":"first","13":"instock","14":"taxable","15":"shipping-taxable","16":"purchasable","17":"product-type-variable"},"_links":{"self":[{"href":"https:\/\/neguj.se\/trgovina\/wp-json\/wp\/v2\/product\/113"}],"collection":[{"href":"https:\/\/neguj.se\/trgovina\/wp-json\/wp\/v2\/product"}],"about":[{"href":"https:\/\/neguj.se\/trgovina\/wp-json\/wp\/v2\/types\/product"}],"replies":[{"embeddable":true,"href":"https:\/\/neguj.se\/trgovina\/wp-json\/wp\/v2\/comments?post=113"}],"wp:featuredmedia":[{"embeddable":true,"href":"https:\/\/neguj.se\/trgovina\/wp-json\/wp\/v2\/media\/2500"}],"wp:attachment":[{"href":"https:\/\/neguj.se\/trgovina\/wp-json\/wp\/v2\/media?parent=113"}],"wp:term":[{"taxonomy":"product_brand","embeddable":true,"href":"https:\/\/neguj.se\/trgovina\/wp-json\/wp\/v2\/product_brand?post=113"},{"taxonomy":"product_cat","embeddable":true,"href":"https:\/\/neguj.se\/trgovina\/wp-json\/wp\/v2\/product_cat?post=113"},{"taxonomy":"product_tag","embeddable":true,"href":"https:\/\/neguj.se\/trgovina\/wp-json\/wp\/v2\/product_tag?post=113"}],"curies":[{"name":"wp","href":"https:\/\/api.w.org\/{rel}","templated":true}]}}