{"id":1090,"date":"2020-03-30T17:32:04","date_gmt":"2020-03-30T16:32:04","guid":{"rendered":"https:\/\/neguj.se\/trgovina\/?post_type=product&#038;p=1090"},"modified":"2024-09-21T09:50:11","modified_gmt":"2024-09-21T08:50:11","slug":"nezni-piling","status":"publish","type":"product","link":"https:\/\/neguj.se\/trgovina\/izdelek\/nezni-piling\/","title":{"rendered":"Ne\u017eni piling na bazi sadne kisline"},"content":{"rendered":"<h2>Ne\u017eni piling &#8211; Soft Peel<\/h2>\n<div class=\"short-description\">\n<p><b>OPIS<\/b><\/p>\n<p>Dr. E. Voss je izdelal u\u010dinkovit, a ne\u017een piling na osnovi sadne kisline z rastlinskim ekstraktom nepozebnika, ki zaradi vsebnosti alantoina <a href=\"https:\/\/www.drvoss.si\/si\/izdelki\/\" target=\"_blank\" rel=\"noopener\">pomirja ko\u017eo<\/a>. Primeren za redno uporabo doma.<\/p>\n<\/div>\n<p><b>SESTAVINE<\/b><\/p>\n<p>AQUA, ALOE BARBADENSIS LEAF JUICE GEL, GLYCERIN , MALIC ACID, LACTIC ACID, ALCOHOL DENAT., HAMAMELIS VIRGINIANA EXTRACT, PENTYLENEGLYCOL, XANTHAN GUM, PROPANEDIOL, GLYCOL DISTEARATE, LAURETH-4, COCAMIDOPROPYL BETAINE, SODIUM HYDROXIDE, PARFUME, 1,2-HEXANEDIOL, CAPRYLHYDROXAMIC ACID, ALLANTOIN, C I 19140; 42090<\/p>\n<p><b>UPORABA<\/b><\/p>\n<p>Lahko ga uporabljate tako, kot <a href=\"http:\/\/www.neguj.se\">\u010distilni gel<\/a> (nanesite na obraz in nato sperite z vodo). Sicer ga lahko dvakrat tedensko nanesete na ko\u017eo zve\u010der in pustite u\u010dinkovati do 10 minut. Nato ko\u017eo temeljito sperite. Nevtralizator ni potreben.<\/p>\n","protected":false},"excerpt":{"rendered":"<p>Piling na osnovi sadnih AHA kislin, ki naredi ko\u017eo bolj gladko.<\/p>\n<p>Mo\u010dan u\u010dinek delovanja, a hkrati ne\u017een do va\u0161e ko\u017ee.<\/p>\n<p>Po negi obraza je va\u0161a ko\u017ea gladka, mehka in ne\u017ena.<\/p>\n<p>Priporo\u010dena uporaba 2x tedensko.<\/p>\n","protected":false},"featured_media":1091,"comment_status":"open","ping_status":"closed","template":"","meta":[],"product_brand":[],"product_cat":[70,34],"product_tag":[178,181,180,179],"class_list":{"0":"post-1090","1":"product","2":"type-product","3":"status-publish","4":"has-post-thumbnail","6":"product_cat-dr-e-voss","7":"product_cat-negovalna-kozmetika","8":"product_tag-pilin","9":"product_tag-piling-za-obraz","10":"product_tag-sadni-piling","11":"product_tag-soft-peel","13":"first","14":"instock","15":"taxable","16":"shipping-taxable","17":"purchasable","18":"product-type-variable","19":"has-default-attributes"},"_links":{"self":[{"href":"https:\/\/neguj.se\/trgovina\/wp-json\/wp\/v2\/product\/1090"}],"collection":[{"href":"https:\/\/neguj.se\/trgovina\/wp-json\/wp\/v2\/product"}],"about":[{"href":"https:\/\/neguj.se\/trgovina\/wp-json\/wp\/v2\/types\/product"}],"replies":[{"embeddable":true,"href":"https:\/\/neguj.se\/trgovina\/wp-json\/wp\/v2\/comments?post=1090"}],"wp:featuredmedia":[{"embeddable":true,"href":"https:\/\/neguj.se\/trgovina\/wp-json\/wp\/v2\/media\/1091"}],"wp:attachment":[{"href":"https:\/\/neguj.se\/trgovina\/wp-json\/wp\/v2\/media?parent=1090"}],"wp:term":[{"taxonomy":"product_brand","embeddable":true,"href":"https:\/\/neguj.se\/trgovina\/wp-json\/wp\/v2\/product_brand?post=1090"},{"taxonomy":"product_cat","embeddable":true,"href":"https:\/\/neguj.se\/trgovina\/wp-json\/wp\/v2\/product_cat?post=1090"},{"taxonomy":"product_tag","embeddable":true,"href":"https:\/\/neguj.se\/trgovina\/wp-json\/wp\/v2\/product_tag?post=1090"}],"curies":[{"name":"wp","href":"https:\/\/api.w.org\/{rel}","templated":true}]}}