{"id":1077,"date":"2020-03-29T21:07:34","date_gmt":"2020-03-29T20:07:34","guid":{"rendered":"https:\/\/neguj.se\/trgovina\/?post_type=product&#038;p=1077"},"modified":"2025-09-16T11:09:20","modified_gmt":"2025-09-16T10:09:20","slug":"tonik-za-obraz","status":"publish","type":"product","link":"https:\/\/neguj.se\/trgovina\/izdelek\/tonik-za-obraz\/","title":{"rendered":"Tonik za obraz"},"content":{"rendered":"<h2>Tonik za obraz<\/h2>\n<div class=\"short-description\">\n<p><b>OPIS<\/b><\/p>\n<p>Zaradi aloje se ko\u017ea osve\u017ei, vitamin B5 pa jo pripravi na absorpcijo kozmeti\u010dno aktivnih sestavin in izbolj\u0161a uspeh nege.<\/p>\n<\/div>\n<p><b>SESTAVINE<\/b><\/p>\n<p>AQUA, ALOE BARBADENSIS LEAF JUICE POWDER, GLYCERIN, SORBITOL, PENTYLENEGLYCOL, PROPANEDIOL, CAPRYLYL\/CAPRYL GLU- COSIDE, PANTHENOL, 1,2-HEXANEDIOL, HAMAMELIS VIRGINIANA LEAF WATER, PARF\u00dcM, CAPRYLHYDROXAMIC ACID, ALCOHOL DENAT<\/p>\n<p><b>UPORABA<\/b><\/p>\n<p>Tonik za obraz se uporablja po predhodni uporabi \u010distilnih izdelkov, nanese se na vato in z njo o\u010disti celoten obraz (vrat in dekolte), ter iz ko\u017ee odstrani \u0161e morebitne ko\u017ene ne\u010disto\u010de, ko\u017eo tudi tonizira.<\/p>\n","protected":false},"excerpt":{"rendered":"<p>Tonik za obraz OPIS Zaradi aloje se ko\u017ea osve\u017ei, vitamin B5 pa jo pripravi na absorpcijo kozmeti\u010dno aktivnih sestavin in&#8230;<\/p>\n","protected":false},"featured_media":1080,"comment_status":"open","ping_status":"closed","template":"","meta":[],"product_brand":[],"product_cat":[70,34],"product_tag":[170,167,168],"class_list":{"0":"post-1077","1":"product","2":"type-product","3":"status-publish","4":"has-post-thumbnail","6":"product_cat-dr-e-voss","7":"product_cat-negovalna-kozmetika","8":"product_tag-ciscenje-obraza","9":"product_tag-tonik","10":"product_tag-tonik-za-obraz","12":"first","13":"instock","14":"taxable","15":"shipping-taxable","16":"purchasable","17":"product-type-variable"},"_links":{"self":[{"href":"https:\/\/neguj.se\/trgovina\/wp-json\/wp\/v2\/product\/1077"}],"collection":[{"href":"https:\/\/neguj.se\/trgovina\/wp-json\/wp\/v2\/product"}],"about":[{"href":"https:\/\/neguj.se\/trgovina\/wp-json\/wp\/v2\/types\/product"}],"replies":[{"embeddable":true,"href":"https:\/\/neguj.se\/trgovina\/wp-json\/wp\/v2\/comments?post=1077"}],"wp:featuredmedia":[{"embeddable":true,"href":"https:\/\/neguj.se\/trgovina\/wp-json\/wp\/v2\/media\/1080"}],"wp:attachment":[{"href":"https:\/\/neguj.se\/trgovina\/wp-json\/wp\/v2\/media?parent=1077"}],"wp:term":[{"taxonomy":"product_brand","embeddable":true,"href":"https:\/\/neguj.se\/trgovina\/wp-json\/wp\/v2\/product_brand?post=1077"},{"taxonomy":"product_cat","embeddable":true,"href":"https:\/\/neguj.se\/trgovina\/wp-json\/wp\/v2\/product_cat?post=1077"},{"taxonomy":"product_tag","embeddable":true,"href":"https:\/\/neguj.se\/trgovina\/wp-json\/wp\/v2\/product_tag?post=1077"}],"curies":[{"name":"wp","href":"https:\/\/api.w.org\/{rel}","templated":true}]}}