{"id":1055,"date":"2020-03-29T17:21:38","date_gmt":"2020-03-29T16:21:38","guid":{"rendered":"https:\/\/neguj.se\/trgovina\/?post_type=product&#038;p=1055"},"modified":"2024-10-10T12:14:24","modified_gmt":"2024-10-10T11:14:24","slug":"krema-za-soncenje","status":"publish","type":"product","link":"https:\/\/neguj.se\/trgovina\/izdelek\/krema-za-soncenje\/","title":{"rendered":"Za\u0161\u010ditna dnevna krema za son\u010denje"},"content":{"rendered":"<h2>LIA C6 Sensi Care LSF30 dr. E. Voss<\/h2>\n<h3>DNEVNA KREMA ZA SON\u010cENJE Z ZA\u0160\u010cITNIM FAKTORJEM 30<\/h3>\n<p>&nbsp;<\/p>\n<div id=\"tab-0-2485\" class=\"tab-pane fade active in\">\n<div class=\"product-description\">\n<div id=\"tab-0-2465\" class=\"tab-pane fade active in\">\n<div class=\"product-description\">\n<div class=\"short-description\"><b>Opis:<\/b><\/div>\n<div><\/div>\n<div class=\"short-description\">LIA C 6\u00ae SENSI CARE SPF 30 je posebna krema za za\u0161\u010dito pred soncem. U\u010dinkovito za\u0161\u010diti \u0161e tako ob\u010dutljivo ko\u017eo pred neugodnimi posledicami izpostavljanja son\u010dnim \u017earkom, kot so opekline in fotostaranje ko\u017ee. Primerna je tudi za otroke. Hitro se vpije in ne masti ko\u017ee.<br \/>\nFaktor 30 pomeni, da se naravni \u010das za\u0161\u010dite ko\u017ee pred u\u010dinki son\u010dnih \u017earkov podalj\u0161a za 30-krat, pod pogojem, da izdelek v zadostni koli\u010dini in enakomerno nanesemo ter da po umivanju in brisanju ko\u017ee nanos ponovimo. Kljub temu se raje izogibajte intenzivnemu izpostavljanju soncu v opoldanskem \u010dasu, majhnih otrok in dojen\u010dkov pa nikoli ne izpostavljajte neposredni mo\u010dni son\u010dni svetlobi.<br \/>\nKrema LIA C 6\u00ae SENSI CARE LSF 30 vsebuje tudi LIA za\u0161\u010dito (poleg visoke UVB za\u0161\u010dite vsebuje tudi skoraj 100% UVA za\u0161\u010dito ter HDBM \u2013 pametni lovilec prostih radikalov).<span class=\"Apple-converted-space\">\u00a0<\/span><\/div>\n<p><b>Pakiranje:<\/b>\u00a0100 ml<\/p>\n<p><b>Uporaba:<\/b><\/p>\n<p>Kremo LIA C 6\u00ae SENSI CARE SPF 30 enakomerno in izdatno nanesite na ko\u017eo pribli\u017eno 30 minut pred izpostavljanjem soncu. \u010ceprav je krema vodoodporna, priporo\u010damo, da se po kopanju v morju ali bazenu vnovi\u010d nama\u017eete.<br \/>\nLIA C 6\u00ae SENSI CARE SPF 30 je primerna za vse tipe ko\u017ee.<\/p>\n<p><b>Sestavine:<\/b><\/p>\n<p>AQUA, C 12-15 ALKYL BENZOATE, GLYCERIN, CAPRYLIC\/CAPRIC TRIGLYCERIDE, BUTYL METHOXYDIBENZOYLMETHANE, BIS-ETHYLHEXYLOXYPHENOL METHOXYPHENYL TRIAZINE, DIETHYLAMINO HYDROXYBENZOYL HEXYL BENZOATE, DIETHYLHEXYL BUTA-MIDO TRIAZONE, ETHYLHEXYL TRIAZONE, HYDROGENATED PHOSPHATIDYLCHOLINE, PENTYLENE GLYCOL, PROPANEDIOL, BIS-ETHYLHEXYL HYDROXYDIMETHOXY BENZYLMALONATE, 1,2-HEXANEDIOL, BUTYROSPERMUM PARKII BUTTER, HYDROXYPROPYL STARCH PHOSPHATE, ACRYLATES\/VINYL ISODECANOATE CROSSPOLYMER, SQUALANE, XANTHAN GUM, CAPRYLHYDROXAMIC ACID, CERAMIDE NP<\/p>\n<\/div>\n<\/div>\n<\/div>\n<\/div>\n","protected":false},"excerpt":{"rendered":"<p>LIA C6 Sensi Care LSF30 dr. E. Voss DNEVNA KREMA ZA SON\u010cENJE Z ZA\u0160\u010cITNIM FAKTORJEM 30 &nbsp; Opis: LIA C&#8230;<\/p>\n","protected":false},"featured_media":1056,"comment_status":"open","ping_status":"closed","template":"","meta":[],"product_brand":[],"product_cat":[70,34],"product_tag":[154,153,151],"class_list":{"0":"post-1055","1":"product","2":"type-product","3":"status-publish","4":"has-post-thumbnail","6":"product_cat-dr-e-voss","7":"product_cat-negovalna-kozmetika","8":"product_tag-krema-z-zascito-pred-soncem-za-obraz","9":"product_tag-soncna-krema","10":"product_tag-zascita-pred-fotostaranjem","12":"first","13":"instock","14":"taxable","15":"shipping-taxable","16":"purchasable","17":"product-type-variable","18":"has-default-attributes"},"_links":{"self":[{"href":"https:\/\/neguj.se\/trgovina\/wp-json\/wp\/v2\/product\/1055"}],"collection":[{"href":"https:\/\/neguj.se\/trgovina\/wp-json\/wp\/v2\/product"}],"about":[{"href":"https:\/\/neguj.se\/trgovina\/wp-json\/wp\/v2\/types\/product"}],"replies":[{"embeddable":true,"href":"https:\/\/neguj.se\/trgovina\/wp-json\/wp\/v2\/comments?post=1055"}],"wp:featuredmedia":[{"embeddable":true,"href":"https:\/\/neguj.se\/trgovina\/wp-json\/wp\/v2\/media\/1056"}],"wp:attachment":[{"href":"https:\/\/neguj.se\/trgovina\/wp-json\/wp\/v2\/media?parent=1055"}],"wp:term":[{"taxonomy":"product_brand","embeddable":true,"href":"https:\/\/neguj.se\/trgovina\/wp-json\/wp\/v2\/product_brand?post=1055"},{"taxonomy":"product_cat","embeddable":true,"href":"https:\/\/neguj.se\/trgovina\/wp-json\/wp\/v2\/product_cat?post=1055"},{"taxonomy":"product_tag","embeddable":true,"href":"https:\/\/neguj.se\/trgovina\/wp-json\/wp\/v2\/product_tag?post=1055"}],"curies":[{"name":"wp","href":"https:\/\/api.w.org\/{rel}","templated":true}]}}