{"id":1030,"date":"2020-03-29T15:40:43","date_gmt":"2020-03-29T14:40:43","guid":{"rendered":"https:\/\/neguj.se\/trgovina\/?post_type=product&#038;p=1030"},"modified":"2024-07-01T17:49:44","modified_gmt":"2024-07-01T16:49:44","slug":"hialuronski-gel-za-posvetlitev-koze","status":"publish","type":"product","link":"https:\/\/neguj.se\/trgovina\/izdelek\/hialuronski-gel-za-posvetlitev-koze\/","title":{"rendered":"Hialuronski serum za posvetlitev ko\u017ee"},"content":{"rendered":"<h2>HYA 4 White Plus<\/h2>\n<h3>Hialuronski serum za posvetlitev ko\u017ee<\/h3>\n<p>&nbsp;<\/p>\n<div id=\"tab-0-2466\" class=\"tab-pane fade active in\">\n<div class=\"product-description\">\n<p><strong>OPIS<\/strong><\/p>\n<p>Hya 4 WHITE PLUS sledi \u201efilozofiji ve\u010d prijemali\u0161\u010d\u201c Dr. E. Vossa, ki temelji na prepri\u010danju, da je treba isti cilj zasledovati po ve\u010d paralelnih poteh, da bi pomno\u017eili u\u010dinkovitost formule. Izbrali smo pet sodobnih, mo\u010dnih sestavin, ki prepre\u010dujejo nastajanje melanina v petih razli\u010dnih stadijih tega procesa, za\u010den\u0161i pri branju DNA zapisa, pa vse do kon\u010dnega efekta, ko melanin vznikne na zgornji plasti epidermisa in opazimo pigmentni made\u017e.<\/p>\n<p>Nobena izmed petih u\u010dinkovin ne konkurira drugi, temve\u010d delujejo neodvisno; vsaka na razli\u010dni stopnji procesa <a href=\"https:\/\/neguj.se\/hiperpigmentacija\/\">tvorbe melanina<\/a>, tako da tudi morebitni neuspeh ene ne ovira uspeha drugih. Prve pozitivne rezultate lahko uporabnik pri\u010dakuje po dveh tednih uporabe, o\u010ditno posvetlitev ko\u017ee pa po dveh mesecih.<\/p>\n<p>Toda, za ohranjanje dobrih rezultatov je vsekakor potrebno uporabo HYA 4 WHITE Plus gela dopolniti z ustrezno LIA C 6\u00ae kremo. Pet razli\u010dnih aktivnih sestavin iz narave oziroma znanstvenih laboratorijev po svetu. Vsaka od njih vpliva na razli\u010dne faze izgradnje <a href=\"https:\/\/www.neguj.se\/\">melanina<\/a>.<\/p>\n<p>Gre za edinstven proizvod v svetovnem merilu, ki uporablja tovrsten ve\u010dstranski pristop. Epigenetski uti\u0161evalec sinteze melanina (u\u010dinkovini: Maltodextrin in izvle\u010dek listov lansium domesticum) ustavi tvorbo melanina, ki nastane zaradi vplivov okolja, zaviralec pro-tirosinaze: traneksaminska kislina, antifibrinoliza = zmanj\u0161anje rde\u010de ko\u017ee (INCI: Tranexamic acid) Zaviralec tirozinaze (INCI: Phenylethyl Resorcinol) Zaviralec spro\u0161\u010danja melanina (INCI: Hydroxy Phenoxy Propionic acid) Melanociti ne morejo spro\u0161\u010dati melanina. Niacinamid prepre\u010di prenos melanosomov v keratinocite (INCI: Niacinamide).<\/p>\n<p>&nbsp;<\/p>\n<p><strong>SESTAVINE<\/strong><\/p>\n<p>AQUA,\u00a0NIACINAMIDE, TRANEXAMIC ACID, C12-15 ALKYL BENZOATE, PENTYLENE GLYCOL, PROPANEDIOL, BUTYL METHOXYDIBENZOYLMETHANE, PHOSPHATIDYLCHOLINE, HYDROXYPHENOXY PROPIONIC ACID, TROXERUTIN, PHENYLETHYL RESORCINOL,\u00a0SODIUM HYALURONATE, ACRYLATES\/VINYL ISODECANOATE CROSSPOLYMER, 1,2-HEXANEDIOL, LANSIUM DOMESTICUM LEAF EXTRACT, CAPRYLHYDROXAMIC ACID, MALTODEXTRIN<\/p>\n<p>&nbsp;<\/p>\n<p><strong>UPORABA<\/strong><\/p>\n<p>Zjutraj in zve\u010der nanesite tanko plast <a href=\"https:\/\/www.drvoss.si\/si\/izdelki\/\" target=\"_blank\" rel=\"noopener\">kozmeti\u010dnega izdelka<\/a> ter po\u010dakajte, da se vpije. Nato nadaljujte z nanosom gela, 1min za tem nanesite \u0161e majhno koli\u010dino kreme.<\/p>\n<\/div>\n<\/div>\n","protected":false},"excerpt":{"rendered":"<p>Hialuronski gel za posvetlitev ko\u017ee.<\/p>\n<p>Proti hiperpigmentacijam.<\/p>\n<p>Primeren za vse tipe ko\u017ee.<\/p>\n","protected":false},"featured_media":1031,"comment_status":"open","ping_status":"closed","template":"","meta":[],"product_brand":[],"product_cat":[70,34],"product_tag":[142,139,138,143,141,144,140],"class_list":{"0":"post-1030","1":"product","2":"type-product","3":"status-publish","4":"has-post-thumbnail","6":"product_cat-dr-e-voss","7":"product_cat-negovalna-kozmetika","8":"product_tag-gel-proti-lisajem","9":"product_tag-gel-za-posvetlitev-koze","10":"product_tag-hialuronski-gel-za-posvetlitev-koze","11":"product_tag-hiperpigmentacija","12":"product_tag-lisaji","13":"product_tag-pigmentacija","14":"product_tag-temne-lise","16":"first","17":"instock","18":"taxable","19":"shipping-taxable","20":"purchasable","21":"product-type-variable","22":"has-default-attributes"},"_links":{"self":[{"href":"https:\/\/neguj.se\/trgovina\/wp-json\/wp\/v2\/product\/1030"}],"collection":[{"href":"https:\/\/neguj.se\/trgovina\/wp-json\/wp\/v2\/product"}],"about":[{"href":"https:\/\/neguj.se\/trgovina\/wp-json\/wp\/v2\/types\/product"}],"replies":[{"embeddable":true,"href":"https:\/\/neguj.se\/trgovina\/wp-json\/wp\/v2\/comments?post=1030"}],"wp:featuredmedia":[{"embeddable":true,"href":"https:\/\/neguj.se\/trgovina\/wp-json\/wp\/v2\/media\/1031"}],"wp:attachment":[{"href":"https:\/\/neguj.se\/trgovina\/wp-json\/wp\/v2\/media?parent=1030"}],"wp:term":[{"taxonomy":"product_brand","embeddable":true,"href":"https:\/\/neguj.se\/trgovina\/wp-json\/wp\/v2\/product_brand?post=1030"},{"taxonomy":"product_cat","embeddable":true,"href":"https:\/\/neguj.se\/trgovina\/wp-json\/wp\/v2\/product_cat?post=1030"},{"taxonomy":"product_tag","embeddable":true,"href":"https:\/\/neguj.se\/trgovina\/wp-json\/wp\/v2\/product_tag?post=1030"}],"curies":[{"name":"wp","href":"https:\/\/api.w.org\/{rel}","templated":true}]}}