{"id":1022,"date":"2020-03-29T14:02:11","date_gmt":"2020-03-29T13:02:11","guid":{"rendered":"https:\/\/neguj.se\/trgovina\/?post_type=product&#038;p=1022"},"modified":"2022-10-11T20:14:41","modified_gmt":"2022-10-11T19:14:41","slug":"hialuronski-gel-za-sproscanje-obraznih-misic","status":"publish","type":"product","link":"https:\/\/neguj.se\/trgovina\/izdelek\/hialuronski-gel-za-sproscanje-obraznih-misic\/","title":{"rendered":"Hialuronski gel za spro\u0161\u010danje obraznih mi\u0161ic"},"content":{"rendered":"<h2>HYA 4 Quattrox<\/h2>\n<div id=\"tab-0-2453\" class=\"tab-pane fade active in\">\n<div class=\"product-description\">\n<p><strong>OPIS<\/strong><\/p>\n<p>Raznovrstna kombinacija novih, botoksu podobnih signalnih peptidov. Dva botoksu podobna signalna peptida sta bila predstavljena \u017ee v kolekciji Deep Lift Q10, dve novi kozmeti\u010dno aktivni sestavini pa krepita in dopolnjujeta u\u010dinek prek dodatnega mehanizma. Formulacija vsebuje na\u0161e \u017ee omenjene \u0161tiri hialurone katerim smo dodali \u0161tiri nove, botoksu podobne signalne peptide. Skupaj torej: 4 + 4 u\u010dinkovine, zato ime Quattrox.<\/p>\n<p>To je \u010dist gel, ki je zasnovan predvsem za postopek radio frekven\u010dna terapija, igli\u010dne mezoterapije, ultrazvo\u010dna terapija. Seveda pa je primeren gel tudi pri drugih kozmeti\u010dnih postopkih.kozmeti\u010dnih postopkih.<\/p>\n<p><strong>SESTAVINE<\/strong><\/p>\n<p>AQUA, SODIUM HYALURONATE, PENTYLENEGLYCOL, 1,2-HEXANEDIOL, CAPRYLHYDROXAMIC ACID, GLYCERIN, BIOSACCHARIDE GUM-1, SODIUM LEVULINATE, GLYCERYL CAPRYLATE, SODIUM ANISATE<\/p>\n<p><strong>UPPORABA<\/strong><\/p>\n<p>Dvakrat dnevno, zjutraj in zve\u010der nanesite tanko plast na celoten predel obraza, vratu in dekolteja. Po\u010dakajte, da se vpije, nato nanesite ustrezno kremo LIA C 6\u00ae.<\/p>\n<\/div>\n<\/div>\n","protected":false},"excerpt":{"rendered":"<p>Visoko u\u010dinkovit hialuronski gel proti vsem vrstam gub.<\/p>\n<p>Vsebuje 4 razli\u010dne botoksu podobne kozmeti\u010dno aktivne sestavine proti gubam.<\/p>\n<p>Zelo majhna poraba kozmeti\u010dnega izdelka.<\/p>\n<p>Primeren za vse tipe ko\u017e.<\/p>\n","protected":false},"featured_media":1023,"comment_status":"open","ping_status":"closed","template":"","meta":[],"product_brand":[],"product_cat":[70,34],"product_tag":[136,137,135,119],"class_list":{"0":"post-1022","1":"product","2":"type-product","3":"status-publish","4":"has-post-thumbnail","6":"product_cat-dr-e-voss","7":"product_cat-negovalna-kozmetika","8":"product_tag-gel-proti-gubicam","9":"product_tag-gel-proti-vsem-vrstam-gub","10":"product_tag-gel-za-gubice","11":"product_tag-hialuronski-gel-proti-gubicam","13":"first","14":"instock","15":"taxable","16":"shipping-taxable","17":"purchasable","18":"product-type-variable"},"_links":{"self":[{"href":"https:\/\/neguj.se\/trgovina\/wp-json\/wp\/v2\/product\/1022"}],"collection":[{"href":"https:\/\/neguj.se\/trgovina\/wp-json\/wp\/v2\/product"}],"about":[{"href":"https:\/\/neguj.se\/trgovina\/wp-json\/wp\/v2\/types\/product"}],"replies":[{"embeddable":true,"href":"https:\/\/neguj.se\/trgovina\/wp-json\/wp\/v2\/comments?post=1022"}],"wp:featuredmedia":[{"embeddable":true,"href":"https:\/\/neguj.se\/trgovina\/wp-json\/wp\/v2\/media\/1023"}],"wp:attachment":[{"href":"https:\/\/neguj.se\/trgovina\/wp-json\/wp\/v2\/media?parent=1022"}],"wp:term":[{"taxonomy":"product_brand","embeddable":true,"href":"https:\/\/neguj.se\/trgovina\/wp-json\/wp\/v2\/product_brand?post=1022"},{"taxonomy":"product_cat","embeddable":true,"href":"https:\/\/neguj.se\/trgovina\/wp-json\/wp\/v2\/product_cat?post=1022"},{"taxonomy":"product_tag","embeddable":true,"href":"https:\/\/neguj.se\/trgovina\/wp-json\/wp\/v2\/product_tag?post=1022"}],"curies":[{"name":"wp","href":"https:\/\/api.w.org\/{rel}","templated":true}]}}