{"id":1018,"date":"2020-03-29T13:51:19","date_gmt":"2020-03-29T12:51:19","guid":{"rendered":"https:\/\/neguj.se\/trgovina\/?post_type=product&#038;p=1018"},"modified":"2024-09-04T19:51:52","modified_gmt":"2024-09-04T18:51:52","slug":"hialuronski-gel-za-vlazenje","status":"publish","type":"product","link":"https:\/\/neguj.se\/trgovina\/izdelek\/hialuronski-gel-za-vlazenje\/","title":{"rendered":"Hialuronski gel za intenzivno vla\u017eenje"},"content":{"rendered":"<div id=\"tab-0-2549\" class=\"tab-pane fade active in\">\n<div class=\"product-description\">\n<div>\n<h2>HYA 4 Pure<\/h2>\n<h3>Hialuronski gel za intenzivno vla\u017eenje<\/h3>\n<p>&nbsp;<\/p>\n<div><strong>OPIS:<\/strong><\/div>\n<div>\u010cisti 4-kratni biohialuronski gel, ki ne vsebuje nobenih dodanih kozmeti\u010dnih sestavin, zagotavlja dolgotrajno navla\u017eenost ko\u017ee.\u00a0 Zaradi 4 hialuronskih frakcij prodrejo kozmeti\u010dno aktivne sestavine <a href=\"https:\/\/neguj.se\/suha-koza\/\">globoko v ko\u017eo<\/a>, saj imajo izrazito nosilno funkcijo, \u0161e posebej kratkoveri\u017eni hialuroni.<\/div>\n<div><\/div>\n<div><strong>SESTAVINE:<\/strong><\/div>\n<div>AQUA,\u00a0SODIUM HYALURONATE, PENTYLENEGLYCOL, 1,2-HEXANEDIOL, CAPRYLHYDROXAMIC ACID, GLYCERIN, BIOSACCHARIDE GUM-1, SODIUM LEVULINATE, GLYCERYL CAPRYLATE, SODIUM ANISATE<\/div>\n<div><\/div>\n<div><strong>UPORABA:<\/strong><\/div>\n<\/div>\n<div>Intezivno <a href=\"https:\/\/www.drvoss.si\/si\/izdelki\/\" target=\"_blank\" rel=\"noopener\">dolgotrajno vla\u017eenje ko\u017ee<\/a>, tudi za mlaj\u0161e osebe od 20 let naprej. Za najbolj\u0161o u\u010dinkovitost je nujna so\u010dasna uporaba krem LIA C6. Najprej nanesite majhno koli\u010dino HYA gela, zatem \u0161e kremo LIA C6.<\/div>\n<div><\/div>\n<\/div>\n<\/div>\n","protected":false},"excerpt":{"rendered":"<p>Visoko u\u010dinkovit hialuronski gel za intenzivno vla\u017eenje deluje kot lovilec prostih radikalov in aktivira celi\u010dni metabolizem.<\/p>\n<p>Primeren za vse tipe ko\u017ee.<\/p>\n","protected":false},"featured_media":1019,"comment_status":"open","ping_status":"closed","template":"","meta":[],"product_brand":[],"product_cat":[70,34],"product_tag":[132,131,133,134],"class_list":{"0":"post-1018","1":"product","2":"type-product","3":"status-publish","4":"has-post-thumbnail","6":"product_cat-dr-e-voss","7":"product_cat-negovalna-kozmetika","8":"product_tag-gel-za-intenzivno-vlazenje","9":"product_tag-gel-za-vlazenje","10":"product_tag-hialuronsko-vlazenje","11":"product_tag-suha-koza","13":"first","14":"instock","15":"taxable","16":"shipping-taxable","17":"purchasable","18":"product-type-variable"},"_links":{"self":[{"href":"https:\/\/neguj.se\/trgovina\/wp-json\/wp\/v2\/product\/1018"}],"collection":[{"href":"https:\/\/neguj.se\/trgovina\/wp-json\/wp\/v2\/product"}],"about":[{"href":"https:\/\/neguj.se\/trgovina\/wp-json\/wp\/v2\/types\/product"}],"replies":[{"embeddable":true,"href":"https:\/\/neguj.se\/trgovina\/wp-json\/wp\/v2\/comments?post=1018"}],"wp:featuredmedia":[{"embeddable":true,"href":"https:\/\/neguj.se\/trgovina\/wp-json\/wp\/v2\/media\/1019"}],"wp:attachment":[{"href":"https:\/\/neguj.se\/trgovina\/wp-json\/wp\/v2\/media?parent=1018"}],"wp:term":[{"taxonomy":"product_brand","embeddable":true,"href":"https:\/\/neguj.se\/trgovina\/wp-json\/wp\/v2\/product_brand?post=1018"},{"taxonomy":"product_cat","embeddable":true,"href":"https:\/\/neguj.se\/trgovina\/wp-json\/wp\/v2\/product_cat?post=1018"},{"taxonomy":"product_tag","embeddable":true,"href":"https:\/\/neguj.se\/trgovina\/wp-json\/wp\/v2\/product_tag?post=1018"}],"curies":[{"name":"wp","href":"https:\/\/api.w.org\/{rel}","templated":true}]}}