{"id":1004,"date":"2020-03-30T18:42:46","date_gmt":"2020-03-30T17:42:46","guid":{"rendered":"https:\/\/neguj.se\/trgovina\/?post_type=product&#038;p=1004"},"modified":"2022-09-03T16:10:03","modified_gmt":"2022-09-03T15:10:03","slug":"gel-proti-kapilaram","status":"publish","type":"product","link":"https:\/\/neguj.se\/trgovina\/izdelek\/gel-proti-kapilaram\/","title":{"rendered":"Gel proti kapilaram"},"content":{"rendered":"<div id=\"tab-0-2459\" class=\"tab-pane fade active in\">\n<div class=\"product-description\">\n<h2>Dr. E. Voss HYA 4 Capimed<\/h2>\n<h3>GEL PROTI KAPILARAM<\/h3>\n<p><strong>OPIS<\/strong><\/p>\n<p>Cilj nege z HYA 4 Capimed je zmanj\u0161evanje videza raz\u0161irjenih kapilar, krepitev krhkih sten kapilar in zmanj\u0161evanje rde\u010dice. Ekstrakt lovorja (Tambourissa T. z Madagaskarja) vsebuje 2 derivata rutina, njun u\u010dinek je preizku\u0161en na rozacei in kuperozi. Protivnetni u\u010dinek zagotavlja tudi kozmeti\u010dno aktivna sestavina madecassoside.<\/p>\n<p><strong>SESTAVINE<\/strong><\/p>\n<p>AQUA, GLYCERIN, SODIUM HYALURONATE, PENTYLENE GLYCOL, PROPANEDIOL, TROXERUTIN, 4-T-BUTYLCYCLO HEXAN OL, 1,2-HEXANEDIOL, TAMBOURISSA TRICHOPHYLLA LEAF EXTRACT, CENTELLA ASIATICA LEAF EXTRACT,CAPRYLHYDROXAMIC ACID, XANTHAN GUM<\/p>\n<p><strong>UPORABA<\/strong><\/p>\n<p>Tanek sloj rumenorjavega gela 2- do 3-krat dnevno vsaj 8 tednov nana\u0161ajte na prizadete dele ko\u017ee. Kozmeti\u010dni izdelek naj ne pride v stik z obla\u010dili, saj obstaja mo\u017enost obarvanja.<\/p>\n<p>HYA 4 Capimed &#8211; <strong>gel proti kapilaram<\/strong> je primeren za vse tipe ko\u017ee.<\/p>\n<\/div>\n<\/div>\n","protected":false},"excerpt":{"rendered":"<p>Hialuronski gel, ki krepi stene krhkih, raz\u0161irjenih kapilar.<\/p>\n<p>Brez barvil, di\u0161av in konzervansov.<\/p>\n","protected":false},"featured_media":1005,"comment_status":"open","ping_status":"closed","template":"","meta":[],"product_brand":[],"product_cat":[70,34],"product_tag":[117,116],"class_list":{"0":"post-1004","1":"product","2":"type-product","3":"status-publish","4":"has-post-thumbnail","6":"product_cat-dr-e-voss","7":"product_cat-negovalna-kozmetika","8":"product_tag-gel-proti-kapilaram","9":"product_tag-kapilare","11":"first","12":"instock","13":"taxable","14":"shipping-taxable","15":"purchasable","16":"product-type-variable"},"_links":{"self":[{"href":"https:\/\/neguj.se\/trgovina\/wp-json\/wp\/v2\/product\/1004"}],"collection":[{"href":"https:\/\/neguj.se\/trgovina\/wp-json\/wp\/v2\/product"}],"about":[{"href":"https:\/\/neguj.se\/trgovina\/wp-json\/wp\/v2\/types\/product"}],"replies":[{"embeddable":true,"href":"https:\/\/neguj.se\/trgovina\/wp-json\/wp\/v2\/comments?post=1004"}],"wp:featuredmedia":[{"embeddable":true,"href":"https:\/\/neguj.se\/trgovina\/wp-json\/wp\/v2\/media\/1005"}],"wp:attachment":[{"href":"https:\/\/neguj.se\/trgovina\/wp-json\/wp\/v2\/media?parent=1004"}],"wp:term":[{"taxonomy":"product_brand","embeddable":true,"href":"https:\/\/neguj.se\/trgovina\/wp-json\/wp\/v2\/product_brand?post=1004"},{"taxonomy":"product_cat","embeddable":true,"href":"https:\/\/neguj.se\/trgovina\/wp-json\/wp\/v2\/product_cat?post=1004"},{"taxonomy":"product_tag","embeddable":true,"href":"https:\/\/neguj.se\/trgovina\/wp-json\/wp\/v2\/product_tag?post=1004"}],"curies":[{"name":"wp","href":"https:\/\/api.w.org\/{rel}","templated":true}]}}