{"id":973,"date":"2020-02-01T19:19:30","date_gmt":"2020-02-01T18:19:30","guid":{"rendered":"https:\/\/neguj.se\/trgovina\/?page_id=973"},"modified":"2022-10-11T20:00:06","modified_gmt":"2022-10-11T19:00:06","slug":"politika-zasebnosti","status":"publish","type":"page","link":"https:\/\/neguj.se\/trgovina\/politika-zasebnosti\/","title":{"rendered":"Politika zasebnosti"},"content":{"rendered":"<p><\/p><\/p>\n<h1 class=\"wp-block-heading\">Politika zasebnosti<\/h1>\n<p><p><\/p>\n<p><\/p><\/p>\n<p>V spletni trgovini neguj.se\/trgovina, s katero upravlja podjetje Omega 3 d.o.o., mati\u010dna \u0161t.: 8892059000, Trnjava 49, 1225 Lukovica, obravnavam varstvo va\u0161ih osebnih podatkov resno in odgovorno.<\/p>\n<p><p><\/p>\n<p><\/p><\/p>\n<p>Z osebnimi podatki, ki mi jih zaupate, ravnam skladno s Splo\u0161no uredbo o varstvu podatkov (GDPR), Zakonom o varstvu osebnih podatkov ter drugimi veljavnimi predpisi s podro\u010dja varstva osebnih podatkov. Za mene kot upravljavca je pomembno, da razumete, kaj po\u010dnem z va\u0161imi osebnimi podatki in kako skrbim za njihovo varnost, zato priporo\u010dam, da se seznanite z vsebino tega dokumenta.<\/p>\n<p><p><\/p>\n<p><\/p><\/p>\n<p>\u010ce boste imeli v zvezi z obdelavo va\u0161ih osebnih podatkov kakr\u0161nakoli vpra\u0161anje ali zahteve, mi le te po\u0161ljite na <a href=\"mailto:info@shoopshop.si\">danijela@neguj.se.<\/a><\/p>\n<p><p><\/p>\n<p><\/p><\/p>\n<h2 class=\"wp-block-heading\">Katere va\u0161e osebne podatke obdelujem in za kak\u0161en namen?<\/h2>\n<p><p><\/p>\n<p><\/p><\/p>\n<p>Z namenom, da vam posredujem obvestila in novice o novih izdelkih, storitvah, akcijah in drugih novostih, obdelujem va\u0161 elektronski naslov.<br \/>V nakupnem procesu v moji spletni trgovini obdelujem tudi va\u0161e uporabni\u0161ko ime in geslo,\u00a0ime in priimek, elektronski naslov, va\u0161 naslov ali naslov podjetja, v imenu katerega kupujete in druge nastavitve.<\/p>\n<p><p><\/p>\n<p><\/p><\/p>\n<p>Sledim temu, katere izdelke si ogledujete v moji spletni trgovini, preko katere naprave dostopate ter katere izmed mojih ponudb, posredovanih preko e-po\u0161te bi vas zanimale. Na podlagi tega obdelujem dodatne podatke, da bi vam lahko posredovala ponudbe po va\u0161ih \u017eeljah ter da bi lahko v prihodnje mojo spletno trgovino in uporabni\u0161ko izku\u0161njo \u0161e izbolj\u0161ala.<\/p>\n<p><p><\/p>\n<p><\/p><\/p>\n<p><strong>Obdelujem naslednje osebne podatke:<\/strong><\/p>\n<p><p><\/p>\n<p><\/p><\/p>\n<ul class=\"wp-block-list\">\n<li>identifikacijski podatki, ki obsegajo ime in priimek, uporabni\u0161ko ime in geslo ter ID za DDV, \u010de ste pravna oseba;<\/li>\n<li>kontaktni podatki, ki obsegajo osebne podatke, s pomo\u010djo katerih lahko stopimo v stik z vami, predvsem e-naslov, telefonsko \u0161tevilko, naslov za dostavo, naslov za ra\u010dun in va\u0161 profil na dru\u017ebenih omre\u017ejih;<\/li>\n<li>va\u0161e nastavitve, ki obsegajo podatke o va\u0161em uporabni\u0161kem ra\u010dunu, predvsem shranjene naslove za dostavo, profile, naro\u010dila na novice, \u010dlanstva v programih zvestobe, nakupovalne sezname, iskane izdelke ter va\u0161e ocene in komentarje o izdelkih in storitvah;<\/li>\n<li>podatke o va\u0161ih naro\u010dilih, ki obsegajo predvsem podatke o naro\u010denih izdelkih in na\u010dinu pla\u010dila, vklju\u010dno s \u0161tevilko ban\u010dnega ra\u010duna, ter podatke o reklamacijah;<\/li>\n<li>podatke o va\u0161ih spletnih navadah, povezavah, na katere klikate, na\u010dinu iskanja in pomikanja po na\u0161i spletni strani in podatke o napravah, s katerih dostopate do spleta, kot so IP naslov in z njim povezana lokacija, ID naprave, njeni tehni\u010dni parametri, kot je operacijski sistem, razli\u010dica, lo\u010dljivost zaslona, izbrani brskalnik in razli\u010dica le-tega ter podatke, pridobljene iz pi\u0161kotkov in podobnih tehnologij za prepoznavanje naprav;<\/li>\n<li>podatke o va\u0161em vedenju v povezavi z branjem sporo\u010dil, ki vam jih po\u0161iljam, predvsem \u010das, potreben za odprtje sporo\u010dila in podatke o napravah, s katerih dostopate do spleta, kot so IP naslov in z njim povezana lokacija, ID naprave, njeni tehni\u010dni parametri, kot je operacijski sistem, razli\u010dica, lo\u010dljivost zaslona, izbrani brskalnik in razli\u010dica le-tega;<\/li>\n<li>izpeljane podatke, med katere sodijo osebni podatki, pridobljeni iz va\u0161ih nastavitev, podatki o izdelkih, ki jih pri nas kupite, podatki o va\u0161ih spletnih navadah in vedenju v povezavi z branjem sporo\u010dil, ki vam jih po\u0161iljam; gre predvsem za podatke o spolu, starosti, finan\u010dnih razmerah, potro\u0161ni\u0161kih navadah in odnosu do razli\u010dnih izdelkov in storitev.<\/li>\n<\/ul>\n<p><p><\/p>\n<p><\/p><\/p>\n<h2 class=\"wp-block-heading\">Na kateri pravni podlagi obdelujemo va\u0161e osebne podatke?<\/h2>\n<p><p><\/p>\n<p><\/p><\/p>\n<p>Va\u0161e osebne podatke obdelujemo <strong>na podlagi va\u0161e izrecne privolitve<\/strong>.<\/p>\n<p><p><\/p>\n<p><\/p><\/p>\n<h2 class=\"wp-block-heading\">Kako dolgo hranimo va\u0161e osebne podatke?<\/h2>\n<p><p><\/p>\n<p><\/p><\/p>\n<p>Va\u0161e osebne podatke bomo hranili, dokler ne prekli\u010dete svojega soglasja, vendar najdlje pet let po preteku koledarskega leta, v katerem ste podali svoje soglasje.<\/p>\n<p><p><\/p>\n<p><\/p><\/p>\n<h2 class=\"wp-block-heading\">Ali bomo va\u0161e osebne podatke razkrili tretjim osebam ali jih prenesli izven EU?<\/h2>\n<p><p><\/p>\n<p><\/p><\/p>\n<p>Va\u0161ih osebnih podatkov <strong>ne bom razkrila tretjim osebam<\/strong>. Za potrebe po\u0161iljanja novic sodelujem s pogodbenim partnerjem v Litvi, ki zame izvaja storitev masovnega obve\u0161\u010danja. Pogodbeni partner je certificiran v okviru \u0161\u010dita zasebnosti (Privacy Shield), kar ga zavezuje, da zagotavlja ustrezne za\u0161\u010ditne ukrepe za varstvo va\u0161ih osebnih podatkov.<\/p>\n<p><p><\/p>\n<p><\/p><\/p>\n<h2 class=\"wp-block-heading\">Kak\u0161ne so va\u0161e pravice glede obdelave osebnih podatkov?<\/h2>\n<p><p><\/p>\n<p><\/p><\/p>\n<p>Kadarkoli lahko zahtevate dostop do svojih osebnih podatkov, njihov popravek ali izbris, zahtevate omejitev obdelave ali ugovarjate obdelavi. Imate tudi pravico do prenosljivosti va\u0161ih osebnih podatkov. Zahtevo glede uresni\u010devanja va\u0161ih pravic glede obdelave osebnih podatkov mi lahko po\u0161ljete na <a href=\"mailto:danijela@neguj.se\">danijela@neguj.se<\/a>.<\/p>\n<p><p><\/p>\n<p><\/p><\/p>\n<p>Svojo privolitev v obdelavo osebnih podatkov za po\u0161iljanje obvestil in novic lahko kadarkoli prekli\u010dete, pri \u010demer preklic privolitve ne vpliva na zakonitost obdelave osebnih podatkov na podlagi te privolitve za obdobje pred preklicem. Pod pogoji, ki jih dolo\u010da veljavna zakonodaja, vas bom obvestila v primeru kr\u0161itve varstva osebnih podatkov. Va\u0161e zahteve bom izvr\u0161ila brez nepotrebnega odla\u0161anja in v vsakem primeru v enem mesecu po prejemu zahteve, razen \u010de veljavni predpisi ne dolo\u010dajo druga\u010de.<\/p>\n<p><p><\/p>\n<p><\/p><\/p>\n<p>Ob upo\u0161tevanju kompleksnosti in \u0161tevila zahtev se lahko ta rok podalj\u0161a za najve\u010d dva meseca. O vsakem tak\u0161nem podalj\u0161anju vas bom obvestila v enem mesecu po prejemu zahteve skupaj z razlogi za zamudo.<\/p>\n<p><p><\/p>\n<p><\/p><\/p>\n<p>\u010ce menite, da va\u0161ih osebnih podatkov ne obdelujem v skladu z veljavno zakonodajo, lahko pri Informacijskem poobla\u0161\u010dencu vlo\u017eite prito\u017ebo na elektronski naslov <a href=\"mailto:gp.ip@ip-rs.si\">gp.ip@ip-rs.si<\/a> ali po navadni po\u0161ti na naslov Zalo\u0161ka cesta 59, 1000 Ljubljana.<\/p>\n<p><p><\/p>","protected":false},"excerpt":{"rendered":"<p>Politika zasebnosti V spletni trgovini neguj.se\/trgovina, s katero upravlja podjetje Omega 3 d.o.o., mati\u010dna \u0161t.: 8892059000, Trnjava 49, 1225 Lukovica,&#8230;<\/p>\n","protected":false},"author":2,"featured_media":0,"parent":0,"menu_order":0,"comment_status":"closed","ping_status":"closed","template":"elementor_canvas","meta":{"footnotes":""},"class_list":["post-973","page","type-page","status-publish","hentry"],"_links":{"self":[{"href":"https:\/\/neguj.se\/trgovina\/wp-json\/wp\/v2\/pages\/973"}],"collection":[{"href":"https:\/\/neguj.se\/trgovina\/wp-json\/wp\/v2\/pages"}],"about":[{"href":"https:\/\/neguj.se\/trgovina\/wp-json\/wp\/v2\/types\/page"}],"author":[{"embeddable":true,"href":"https:\/\/neguj.se\/trgovina\/wp-json\/wp\/v2\/users\/2"}],"replies":[{"embeddable":true,"href":"https:\/\/neguj.se\/trgovina\/wp-json\/wp\/v2\/comments?post=973"}],"version-history":[{"count":8,"href":"https:\/\/neguj.se\/trgovina\/wp-json\/wp\/v2\/pages\/973\/revisions"}],"predecessor-version":[{"id":1867,"href":"https:\/\/neguj.se\/trgovina\/wp-json\/wp\/v2\/pages\/973\/revisions\/1867"}],"wp:attachment":[{"href":"https:\/\/neguj.se\/trgovina\/wp-json\/wp\/v2\/media?parent=973"}],"curies":[{"name":"wp","href":"https:\/\/api.w.org\/{rel}","templated":true}]}}