{"id":1043,"date":"2020-02-01T16:45:29","date_gmt":"2020-02-01T15:45:29","guid":{"rendered":"https:\/\/neguj.se\/trgovina\/?page_id=1043"},"modified":"2021-11-22T19:32:34","modified_gmt":"2021-11-22T18:32:34","slug":"pomoc-pri-nakupu","status":"publish","type":"page","link":"https:\/\/neguj.se\/trgovina\/pomoc-pri-nakupu\/","title":{"rendered":"Pomo\u010d pri nakupu"},"content":{"rendered":"\t\t<div data-elementor-type=\"wp-page\" data-elementor-id=\"1043\" class=\"elementor elementor-1043\">\n\t\t\t\t<section class=\"elementor-section elementor-top-section elementor-element elementor-element-694fdab7 elementor-section-boxed elementor-section-height-default elementor-section-height-default\" data-id=\"694fdab7\" data-element_type=\"section\">\n\t\t\t\t\t\t<div class=\"elementor-container elementor-column-gap-default\">\n\t\t\t\t\t<div class=\"elementor-column elementor-col-100 elementor-top-column elementor-element elementor-element-b568850\" data-id=\"b568850\" data-element_type=\"column\">\n\t\t\t<div class=\"elementor-widget-wrap elementor-element-populated\">\n\t\t\t\t\t\t<div class=\"elementor-element elementor-element-2313d24 elementor-widget elementor-widget-text-editor\" data-id=\"2313d24\" data-element_type=\"widget\" data-widget_type=\"text-editor.default\">\n\t\t\t\t<div class=\"elementor-widget-container\">\n\t\t\t\t\t\t\t\t\t<p><\/p>\n<h2 class=\"wp-block-heading\">REGISTRACIJA<\/h2>\n<p><\/p>\n<p><\/p>\n<p>Registracija v spletni trgovini neguj.se\/trgovina je mo\u017ena, vendar za nakup izdelkov ni obvezna.<\/p>\n<p><\/p>\n<p><\/p>\n<p>Registrirate se lahko v postopku nakupa.<\/p>\n<p><\/p>\n<p><\/p>\n<p>Kot obiskovalec spletne trgovine dodate \u017eeljen izdelek v ko\u0161arico. Nato v procesu nakupa, ob vna\u0161anju naslova za ra\u010dun (korak 1 od 3), izberete in obkljukate \u201cUstvari uporabni\u0161ki ra\u010dun\u201d. Registracija je neobvezna in ni pogojena za nakup izdelkov. Ponudi se vam mo\u017enost vnosa gesla, ki ga poljubno izberete in vpi\u0161ete. Geslo mora vsebovati vsaj 7 znakov. Za mo\u010dnej\u0161a gesla uporabite kombinacijo velikih in malih \u010drk ter \u0161tevilk ter simbolov: ! \u201d ? $ % ^ &amp; ). Nato zaklju\u010dite proces nakupa.<\/p>\n<p><\/p>\n<p><\/p>\n<p>\u017delim vam prijeten nakup.<\/p>\n<p><\/p>\n<p><\/p>\n<h2 class=\"wp-block-heading\">KO\u0160ARICA<\/h2>\n<p><\/p>\n<p><\/p>\n<p>Ko dodate izdelek v ko\u0161arico, vas stran avtomati\u010dno pelje v va\u0161o ko\u0161arico. Od tam imate mo\u017enost nadaljevati z nakupom v trgovini ali nadaljevati na blagajno in zaklju\u010diti naro\u010dilo.<br>V ko\u0161arici se vam izpi\u0161ejo izdelki, ki ste jih dodali v ko\u0161arico, koli\u010dina in njihova cena. Izdelke lahko iz ko\u0161arice poljubno odstranjujete ali jih vanjo dodajate. Izberite poljubno koli\u010dino izdelkov.<\/p>\n<p><\/p>\n<p><\/p>\n<h2 class=\"wp-block-heading\">POTRDITEV NAKUPA<\/h2>\n<p><\/p>\n<p><\/p>\n<p>Za zaklju\u010dek nakupa se \u0161teje oddaja naro\u010dila s potrditvijo gumba \u201cODDAJ NARO\u010cILO\u201d. Po potrditvi naro\u010dila vas stran vodi k pregledu va\u0161ega nakupa. Podrobnosti naro\u010dila si skrbno shranite ali natisnite. V primeru vpra\u0161anj nas kontaktirajte na danijela@neguj.se.<\/p>\n<p><\/p>\n<p><\/p>\n<h2 class=\"wp-block-heading\">DOSTAVA<\/h2>\n<p><\/p>\n<p><\/p>\n<p>V Sloveniji za dostavo na dom skrbi Po\u0161ta Slovenije. Po\u0161iljka je dostavljena v 3 delovnih dneh oziroma je natan\u010dnej\u0161e razdeljeno v splo\u0161nih pogojih.<\/p>\n<p><\/p>\n<p><\/p>\n<p>Stro\u0161ek dostave na obmo\u010dju republike Slovenije je 4,00 \u20ac. Za naro\u010dila vi\u0161ja od 70 \u20ac so stro\u0161ki po\u0161iljanja BREZPLA\u010cNI. Stro\u0161ek dostave se bo izpisal ob zaklju\u010dku va\u0161ega naro\u010dila ter bo zaveden na ra\u010dunu, ki ga boste prejeli skupaj z naro\u010denimi izdelki.<\/p>\n<p><\/p>\t\t\t\t\t\t\t\t<\/div>\n\t\t\t\t<\/div>\n\t\t\t\t\t<\/div>\n\t\t<\/div>\n\t\t\t\t\t<\/div>\n\t\t<\/section>\t\t<\/div>\n\t\t","protected":false},"excerpt":{"rendered":"<p>REGISTRACIJA Registracija v spletni trgovini neguj.se\/trgovina je mo\u017ena, vendar za nakup izdelkov ni obvezna. Registrirate se lahko v postopku nakupa&#8230;.<\/p>\n","protected":false},"author":2,"featured_media":0,"parent":0,"menu_order":0,"comment_status":"closed","ping_status":"closed","template":"","meta":{"footnotes":""},"class_list":["post-1043","page","type-page","status-publish","hentry"],"_links":{"self":[{"href":"https:\/\/neguj.se\/trgovina\/wp-json\/wp\/v2\/pages\/1043"}],"collection":[{"href":"https:\/\/neguj.se\/trgovina\/wp-json\/wp\/v2\/pages"}],"about":[{"href":"https:\/\/neguj.se\/trgovina\/wp-json\/wp\/v2\/types\/page"}],"author":[{"embeddable":true,"href":"https:\/\/neguj.se\/trgovina\/wp-json\/wp\/v2\/users\/2"}],"replies":[{"embeddable":true,"href":"https:\/\/neguj.se\/trgovina\/wp-json\/wp\/v2\/comments?post=1043"}],"version-history":[{"count":5,"href":"https:\/\/neguj.se\/trgovina\/wp-json\/wp\/v2\/pages\/1043\/revisions"}],"predecessor-version":[{"id":1956,"href":"https:\/\/neguj.se\/trgovina\/wp-json\/wp\/v2\/pages\/1043\/revisions\/1956"}],"wp:attachment":[{"href":"https:\/\/neguj.se\/trgovina\/wp-json\/wp\/v2\/media?parent=1043"}],"curies":[{"name":"wp","href":"https:\/\/api.w.org\/{rel}","templated":true}]}}